{"id":786083,"date":"2026-04-29T13:10:21","date_gmt":"2026-04-29T10:10:21","guid":{"rendered":"https:\/\/roveyayinevi.com.tr\/?post_type=product&#038;p=786083"},"modified":"2026-04-29T13:13:00","modified_gmt":"2026-04-29T10:13:00","slug":"mekansal-anlatilar-bellek-tarih-ve-kulturel-miras","status":"publish","type":"product","link":"https:\/\/roveyayinevi.com.tr\/index.php\/urun\/mekansal-anlatilar-bellek-tarih-ve-kulturel-miras\/","title":{"rendered":"Mek\u00e2nsal Anlat\u0131lar: Bellek, Tarih ve K\u00fclt\u00fcrel Miras"},"content":{"rendered":"<p class=\"p1\">\u00c7ok eski zamanlarda bir taraf\u0131 denizlerle, bir taraf\u0131 surlarla,<\/p>\n<p class=\"p2\">bir taraf\u0131 da b\u00fcy\u00fck s\u00fctunlarla ve limanla \u00e7evrili olduk\u00e7a b\u00fcy\u00fck ve<\/p>\n<p class=\"p2\"><span class=\"s1\">g\u00f6steri\u015fli bir \u015fehir varm\u0131\u015f. Tanr\u0131lar\u0131n arma\u011fan\u0131 oldu\u011funu herkes<\/span><\/p>\n<p class=\"p2\"><span class=\"s1\">bilirmi\u015f. Bu \u015fehri y\u00f6neten Kral Priamos ve g\u00fczeller g\u00fczeli Krali\u00e7e<\/span><\/p>\n<p class=\"p1\"><span class=\"s2\">Hekabe \u015fehrin tam merkezindeki b\u00fcy\u00fck saraylar\u0131nda ya\u015farm\u0131\u015f.<\/span><\/p>\n<p class=\"p1\">Kral\u0131n g\u00fcc\u00fc, kocaman bir \u015fehri, pek \u00e7ok da evlad\u0131 varm\u0131\u015f. Hani<\/p>\n<p class=\"p2\"><span class=\"s1\">o hi\u00e7bir \u015feyi eksik olmayanlar var ya, onlardanm\u0131\u015f. Bu kadar \u00e7ok<\/span><\/p>\n<p class=\"p2\"><span class=\"s1\">\u015feye sahipseniz asl\u0131nda yolunda gitmeyen bir \u015feyler var demektir,<\/span><\/p>\n<p class=\"p1\"><span dir=\"auto\" style=\"vertical-align: inherit;\"><span dir=\"auto\" style=\"vertical-align: inherit;\">Biliyorsun.<\/span><\/span><\/p>\n","protected":false},"excerpt":{"rendered":"<p>\u00c7ok eski zamanlarda bir taraf\u0131 denizlerle, bir taraf\u0131 surlarla, bir taraf\u0131 da b\u00fcy\u00fck s\u00fctunlarla ve limanla \u00e7evrili olduk\u00e7a b\u00fcy\u00fck ve g\u00f6steri\u015fli bir \u015fehir varm\u0131\u015f. Tanr\u0131lar\u0131n arma\u011fan\u0131<span class=\"excerpt-hellip\"> [\u2026]<\/span><\/p>\n","protected":false},"featured_media":786084,"template":"","meta":{"_monsterinsights_skip_tracking":false,"_monsterinsights_sitenote_active":false,"_monsterinsights_sitenote_note":"","_monsterinsights_sitenote_category":0},"product_brand":[],"product_cat":[60199,133334,141304],"product_tag":[],"class_list":{"0":"post-786083","1":"product","2":"type-product","3":"status-publish","4":"has-post-thumbnail","6":"product_cat-diger-bilgisayar","7":"product_cat-genel","8":"product_cat-yeni-cikanlar","10":"first","11":"instock","12":"sale","13":"shipping-taxable","14":"purchasable","15":"product-type-simple"},"_links":{"self":[{"href":"https:\/\/roveyayinevi.com.tr\/index.php\/wp-json\/wp\/v2\/product\/786083","targetHints":{"allow":["GET"]}}],"collection":[{"href":"https:\/\/roveyayinevi.com.tr\/index.php\/wp-json\/wp\/v2\/product"}],"about":[{"href":"https:\/\/roveyayinevi.com.tr\/index.php\/wp-json\/wp\/v2\/types\/product"}],"wp:featuredmedia":[{"embeddable":true,"href":"https:\/\/roveyayinevi.com.tr\/index.php\/wp-json\/wp\/v2\/media\/786084"}],"wp:attachment":[{"href":"https:\/\/roveyayinevi.com.tr\/index.php\/wp-json\/wp\/v2\/media?parent=786083"}],"wp:term":[{"taxonomy":"product_brand","embeddable":true,"href":"https:\/\/roveyayinevi.com.tr\/index.php\/wp-json\/wp\/v2\/product_brand?post=786083"},{"taxonomy":"product_cat","embeddable":true,"href":"https:\/\/roveyayinevi.com.tr\/index.php\/wp-json\/wp\/v2\/product_cat?post=786083"},{"taxonomy":"product_tag","embeddable":true,"href":"https:\/\/roveyayinevi.com.tr\/index.php\/wp-json\/wp\/v2\/product_tag?post=786083"}],"curies":[{"name":"wp","href":"https:\/\/api.w.org\/{rel}","templated":true}]}}