{"id":786079,"date":"2026-04-28T17:52:41","date_gmt":"2026-04-28T14:52:41","guid":{"rendered":"https:\/\/roveyayinevi.com.tr\/?post_type=product&#038;p=786079"},"modified":"2026-04-28T17:53:55","modified_gmt":"2026-04-28T14:53:55","slug":"secilmislerin-savasi-abd-israil-iran","status":"publish","type":"product","link":"https:\/\/roveyayinevi.com.tr\/index.php\/urun\/secilmislerin-savasi-abd-israil-iran\/","title":{"rendered":"SE\u00c7\u0130LM\u0130\u015eLER\u0130N SAVA\u015eI: ABD \u2013 \u0130SRA\u0130L \u2013 \u0130RAN"},"content":{"rendered":"<div id=\"model-response-message-contentr_a85da7450841524b\" class=\"markdown markdown-main-panel enable-updated-hr-color\" dir=\"ltr\" aria-live=\"polite\" aria-busy=\"false\">\n<blockquote data-path-to-node=\"1\">\n<p data-path-to-node=\"1,0\">Ortaya \u00e7\u0131kan s\u0131ra d\u0131\u015f\u0131 hadiselerin sebeplerini anlamaya \u00e7al\u0131\u015fmayanlar, t\u0131pk\u0131 kendi iradesinde olmaks\u0131z\u0131n r\u00fcya g\u00f6renlerin yapt\u0131\u011f\u0131 gibi, ba\u015fkalar\u0131n\u0131n haz\u0131rlad\u0131\u011f\u0131 manzaray\u0131 ve g\u00f6r\u00fcnt\u00fcy\u00fc seyredince ancak yorarlar, yorum yaparlar. Yormak, yorumlamak ya kendine do\u011fru \u00e7ekmek ya da kendinden uza\u011fa itmek suretiyle yap\u0131l\u0131r ve oldu\u011fu h\u00e2li tasvir etmeyip oldu\u011fu h\u00e2lden ba\u015fkaca g\u00f6r\u00fcp g\u00f6stermektir. Yormak, yorumlamak bir temenni vesilesidir. Temenni etmek ise bilmemektir ve temenni bilgi de\u011fildir. Temenniyle anlatmak olmaz. Anlatmak bilmekle ve bilgiyle olur.<\/p>\n<\/blockquote>\n<\/div>\n","protected":false},"excerpt":{"rendered":"<div id=\"model-response-message-contentr_a85da7450841524b\" class=\"markdown markdown-main-panel enable-updated-hr-color\" dir=\"ltr\" aria-live=\"polite\" aria-busy=\"false\">\n<blockquote data-path-to-node=\"1\">\n<p data-path-to-node=\"1,0\">Ortaya \u00e7\u0131kan s\u0131ra d\u0131\u015f\u0131 hadiselerin sebeplerini anlamaya \u00e7al\u0131\u015fmayanlar, t\u0131pk\u0131 kendi iradesinde olmaks\u0131z\u0131n r\u00fcya g\u00f6renlerin yapt\u0131\u011f\u0131 gibi, ba\u015fkalar\u0131n\u0131n haz\u0131rlad\u0131\u011f\u0131 manzaray\u0131 ve g\u00f6r\u00fcnt\u00fcy\u00fc seyredince ancak yorarlar, yorum yaparlar. Yormak, yorumlamak ya kendine do\u011fru \u00e7ekmek ya da kendinden uza\u011fa itmek suretiyle yap\u0131l\u0131r ve oldu\u011fu h\u00e2li tasvir etmeyip oldu\u011fu h\u00e2lden ba\u015fkaca g\u00f6r\u00fcp g\u00f6stermektir. Yormak, yorumlamak bir temenni vesilesidir. Temenni etmek ise bilmemektir ve temenni bilgi de\u011fildir. Temenniyle anlatmak olmaz. Anlatmak bilmekle ve bilgiyle olur.<\/p>\n<\/blockquote>\n<\/div>\n","protected":false},"featured_media":786080,"template":"","meta":{"_monsterinsights_skip_tracking":false,"_monsterinsights_sitenote_active":false,"_monsterinsights_sitenote_note":"","_monsterinsights_sitenote_category":0},"product_brand":[],"product_cat":[133334],"product_tag":[],"class_list":{"0":"post-786079","1":"product","2":"type-product","3":"status-publish","4":"has-post-thumbnail","6":"product_cat-genel","7":"pa_baski-boyutu-1350-x-2100-cm","8":"pa_baski-sayisi-1-baski","9":"pa_baski-tarihi-mart-2026","10":"pa_cilt-ciltsiz","11":"pa_kagit-cinsi-1-hamur","12":"pa_sayfa-sayisi-13485","13":"pa_stok-kodu-144855","14":"pa_tur-kitap","15":"pa_yayin-dili-turkce","16":"pa_yayinevi-rove-yayinevi","17":"pa_yazar-muhammet-savas-kafkasyali","19":"first","20":"instock","21":"sale","22":"shipping-taxable","23":"purchasable","24":"product-type-simple"},"_links":{"self":[{"href":"https:\/\/roveyayinevi.com.tr\/index.php\/wp-json\/wp\/v2\/product\/786079","targetHints":{"allow":["GET"]}}],"collection":[{"href":"https:\/\/roveyayinevi.com.tr\/index.php\/wp-json\/wp\/v2\/product"}],"about":[{"href":"https:\/\/roveyayinevi.com.tr\/index.php\/wp-json\/wp\/v2\/types\/product"}],"wp:featuredmedia":[{"embeddable":true,"href":"https:\/\/roveyayinevi.com.tr\/index.php\/wp-json\/wp\/v2\/media\/786080"}],"wp:attachment":[{"href":"https:\/\/roveyayinevi.com.tr\/index.php\/wp-json\/wp\/v2\/media?parent=786079"}],"wp:term":[{"taxonomy":"product_brand","embeddable":true,"href":"https:\/\/roveyayinevi.com.tr\/index.php\/wp-json\/wp\/v2\/product_brand?post=786079"},{"taxonomy":"product_cat","embeddable":true,"href":"https:\/\/roveyayinevi.com.tr\/index.php\/wp-json\/wp\/v2\/product_cat?post=786079"},{"taxonomy":"product_tag","embeddable":true,"href":"https:\/\/roveyayinevi.com.tr\/index.php\/wp-json\/wp\/v2\/product_tag?post=786079"}],"curies":[{"name":"wp","href":"https:\/\/api.w.org\/{rel}","templated":true}]}}