{"id":786073,"date":"2026-04-16T02:35:45","date_gmt":"2026-04-15T23:35:45","guid":{"rendered":"https:\/\/roveyayinevi.com.tr\/index.php\/urun\/hey-vapurlar-trenler\/"},"modified":"2026-04-16T02:35:45","modified_gmt":"2026-04-15T23:35:45","slug":"hey-vapurlar-trenler","status":"publish","type":"product","link":"https:\/\/roveyayinevi.com.tr\/index.php\/urun\/hey-vapurlar-trenler\/","title":{"rendered":"Hey Vapurlar Trenler"},"content":{"rendered":"<p>T\u00fcrk edebiyat\u0131n\u0131n en g\u00fc\u00e7l\u00fc kalemlerinden Oktay Akbal\u2019\u0131n b\u00fct\u00fcn \u00f6yk\u00fcleri&#8230;    Hey Vapurlar Trenler ad\u0131n\u0131 verdi\u011fimiz \u00fc\u00e7\u00fcnc\u00fc ciltte Oktay Akbal\u2019\u0131n 1981-2014 aras\u0131nda yay\u0131mlad\u0131\u011f\u0131 be\u015f \u00f6yk\u00fc kitab\u0131 yer al\u0131yor: Hey Vapurlar Trenler, Lunapark, Ey Gece Kap\u0131n\u0131 \u00dcst\u00fcme Kapat, H\u00fccrede Karmen, Selimiye Bir Yoku\u015ftur.  Oktay Akbal olgunluk d\u00f6nemi \u00f6yk\u00fclerinde h\u0131zla d\u00f6n\u00fc\u015fmekte olan \u0130stanbul\u2019u, yeni ya\u015fam bi\u00e7imlerini anlat\u0131yor. 21. y\u00fczy\u0131l\u0131n e\u015fi\u011finde her \u015feyin de\u011fi\u015fti\u011fi \u015fehirde dola\u015f\u0131yor, g\u00f6rd\u00fcklerini ge\u00e7mi\u015fle kar\u015f\u0131la\u015ft\u0131r\u0131yor; ge\u00e7mi\u015f zaman e\u015fyalar\u0131na, \u00e7ocuklu\u011funa ve gen\u00e7li\u011fine duydu\u011fu \u00f6zlemi dile getiriyor. \u015eehrin g\u00fcndelik ya\u015fam\u0131 i\u00e7inde ko\u015fturan, bekleyen, duran insanlara yak\u0131ndan bak\u0131yor ve onlar\u0131n i\u00e7 d\u00fcnyalar\u0131na mercek tutuyor.  Fethi Naci\u2019nin s\u00f6yledi\u011fi gibi Sait Faik\u2019le birlikte \u0130stanbul\u2019u en iyi tan\u0131yan \u00f6yk\u00fcc\u00fc olan Oktay Akbal, \u00f6yk\u00fclerinde \u00e7a\u011f\u0131na tan\u0131kl\u0131k ederek okuru uzun soluklu bir yolculu\u011fa \u00e7\u0131kar\u0131yor.   Usta bir \u00f6yk\u00fcc\u00fcden hayata ve insana dair \u00f6yk\u00fcler&#8230; <\/p>\n","protected":false},"excerpt":{"rendered":"<p>T\u00fcrk edebiyat\u0131n\u0131n en g\u00fc\u00e7l\u00fc kalemlerinden Oktay Akbal\u2019\u0131n b\u00fct\u00fcn \u00f6yk\u00fcleri&#8230; Hey Vapurlar Trenler ad\u0131n\u0131 verdi\u011fimiz \u00fc\u00e7\u00fcnc\u00fc ciltte Oktay Akbal\u2019\u0131n 1981-2014 aras\u0131nda yay\u0131mlad\u0131\u011f\u0131 be\u015f \u00f6yk\u00fc kitab\u0131 yer al\u0131yor:<span class=\"excerpt-hellip\"> [\u2026]<\/span><\/p>\n","protected":false},"featured_media":0,"template":"","meta":{"_monsterinsights_skip_tracking":false,"_monsterinsights_sitenote_active":false,"_monsterinsights_sitenote_note":"","_monsterinsights_sitenote_category":0},"product_brand":[],"product_cat":[12291,12711],"product_tag":[],"class_list":{"0":"post-786073","1":"product","2":"type-product","3":"status-publish","5":"product_cat-edebiyat","6":"product_cat-roman-oyku","7":"pa_cilt-ciltsiz","8":"pa_tur-kitap","9":"pa_yayinevi-dogan-kitap","10":"pa_yazar-oktay-akbal","12":"first","13":"instock","14":"sale","15":"shipping-taxable","16":"purchasable","17":"product-type-simple"},"_links":{"self":[{"href":"https:\/\/roveyayinevi.com.tr\/index.php\/wp-json\/wp\/v2\/product\/786073","targetHints":{"allow":["GET"]}}],"collection":[{"href":"https:\/\/roveyayinevi.com.tr\/index.php\/wp-json\/wp\/v2\/product"}],"about":[{"href":"https:\/\/roveyayinevi.com.tr\/index.php\/wp-json\/wp\/v2\/types\/product"}],"wp:attachment":[{"href":"https:\/\/roveyayinevi.com.tr\/index.php\/wp-json\/wp\/v2\/media?parent=786073"}],"wp:term":[{"taxonomy":"product_brand","embeddable":true,"href":"https:\/\/roveyayinevi.com.tr\/index.php\/wp-json\/wp\/v2\/product_brand?post=786073"},{"taxonomy":"product_cat","embeddable":true,"href":"https:\/\/roveyayinevi.com.tr\/index.php\/wp-json\/wp\/v2\/product_cat?post=786073"},{"taxonomy":"product_tag","embeddable":true,"href":"https:\/\/roveyayinevi.com.tr\/index.php\/wp-json\/wp\/v2\/product_tag?post=786073"}],"curies":[{"name":"wp","href":"https:\/\/api.w.org\/{rel}","templated":true}]}}