{"id":786071,"date":"2026-04-16T02:23:47","date_gmt":"2026-04-15T23:23:47","guid":{"rendered":"https:\/\/roveyayinevi.com.tr\/index.php\/urun\/sucumuz-insan-olmak\/"},"modified":"2026-04-16T02:23:47","modified_gmt":"2026-04-15T23:23:47","slug":"sucumuz-insan-olmak","status":"publish","type":"product","link":"https:\/\/roveyayinevi.com.tr\/index.php\/urun\/sucumuz-insan-olmak\/","title":{"rendered":"Su\u00e7umuz \u0130nsan Olmak"},"content":{"rendered":"<p>T\u00fcrk edebiyat\u0131nda ger\u00e7ek\u00e7ilik ak\u0131m\u0131n\u0131n \u00f6nemli temsilcilerinden Oktay Akbal, 1958 TDK Roman \u00d6d\u00fcll\u00fc kitab\u0131 Su\u00e7umuz \u0130nsan Olmak\u2019ta Ankara\u2019n\u0131n 1940\u2019lardaki g\u00fcndelik ya\u015fam\u0131n\u0131, memurlar\u0131 ve memuriyetin tekd\u00fczeli\u011fini g\u00f6zler \u00f6n\u00fcne seriyor. Su\u00e7umuz \u0130nsan Olmak, \u0130stanbul\u2019da felsefe okuyup Ankara\u2019da memur olarak \u00e7al\u0131\u015fan evli ve \u00e7ocuklu Nuri\u2019nin bir tesad\u00fcf sonucu kar\u015f\u0131la\u015ft\u0131\u011f\u0131 Nedret\u2019le aras\u0131nda ge\u00e7en platonik a\u015fk\u0131 anlat\u0131yor. Mutsuz evlilikleri i\u00e7inde kaybolmu\u015f, masum bir heyecanla yasak a\u015fkta \u00e7are arayan ama bunun bir hayal oldu\u011funu anlay\u0131p kurtulmak istedikleri ya\u015famlar\u0131na d\u00f6nmek zorunda kalan Nuri ile Nedret\u2019in hik\u00e2yesi&#8230; <\/p>\n","protected":false},"excerpt":{"rendered":"<p>T\u00fcrk edebiyat\u0131nda ger\u00e7ek\u00e7ilik ak\u0131m\u0131n\u0131n \u00f6nemli temsilcilerinden Oktay Akbal, 1958 TDK Roman \u00d6d\u00fcll\u00fc kitab\u0131 Su\u00e7umuz \u0130nsan Olmak\u2019ta Ankara\u2019n\u0131n 1940\u2019lardaki g\u00fcndelik ya\u015fam\u0131n\u0131, memurlar\u0131 ve memuriyetin tekd\u00fczeli\u011fini g\u00f6zler \u00f6n\u00fcne<span class=\"excerpt-hellip\"> [\u2026]<\/span><\/p>\n","protected":false},"featured_media":0,"template":"","meta":{"_monsterinsights_skip_tracking":false,"_monsterinsights_sitenote_active":false,"_monsterinsights_sitenote_note":"","_monsterinsights_sitenote_category":0},"product_brand":[],"product_cat":[12291,12711],"product_tag":[],"class_list":{"0":"post-786071","1":"product","2":"type-product","3":"status-publish","5":"product_cat-edebiyat","6":"product_cat-roman-oyku","7":"pa_cilt-ciltsiz","8":"pa_tur-kitap","9":"pa_yayinevi-dogan-kitap","10":"pa_yazar-oktay-akbal","12":"first","13":"instock","14":"sale","15":"shipping-taxable","16":"purchasable","17":"product-type-simple"},"_links":{"self":[{"href":"https:\/\/roveyayinevi.com.tr\/index.php\/wp-json\/wp\/v2\/product\/786071","targetHints":{"allow":["GET"]}}],"collection":[{"href":"https:\/\/roveyayinevi.com.tr\/index.php\/wp-json\/wp\/v2\/product"}],"about":[{"href":"https:\/\/roveyayinevi.com.tr\/index.php\/wp-json\/wp\/v2\/types\/product"}],"wp:attachment":[{"href":"https:\/\/roveyayinevi.com.tr\/index.php\/wp-json\/wp\/v2\/media?parent=786071"}],"wp:term":[{"taxonomy":"product_brand","embeddable":true,"href":"https:\/\/roveyayinevi.com.tr\/index.php\/wp-json\/wp\/v2\/product_brand?post=786071"},{"taxonomy":"product_cat","embeddable":true,"href":"https:\/\/roveyayinevi.com.tr\/index.php\/wp-json\/wp\/v2\/product_cat?post=786071"},{"taxonomy":"product_tag","embeddable":true,"href":"https:\/\/roveyayinevi.com.tr\/index.php\/wp-json\/wp\/v2\/product_tag?post=786071"}],"curies":[{"name":"wp","href":"https:\/\/api.w.org\/{rel}","templated":true}]}}