{"id":786070,"date":"2026-04-16T02:18:55","date_gmt":"2026-04-15T23:18:55","guid":{"rendered":"https:\/\/roveyayinevi.com.tr\/index.php\/urun\/mitologya-2\/"},"modified":"2026-04-16T02:18:55","modified_gmt":"2026-04-15T23:18:55","slug":"mitologya-2","status":"publish","type":"product","link":"https:\/\/roveyayinevi.com.tr\/index.php\/urun\/mitologya-2\/","title":{"rendered":"Mitologya"},"content":{"rendered":"<p>Mitolojiyle ilgili genel kitaplardan farkl\u0131 olarak soru-cevap \u015feklinde haz\u0131rlanm\u0131\u015f olan Mitologya kitab\u0131, sadece Yunan ve Latin mitologyas\u0131n\u0131n temel niteliklerini ve i\u00e7 ba\u011flant\u0131lar\u0131n\u0131 ortaya koymakla kalm\u0131yor, ayn\u0131 zamanda T\u00fcrk edebiyat\u0131n\u0131n mitolojiyle ili\u015fkisini de sergiliyor. Yine Beh\u00e7et Necatigil\u2019in haz\u0131rlad\u0131\u011f\u0131 K\u00fc\u00e7\u00fck Mitologya S\u00f6zl\u00fc\u011f\u00fc ile birbirini tamamlar nitelikteki Mitologya kitab\u0131, gerek Yunan ve Latin tanr\u0131lar\u0131n\u0131n temel \u00f6zellikleri ve kar\u015f\u0131la\u015ft\u0131r\u0131lmalar\u0131, gerek farkl\u0131 mitologyalar\u0131n benzerlik ve farkl\u0131l\u0131klar\u0131, gerekse anlamay\u0131 ve ak\u0131lda tutmay\u0131 kolayla\u015ft\u0131r\u0131c\u0131 tematik kategorilendirmelerle mitolojiye ilgi duyan okurlara rehberlik etme i\u015flevini s\u00fcrd\u00fcr\u00fcyor. <\/p>\n","protected":false},"excerpt":{"rendered":"<p>Mitolojiyle ilgili genel kitaplardan farkl\u0131 olarak soru-cevap \u015feklinde haz\u0131rlanm\u0131\u015f olan Mitologya kitab\u0131, sadece Yunan ve Latin mitologyas\u0131n\u0131n temel niteliklerini ve i\u00e7 ba\u011flant\u0131lar\u0131n\u0131 ortaya koymakla kalm\u0131yor, ayn\u0131<span class=\"excerpt-hellip\"> [\u2026]<\/span><\/p>\n","protected":false},"featured_media":0,"template":"","meta":{"_monsterinsights_skip_tracking":false,"_monsterinsights_sitenote_active":false,"_monsterinsights_sitenote_note":"","_monsterinsights_sitenote_category":0},"product_brand":[],"product_cat":[12312,12304],"product_tag":[],"class_list":{"0":"post-786070","1":"product","2":"type-product","3":"status-publish","5":"product_cat-diger","6":"product_cat-tarih","7":"pa_cilt-ciltsiz","8":"pa_tur-kitap","9":"pa_yayinevi-yapi-kredi-yayinlari","10":"pa_yazar-behcet-necatigil","12":"first","13":"instock","14":"sale","15":"shipping-taxable","16":"purchasable","17":"product-type-simple"},"_links":{"self":[{"href":"https:\/\/roveyayinevi.com.tr\/index.php\/wp-json\/wp\/v2\/product\/786070","targetHints":{"allow":["GET"]}}],"collection":[{"href":"https:\/\/roveyayinevi.com.tr\/index.php\/wp-json\/wp\/v2\/product"}],"about":[{"href":"https:\/\/roveyayinevi.com.tr\/index.php\/wp-json\/wp\/v2\/types\/product"}],"wp:attachment":[{"href":"https:\/\/roveyayinevi.com.tr\/index.php\/wp-json\/wp\/v2\/media?parent=786070"}],"wp:term":[{"taxonomy":"product_brand","embeddable":true,"href":"https:\/\/roveyayinevi.com.tr\/index.php\/wp-json\/wp\/v2\/product_brand?post=786070"},{"taxonomy":"product_cat","embeddable":true,"href":"https:\/\/roveyayinevi.com.tr\/index.php\/wp-json\/wp\/v2\/product_cat?post=786070"},{"taxonomy":"product_tag","embeddable":true,"href":"https:\/\/roveyayinevi.com.tr\/index.php\/wp-json\/wp\/v2\/product_tag?post=786070"}],"curies":[{"name":"wp","href":"https:\/\/api.w.org\/{rel}","templated":true}]}}