{"id":786069,"date":"2026-04-16T02:18:40","date_gmt":"2026-04-15T23:18:40","guid":{"rendered":"https:\/\/roveyayinevi.com.tr\/index.php\/urun\/esegin-golgesi\/"},"modified":"2026-04-16T02:18:40","modified_gmt":"2026-04-15T23:18:40","slug":"esegin-golgesi","status":"publish","type":"product","link":"https:\/\/roveyayinevi.com.tr\/index.php\/urun\/esegin-golgesi\/","title":{"rendered":"E\u015fe\u011fin G\u00f6lgesi"},"content":{"rendered":"<p>Konusunu gezici hatip ve sofist filozof Samsatl\u0131 Lukianos\u2019un bir f\u0131kras\u0131ndan alan E\u015fe\u011fin G\u00f6lgesi ilk kez 1965\u2019de \u0130stanbul \u015eehir Tiyatrosu\u2019nda sahnelendi. Abdalya adl\u0131 hayali bir \u00fclkede adalet, bas\u0131n, \u00f6zel giri\u015fim, d\u0131\u015fi\u015fleri, i\u00e7i\u015fleri gibi her kesimde ya\u015fanan d\u00fczen bozuklu\u011funun ta\u015flamas\u0131 niteli\u011findeki oyun ilk sahneleni\u015finden sonra bir s\u00fcre yasaklanm\u0131\u015ft\u0131.Haldun Taner oyunlar\u0131 \u00fcst\u00fcne bir kitab\u0131 bulunan de\u011ferli tiyatro yazar\u0131 Ay\u015feg\u00fcl Y\u00fcksel bu oyun i\u00e7in \u015f\u00f6yle diyor: \u201cE\u015fe\u011fin G\u00f6lgesi, Taner\u2019in epik tiyatronun temel yakla\u015f\u0131mlar\u0131n\u0131 geleneksel tiyatromuzun \u00e7e\u015fitli \u00f6\u011feleriyle en ba\u015far\u0131l\u0131 bi\u00e7imde kayna\u015ft\u0131rd\u0131\u011f\u0131 oyunlar\u0131ndan biridir. Taner\u2019in d\u00fczen ele\u015ftirisini toplumsal, ekonomik, politik dizgenin i\u00e7erdi\u011fi t\u00fcm boyutlarda yo\u011funla\u015ft\u0131rd\u0131\u011f\u0131, kullan\u0131lan t\u00fcm \u00f6\u011felerin, oyunun \u201cuyarma\u201d i\u015flevini dest <\/p>\n","protected":false},"excerpt":{"rendered":"<p>Konusunu gezici hatip ve sofist filozof Samsatl\u0131 Lukianos\u2019un bir f\u0131kras\u0131ndan alan E\u015fe\u011fin G\u00f6lgesi ilk kez 1965\u2019de \u0130stanbul \u015eehir Tiyatrosu\u2019nda sahnelendi. Abdalya adl\u0131 hayali bir \u00fclkede adalet,<span class=\"excerpt-hellip\"> [\u2026]<\/span><\/p>\n","protected":false},"featured_media":0,"template":"","meta":{"_monsterinsights_skip_tracking":false,"_monsterinsights_sitenote_active":false,"_monsterinsights_sitenote_note":"","_monsterinsights_sitenote_category":0},"product_brand":[],"product_cat":[12291,14272],"product_tag":[],"class_list":{"0":"post-786069","1":"product","2":"type-product","3":"status-publish","5":"product_cat-edebiyat","6":"product_cat-tiyatro","7":"pa_cilt-ciltsiz","8":"pa_tur-kitap","9":"pa_yayinevi-yapi-kredi-yayinlari","10":"pa_yazar-haldun-taner","12":"first","13":"instock","14":"sale","15":"shipping-taxable","16":"purchasable","17":"product-type-simple"},"_links":{"self":[{"href":"https:\/\/roveyayinevi.com.tr\/index.php\/wp-json\/wp\/v2\/product\/786069","targetHints":{"allow":["GET"]}}],"collection":[{"href":"https:\/\/roveyayinevi.com.tr\/index.php\/wp-json\/wp\/v2\/product"}],"about":[{"href":"https:\/\/roveyayinevi.com.tr\/index.php\/wp-json\/wp\/v2\/types\/product"}],"wp:attachment":[{"href":"https:\/\/roveyayinevi.com.tr\/index.php\/wp-json\/wp\/v2\/media?parent=786069"}],"wp:term":[{"taxonomy":"product_brand","embeddable":true,"href":"https:\/\/roveyayinevi.com.tr\/index.php\/wp-json\/wp\/v2\/product_brand?post=786069"},{"taxonomy":"product_cat","embeddable":true,"href":"https:\/\/roveyayinevi.com.tr\/index.php\/wp-json\/wp\/v2\/product_cat?post=786069"},{"taxonomy":"product_tag","embeddable":true,"href":"https:\/\/roveyayinevi.com.tr\/index.php\/wp-json\/wp\/v2\/product_tag?post=786069"}],"curies":[{"name":"wp","href":"https:\/\/api.w.org\/{rel}","templated":true}]}}