{"id":786060,"date":"2026-04-15T03:50:56","date_gmt":"2026-04-15T00:50:56","guid":{"rendered":"https:\/\/roveyayinevi.com.tr\/index.php\/urun\/robert-alexynin-hukuk-ahlak-iliskisine-yaklasimi-kapsaminda-hukuki-argumantasyon-teorisi\/"},"modified":"2026-04-15T03:50:56","modified_gmt":"2026-04-15T00:50:56","slug":"robert-alexynin-hukuk-ahlak-iliskisine-yaklasimi-kapsaminda-hukuki-argumantasyon-teorisi","status":"publish","type":"product","link":"https:\/\/roveyayinevi.com.tr\/index.php\/urun\/robert-alexynin-hukuk-ahlak-iliskisine-yaklasimi-kapsaminda-hukuki-argumantasyon-teorisi\/","title":{"rendered":"Robert Alexy\u2019nin Hukuk-Ahlak \u0130li\u015fkisine Yakla\u015f\u0131m\u0131 Kapsam\u0131nda Hukuki Arg\u00fcmantasyon Teorisi"},"content":{"rendered":"<p>Robert Alexy hukukun ahlaki de\u011ferlerle ili\u015fkisini hukukun do\u011fruluk iddias\u0131nda oldu\u011funu ileri s\u00fcrerek ortaya koyan, modern hukuk felsefesinin \u00f6nemli isimlerinden biridir. Ahlaki de\u011ferler ve kurallar ona g\u00f6re hukuk kavram\u0131 i\u00e7inde beraber yer al\u0131r. Alexy bunlar\u0131 \u201cadaletsizlik arg\u00fcman\u0131\u201d ve \u201cilkeler arg\u00fcman\u0131\u201d ile temellendirir. A\u015f\u0131r\u0131 adaletsizlik durumlar\u0131nda hukukun ge\u00e7erlili\u011finin sorgulanabilece\u011fini savunan bu yakla\u015f\u0131m, klasik hukuk\u00ee pozitivizme ele\u015ftirel bir perspektif sunar. B\u00f6ylece hukuk uygulamas\u0131nda yaln\u0131zca normlar\u0131n varl\u0131\u011f\u0131 de\u011fil, bu normlar\u0131n rasyonel ve ahlaki olarak savunulabilir olmas\u0131 da \u00f6nem kazan\u0131r. Ahlak\u0131n hukuk d\u0131\u015f\u0131nda tutulmas\u0131 m\u00fcmk\u00fcn de\u011fildir. Ancak di\u011fer yandan yarg\u0131 kararlar\u0131n\u0131n rasyonel olmas\u0131 beklenir. Kurallar\u0131n do\u011fruluk iddias\u0131 do\u011frultusunda gerek\u00e7elendirilme zorunlulu\u011fu vard\u0131r. Ahlaki yarg\u0131lar\u0131n gerek\u00e7elendirilmesi ise ciddi bir sorundur. Bu noktada Alexy, ahlaki yarg\u0131lar\u0131n da rasyonel olarak gerek\u00e7elendirilebilece\u011fini iddia eder. B\u00f6ylece hukukun ahlak\u0131 d\u0131\u015flamadan rasyonel kararlar \u00fcretebilece\u011fini savunur.  G\u00fcncel yarg\u0131 kararlar\u0131na bakt\u0131\u011f\u0131m\u0131zda normatif iddialar\u0131n gerek\u00e7elendirilmesi konusunda sorun vard\u0131r. Yarg\u0131 kararlar\u0131 \u00e7o\u011funlukla do\u011fruluk y\u00f6n\u00fcnden tart\u0131\u015fmal\u0131d\u0131r. Hukuk uygulamas\u0131nda rasyonel do\u011frulama y\u00f6ntemlerine ger\u00e7ekten ihtiyac\u0131m\u0131z vard\u0131r. Bu ba\u011flamda Alexy\u2019nin arg\u00fcmantasyon teorisi, yarg\u0131 kararlar\u0131n\u0131n rasyonel do\u011frulama y\u00f6ntemleri eksi\u011fini tamamlamak i\u00e7in faydal\u0131 bir yakla\u015f\u0131md\u0131r.  Bu kitap ile hukuki nesnellik ve adalete y\u00f6nelik arzunun bir nebze de olsa ger\u00e7ekle\u015fmesi dile\u011fiyle\u2026<\/p>\n","protected":false},"excerpt":{"rendered":"<p>Robert Alexy hukukun ahlaki de\u011ferlerle ili\u015fkisini hukukun do\u011fruluk iddias\u0131nda oldu\u011funu ileri s\u00fcrerek ortaya koyan, modern hukuk felsefesinin \u00f6nemli isimlerinden biridir. Ahlaki de\u011ferler ve kurallar ona g\u00f6re<span class=\"excerpt-hellip\"> [\u2026]<\/span><\/p>\n","protected":false},"featured_media":0,"template":"","meta":{"_monsterinsights_skip_tracking":false,"_monsterinsights_sitenote_active":false,"_monsterinsights_sitenote_note":"","_monsterinsights_sitenote_category":0},"product_brand":[],"product_cat":[15350,17602],"product_tag":[],"class_list":{"0":"post-786060","1":"product","2":"type-product","3":"status-publish","5":"product_cat-hukuk","6":"product_cat-hukuk-uzerine","7":"pa_cilt-ciltsiz","8":"pa_tur-kitap","9":"pa_yayinevi-astana-yayinlari","10":"pa_yazar-serife-sumeyra-cadak","12":"first","13":"instock","14":"sale","15":"shipping-taxable","16":"purchasable","17":"product-type-simple"},"_links":{"self":[{"href":"https:\/\/roveyayinevi.com.tr\/index.php\/wp-json\/wp\/v2\/product\/786060","targetHints":{"allow":["GET"]}}],"collection":[{"href":"https:\/\/roveyayinevi.com.tr\/index.php\/wp-json\/wp\/v2\/product"}],"about":[{"href":"https:\/\/roveyayinevi.com.tr\/index.php\/wp-json\/wp\/v2\/types\/product"}],"wp:attachment":[{"href":"https:\/\/roveyayinevi.com.tr\/index.php\/wp-json\/wp\/v2\/media?parent=786060"}],"wp:term":[{"taxonomy":"product_brand","embeddable":true,"href":"https:\/\/roveyayinevi.com.tr\/index.php\/wp-json\/wp\/v2\/product_brand?post=786060"},{"taxonomy":"product_cat","embeddable":true,"href":"https:\/\/roveyayinevi.com.tr\/index.php\/wp-json\/wp\/v2\/product_cat?post=786060"},{"taxonomy":"product_tag","embeddable":true,"href":"https:\/\/roveyayinevi.com.tr\/index.php\/wp-json\/wp\/v2\/product_tag?post=786060"}],"curies":[{"name":"wp","href":"https:\/\/api.w.org\/{rel}","templated":true}]}}