{"id":786059,"date":"2026-04-15T03:50:54","date_gmt":"2026-04-15T00:50:54","guid":{"rendered":"https:\/\/roveyayinevi.com.tr\/index.php\/urun\/kuresellesmeden-yeni-dunya-duzenineguc-baris-egitim\/"},"modified":"2026-04-15T03:50:54","modified_gmt":"2026-04-15T00:50:54","slug":"kuresellesmeden-yeni-dunya-duzenineguc-baris-egitim","status":"publish","type":"product","link":"https:\/\/roveyayinevi.com.tr\/index.php\/urun\/kuresellesmeden-yeni-dunya-duzenineguc-baris-egitim\/","title":{"rendered":"K\u00fcreselle\u015fmeden Yeni D\u00fcnya D\u00fczenine;G\u00fc\u00e7, Bar\u0131\u015f, E\u011fitim"},"content":{"rendered":"<p>K\u00fcreselle\u015fme \u00e7a\u011f\u0131nda uluslararas\u0131 sistem, g\u00fc\u00e7 dengelerinin yeniden tan\u0131mland\u0131\u011f\u0131, akt\u00f6rler aras\u0131 ili\u015fkilerin farkl\u0131 boyutlar kazand\u0131\u011f\u0131 ve k\u00fcresel y\u00f6neti\u015fim mekanizmalar\u0131n\u0131n giderek daha belirleyici h\u00e2le geldi\u011fi bir d\u00f6n\u00fc\u015f\u00fcm s\u00fcrecinden ge\u00e7mektedir. K\u00fcreselle\u015fmeden Yeni D\u00fcnya D\u00fczenine: G\u00fc\u00e7, Bar\u0131\u015f, E\u011fitim adl\u0131 bu kitap, s\u00f6z konusu d\u00f6n\u00fc\u015f\u00fcm\u00fc tarihsel, kuramsal ve politik boyutlar\u0131yla ele alarak k\u00fcresel d\u00fczenin nas\u0131l \u015fekillendi\u011fini ve ulus-devletlerin bu s\u00fcre\u00e7te nas\u0131l konumland\u0131\u011f\u0131n\u0131 analitik bir perspektifle incelemektedir. K\u00fcreselle\u015fme olgusunun ekonomik, siyasal ve sosyok\u00fclt\u00fcrel boyutlar\u0131; uluslararas\u0131 ili\u015fkiler literat\u00fcr\u00fcndeki farkl\u0131 yakla\u015f\u0131mlar \u0131\u015f\u0131\u011f\u0131nda tart\u0131\u015f\u0131l\u0131rken, yeni d\u00fcnya d\u00fczenine ili\u015fkin teorik ve pratik tart\u0131\u015fmalar kapsaml\u0131 bi\u00e7imde de\u011ferlendirilmektedir. Kitap, uluslararas\u0131 ili\u015fkilerde g\u00fc\u00e7 kavram\u0131n\u0131n ge\u00e7irdi\u011fi d\u00f6n\u00fc\u015f\u00fcm\u00fc sert g\u00fc\u00e7ten yumu\u015fak g\u00fcce, ak\u0131ll\u0131 g\u00fc\u00e7ten dijital g\u00fcce uzanan geni\u015f bir \u00e7er\u00e7evede ele almakta; devletlerin yaln\u0131zca asker\u00ee ve ekonomik kapasiteyle de\u011fil, bilgi \u00fcretimi, k\u00fclt\u00fcrel etkile\u015fim ve normatif etki alanlar\u0131 \u00fczerinden de k\u00fcresel d\u00fczeyde etkinlik kurabildi\u011fini ortaya koymaktad\u0131r. K\u00fcresel sistemde bar\u0131\u015f\u0131n s\u00fcrd\u00fcr\u00fclebilirli\u011fi, g\u00fc\u00e7 rekabetinin niteli\u011fi ve ulus-devletlerin stratejik tercihleri aras\u0131ndaki ili\u015fki \u00e7ok boyutlu bir bak\u0131\u015f a\u00e7\u0131s\u0131yla analiz edilmektedir.Kitap, \u00f6zellikle e\u011fitim olgusunu yeni d\u00fcnya d\u00fczeninin kurucu dinamiklerinden biri olarak konumland\u0131rarak, e\u011fitimin yaln\u0131zca toplumsal kalk\u0131nma arac\u0131 de\u011fil ayn\u0131 zamanda uluslararas\u0131 sistemde me\u015fruiyet \u00fcretme, etki olu\u015fturma ve uzun vadeli n\u00fcfuz alanlar\u0131 in\u015fa etme kapasitesine sahip stratejik bir g\u00fc\u00e7 unsuru oldu\u011funu ortaya koymaktad\u0131r. Kuramsal tart\u0131\u015fmalar ile g\u00fcncel k\u00fcresel geli\u015fmeler aras\u0131nda kurulan analitik ba\u011f sayesinde eser, k\u00fcreselle\u015fme, g\u00fc\u00e7 ve e\u011fitim ili\u015fkisini anlamak isteyen ara\u015ft\u0131rmac\u0131lar, politika yap\u0131c\u0131lar ve okuyucular i\u00e7in kapsaml\u0131 bir perspektif sunmaktad\u0131r.<\/p>\n","protected":false},"excerpt":{"rendered":"<p>K\u00fcreselle\u015fme \u00e7a\u011f\u0131nda uluslararas\u0131 sistem, g\u00fc\u00e7 dengelerinin yeniden tan\u0131mland\u0131\u011f\u0131, akt\u00f6rler aras\u0131 ili\u015fkilerin farkl\u0131 boyutlar kazand\u0131\u011f\u0131 ve k\u00fcresel y\u00f6neti\u015fim mekanizmalar\u0131n\u0131n giderek daha belirleyici h\u00e2le geldi\u011fi bir d\u00f6n\u00fc\u015f\u00fcm s\u00fcrecinden<span class=\"excerpt-hellip\"> [\u2026]<\/span><\/p>\n","protected":false},"featured_media":0,"template":"","meta":{"_monsterinsights_skip_tracking":false,"_monsterinsights_sitenote_active":false,"_monsterinsights_sitenote_note":"","_monsterinsights_sitenote_category":0},"product_brand":[],"product_cat":[12965,12337],"product_tag":[],"class_list":{"0":"post-786059","1":"product","2":"type-product","3":"status-publish","5":"product_cat-genel-politika","6":"product_cat-politika-siyaset","7":"pa_cilt-ciltsiz","8":"pa_tur-kitap","9":"pa_yayinevi-astana-yayinlari","10":"pa_yazar-firat-guzeldag","12":"first","13":"instock","14":"sale","15":"shipping-taxable","16":"purchasable","17":"product-type-simple"},"_links":{"self":[{"href":"https:\/\/roveyayinevi.com.tr\/index.php\/wp-json\/wp\/v2\/product\/786059","targetHints":{"allow":["GET"]}}],"collection":[{"href":"https:\/\/roveyayinevi.com.tr\/index.php\/wp-json\/wp\/v2\/product"}],"about":[{"href":"https:\/\/roveyayinevi.com.tr\/index.php\/wp-json\/wp\/v2\/types\/product"}],"wp:attachment":[{"href":"https:\/\/roveyayinevi.com.tr\/index.php\/wp-json\/wp\/v2\/media?parent=786059"}],"wp:term":[{"taxonomy":"product_brand","embeddable":true,"href":"https:\/\/roveyayinevi.com.tr\/index.php\/wp-json\/wp\/v2\/product_brand?post=786059"},{"taxonomy":"product_cat","embeddable":true,"href":"https:\/\/roveyayinevi.com.tr\/index.php\/wp-json\/wp\/v2\/product_cat?post=786059"},{"taxonomy":"product_tag","embeddable":true,"href":"https:\/\/roveyayinevi.com.tr\/index.php\/wp-json\/wp\/v2\/product_tag?post=786059"}],"curies":[{"name":"wp","href":"https:\/\/api.w.org\/{rel}","templated":true}]}}