{"id":786055,"date":"2026-04-15T03:50:42","date_gmt":"2026-04-15T00:50:42","guid":{"rendered":"https:\/\/roveyayinevi.com.tr\/index.php\/urun\/panel-veri-ve-mekansal-panel-veri-yaklasimi-teori-ve-uygulamalar\/"},"modified":"2026-04-15T03:50:42","modified_gmt":"2026-04-15T00:50:42","slug":"panel-veri-ve-mekansal-panel-veri-yaklasimi-teori-ve-uygulamalar","status":"publish","type":"product","link":"https:\/\/roveyayinevi.com.tr\/index.php\/urun\/panel-veri-ve-mekansal-panel-veri-yaklasimi-teori-ve-uygulamalar\/","title":{"rendered":"Panel Veri ve Mek\u00e2nsal Panel Veri Yakla\u015f\u0131m\u0131: Teori ve Uygulamalar"},"content":{"rendered":"<p>B\u0130R\u0130NC\u0130 B\u00d6L\u00dcM PANEL VER\u0130 ANAL\u0130Z\u0130   \u0130K\u0130NC\u0130 B\u00d6L\u00dcM  MEK\u00c2NSAL EKONOMETR\u0130   \u00dc\u00c7\u00dcNC\u00dc B\u00d6L\u00dcM MEK\u00c2NSAL PANEL VER\u0130   D\u00d6RD\u00dcNC\u00dc B\u00d6L\u00dcM UYGULAMA<\/p>\n","protected":false},"excerpt":{"rendered":"<p>B\u0130R\u0130NC\u0130 B\u00d6L\u00dcM PANEL VER\u0130 ANAL\u0130Z\u0130 \u0130K\u0130NC\u0130 B\u00d6L\u00dcM MEK\u00c2NSAL EKONOMETR\u0130 \u00dc\u00c7\u00dcNC\u00dc B\u00d6L\u00dcM MEK\u00c2NSAL PANEL VER\u0130 D\u00d6RD\u00dcNC\u00dc B\u00d6L\u00dcM UYGULAMA<\/p>\n","protected":false},"featured_media":0,"template":"","meta":{"_monsterinsights_skip_tracking":false,"_monsterinsights_sitenote_active":false,"_monsterinsights_sitenote_note":"","_monsterinsights_sitenote_category":0},"product_brand":[],"product_cat":[13043,14381],"product_tag":[],"class_list":{"0":"post-786055","1":"product","2":"type-product","3":"status-publish","5":"product_cat-ekonomi","6":"product_cat-isletme-muhasebe-maliye","7":"pa_cilt-ciltsiz","8":"pa_tur-kitap","9":"pa_yayinevi-gazi-kitabevi","10":"pa_yazar-kubra-elmali","12":"first","13":"instock","14":"sale","15":"shipping-taxable","16":"purchasable","17":"product-type-simple"},"_links":{"self":[{"href":"https:\/\/roveyayinevi.com.tr\/index.php\/wp-json\/wp\/v2\/product\/786055","targetHints":{"allow":["GET"]}}],"collection":[{"href":"https:\/\/roveyayinevi.com.tr\/index.php\/wp-json\/wp\/v2\/product"}],"about":[{"href":"https:\/\/roveyayinevi.com.tr\/index.php\/wp-json\/wp\/v2\/types\/product"}],"wp:attachment":[{"href":"https:\/\/roveyayinevi.com.tr\/index.php\/wp-json\/wp\/v2\/media?parent=786055"}],"wp:term":[{"taxonomy":"product_brand","embeddable":true,"href":"https:\/\/roveyayinevi.com.tr\/index.php\/wp-json\/wp\/v2\/product_brand?post=786055"},{"taxonomy":"product_cat","embeddable":true,"href":"https:\/\/roveyayinevi.com.tr\/index.php\/wp-json\/wp\/v2\/product_cat?post=786055"},{"taxonomy":"product_tag","embeddable":true,"href":"https:\/\/roveyayinevi.com.tr\/index.php\/wp-json\/wp\/v2\/product_tag?post=786055"}],"curies":[{"name":"wp","href":"https:\/\/api.w.org\/{rel}","templated":true}]}}