{"id":786051,"date":"2026-04-15T03:50:33","date_gmt":"2026-04-15T00:50:33","guid":{"rendered":"https:\/\/roveyayinevi.com.tr\/index.php\/urun\/sporun-yeni-kodlari-21-yuzyilda-liderlik-yonetim-ve-gelecegin-insasi\/"},"modified":"2026-04-15T03:50:33","modified_gmt":"2026-04-15T00:50:33","slug":"sporun-yeni-kodlari-21-yuzyilda-liderlik-yonetim-ve-gelecegin-insasi","status":"publish","type":"product","link":"https:\/\/roveyayinevi.com.tr\/index.php\/urun\/sporun-yeni-kodlari-21-yuzyilda-liderlik-yonetim-ve-gelecegin-insasi\/","title":{"rendered":"Sporun Yeni Kodlar\u0131 21. Y\u00fczy\u0131lda Liderlik, Y\u00f6netim ve Gelece\u011fin \u0130n\u015fas\u0131"},"content":{"rendered":"<p>B\u00d6L\u00dcM 1 L\u0130DERL\u0130\u011e\u0130N TEOR\u0130K \u00c7ER\u00c7EVES\u0130 VE MODELLER: SAHAYI DO\u011eRU OKUMAK   B\u00d6L\u00dcM 2 657\u2019N\u0130N \u00d6TES\u0130NE GE\u00c7MEK: YEN\u0130 NES\u0130L Y\u00d6NET\u0130C\u0130N\u0130N BECER\u0130 SET\u0130   B\u00d6L\u00dcM 3 T\u00dcRK SPOR Y\u00d6NET\u0130M\u0130N\u0130N ANATOM\u0130S\u0130: SAHADAK\u0130LER K\u0130M?   B\u00d6L\u00dcM 4 SAHADAN VER\u0130LER VE ANAL\u0130ZLER: AYNAYI Y\u00dcZ\u00dcM\u00dcZE TUTMAK   B\u00d6L\u00dcM 5 TARTI\u015eMA VE Y\u00dcZLE\u015eME: NEDEN B\u00d6YLEY\u0130Z?   B\u00d6L\u00dcM 6 GELECE\u011e\u0130N YOL HAR\u0130TASI VE EYLEM PLANI: YARIN NE YAPMALIYIZ<\/p>\n","protected":false},"excerpt":{"rendered":"<p>B\u00d6L\u00dcM 1 L\u0130DERL\u0130\u011e\u0130N TEOR\u0130K \u00c7ER\u00c7EVES\u0130 VE MODELLER: SAHAYI DO\u011eRU OKUMAK B\u00d6L\u00dcM 2 657\u2019N\u0130N \u00d6TES\u0130NE GE\u00c7MEK: YEN\u0130 NES\u0130L Y\u00d6NET\u0130C\u0130N\u0130N BECER\u0130 SET\u0130 B\u00d6L\u00dcM 3 T\u00dcRK SPOR Y\u00d6NET\u0130M\u0130N\u0130N ANATOM\u0130S\u0130:<span class=\"excerpt-hellip\"> [\u2026]<\/span><\/p>\n","protected":false},"featured_media":0,"template":"","meta":{"_monsterinsights_skip_tracking":false,"_monsterinsights_sitenote_active":false,"_monsterinsights_sitenote_note":"","_monsterinsights_sitenote_category":0},"product_brand":[],"product_cat":[12364,16266],"product_tag":[],"class_list":{"0":"post-786051","1":"product","2":"type-product","3":"status-publish","5":"product_cat-genel-konular","6":"product_cat-referans-kaynak-kitap","7":"pa_cilt-ciltsiz","8":"pa_tur-kitap","9":"pa_yayinevi-gazi-kitabevi","10":"pa_yazar-ufuk-apur","12":"first","13":"instock","14":"sale","15":"shipping-taxable","16":"purchasable","17":"product-type-simple"},"_links":{"self":[{"href":"https:\/\/roveyayinevi.com.tr\/index.php\/wp-json\/wp\/v2\/product\/786051","targetHints":{"allow":["GET"]}}],"collection":[{"href":"https:\/\/roveyayinevi.com.tr\/index.php\/wp-json\/wp\/v2\/product"}],"about":[{"href":"https:\/\/roveyayinevi.com.tr\/index.php\/wp-json\/wp\/v2\/types\/product"}],"wp:attachment":[{"href":"https:\/\/roveyayinevi.com.tr\/index.php\/wp-json\/wp\/v2\/media?parent=786051"}],"wp:term":[{"taxonomy":"product_brand","embeddable":true,"href":"https:\/\/roveyayinevi.com.tr\/index.php\/wp-json\/wp\/v2\/product_brand?post=786051"},{"taxonomy":"product_cat","embeddable":true,"href":"https:\/\/roveyayinevi.com.tr\/index.php\/wp-json\/wp\/v2\/product_cat?post=786051"},{"taxonomy":"product_tag","embeddable":true,"href":"https:\/\/roveyayinevi.com.tr\/index.php\/wp-json\/wp\/v2\/product_tag?post=786051"}],"curies":[{"name":"wp","href":"https:\/\/api.w.org\/{rel}","templated":true}]}}