{"id":786049,"date":"2026-04-15T03:50:30","date_gmt":"2026-04-15T00:50:30","guid":{"rendered":"https:\/\/roveyayinevi.com.tr\/index.php\/urun\/daglari-seven-cocuk\/"},"modified":"2026-04-15T03:50:30","modified_gmt":"2026-04-15T00:50:30","slug":"daglari-seven-cocuk","status":"publish","type":"product","link":"https:\/\/roveyayinevi.com.tr\/index.php\/urun\/daglari-seven-cocuk\/","title":{"rendered":"Da\u011flar\u0131 Seven \u00c7ocuk"},"content":{"rendered":"<p>S\u00f6zel \u00c7ocuk\u2019tan tan\u0131d\u0131\u011f\u0131m\u0131z Mert\u2019in en b\u00fcy\u00fck hayali dedesi ve Nasuh Mahruki gibi bir g\u00fcn da\u011fa t\u0131rmanmakt\u0131r. Mert\u2019in da\u011flara olan merak\u0131 ve sevgisi, okulda kurdu\u011fu da\u011fc\u0131l\u0131k kolu sayesinde b\u00fct\u00fcn okula yay\u0131l\u0131r. Da\u011fc\u0131l\u0131k kolunun d\u00fczenledi\u011fi da\u011f gezisi b\u00fct\u00fcn \u00f6\u011frencileri mutlu ederken Mert\u2019in hayalini ger\u00e7ekle\u015ftirme iste\u011fi onu ve arkada\u015f\u0131 Sarp\u2019\u0131 zor duruma d\u00fc\u015f\u00fcr\u00fcr. Acaba Mert ve Sarp\u2019\u0131n ya\u015fad\u0131\u011f\u0131 da\u011f maceras\u0131n\u0131n sonu nas\u0131l bitecek? Hidayet Karaku\u015f\u2019tan \u00f6\u011fretici ve do\u011fa tutkusunu te\u015fvik eden s\u00fcr\u00fckleyici bir roman.<\/p>\n","protected":false},"excerpt":{"rendered":"<p>S\u00f6zel \u00c7ocuk\u2019tan tan\u0131d\u0131\u011f\u0131m\u0131z Mert\u2019in en b\u00fcy\u00fck hayali dedesi ve Nasuh Mahruki gibi bir g\u00fcn da\u011fa t\u0131rmanmakt\u0131r. Mert\u2019in da\u011flara olan merak\u0131 ve sevgisi, okulda kurdu\u011fu da\u011fc\u0131l\u0131k kolu<span class=\"excerpt-hellip\"> [\u2026]<\/span><\/p>\n","protected":false},"featured_media":0,"template":"","meta":{"_monsterinsights_skip_tracking":false,"_monsterinsights_sitenote_active":false,"_monsterinsights_sitenote_note":"","_monsterinsights_sitenote_category":0},"product_brand":[],"product_cat":[141304],"product_tag":[],"class_list":{"0":"post-786049","1":"product","2":"type-product","3":"status-publish","5":"product_cat-yeni-cikanlar","6":"pa_cilt-ciltsiz","7":"pa_tur-kitap","8":"pa_yayinevi-bilgi-yayinevi","9":"pa_yazar-hidayet-karakus","11":"first","12":"instock","13":"sale","14":"shipping-taxable","15":"purchasable","16":"product-type-simple"},"_links":{"self":[{"href":"https:\/\/roveyayinevi.com.tr\/index.php\/wp-json\/wp\/v2\/product\/786049","targetHints":{"allow":["GET"]}}],"collection":[{"href":"https:\/\/roveyayinevi.com.tr\/index.php\/wp-json\/wp\/v2\/product"}],"about":[{"href":"https:\/\/roveyayinevi.com.tr\/index.php\/wp-json\/wp\/v2\/types\/product"}],"wp:attachment":[{"href":"https:\/\/roveyayinevi.com.tr\/index.php\/wp-json\/wp\/v2\/media?parent=786049"}],"wp:term":[{"taxonomy":"product_brand","embeddable":true,"href":"https:\/\/roveyayinevi.com.tr\/index.php\/wp-json\/wp\/v2\/product_brand?post=786049"},{"taxonomy":"product_cat","embeddable":true,"href":"https:\/\/roveyayinevi.com.tr\/index.php\/wp-json\/wp\/v2\/product_cat?post=786049"},{"taxonomy":"product_tag","embeddable":true,"href":"https:\/\/roveyayinevi.com.tr\/index.php\/wp-json\/wp\/v2\/product_tag?post=786049"}],"curies":[{"name":"wp","href":"https:\/\/api.w.org\/{rel}","templated":true}]}}