{"id":786048,"date":"2026-04-15T03:50:28","date_gmt":"2026-04-15T00:50:28","guid":{"rendered":"https:\/\/roveyayinevi.com.tr\/index.php\/urun\/mini-psikoloji\/"},"modified":"2026-04-15T03:50:28","modified_gmt":"2026-04-15T00:50:28","slug":"mini-psikoloji","status":"publish","type":"product","link":"https:\/\/roveyayinevi.com.tr\/index.php\/urun\/mini-psikoloji\/","title":{"rendered":"Mini Psikoloji"},"content":{"rendered":"<p>\u0130nsanlar neden mutsuz ili\u015fkileri s\u00fcrd\u00fcr\u00fcr?   Birini ba\u015far\u0131yla ikna etmenin alt\u0131 p\u00fcf noktas\u0131 nedir?   Ki\u015filik \u00f6zellikleri ki\u015finin gelecekte i\u015fleyece\u011fi su\u00e7lar\u0131 \u00f6ng\u00f6rebilir mi?   \u0130ster psikoloji \u00f6\u011frencisi olun ister beynin i\u015fleyi\u015fine merakl\u0131 biri. Mini Psikoloji, belle\u011fimizin nas\u0131l olu\u015ftu\u011fundan baz\u0131 insanlar\u0131n de\u011fi\u015fime neden bu kadar diren\u00e7li oldu\u011funa kadar insan ruhunun b\u00fcy\u00fcleyici gizemlerine a\u00e7\u0131lan bir pencere sunuyor.   Soyut teorilerin arkas\u0131ndaki merak uyand\u0131r\u0131c\u0131 hikayelere odaklanan bu kitap, bilmeniz gereken ba\u015fl\u0131ca fikirleri ve isimleri a\u00e7\u0131kl\u0131yor. Sizi kendi i\u00e7 d\u00fcnyan\u0131za \u0131\u015f\u0131k tutmaya davet ediyor<\/p>\n","protected":false},"excerpt":{"rendered":"<p>\u0130nsanlar neden mutsuz ili\u015fkileri s\u00fcrd\u00fcr\u00fcr? Birini ba\u015far\u0131yla ikna etmenin alt\u0131 p\u00fcf noktas\u0131 nedir? Ki\u015filik \u00f6zellikleri ki\u015finin gelecekte i\u015fleyece\u011fi su\u00e7lar\u0131 \u00f6ng\u00f6rebilir mi? \u0130ster psikoloji \u00f6\u011frencisi olun ister<span class=\"excerpt-hellip\"> [\u2026]<\/span><\/p>\n","protected":false},"featured_media":0,"template":"","meta":{"_monsterinsights_skip_tracking":false,"_monsterinsights_sitenote_active":false,"_monsterinsights_sitenote_note":"","_monsterinsights_sitenote_category":0},"product_brand":[],"product_cat":[12364,12376],"product_tag":[],"class_list":{"0":"post-786048","1":"product","2":"type-product","3":"status-publish","5":"product_cat-genel-konular","6":"product_cat-kisisel-gelisim","7":"pa_cilt-ciltsiz","8":"pa_tur-kitap","9":"pa_yayinevi-orenda","10":"pa_yazar-jonny-thomson","12":"first","13":"instock","14":"sale","15":"shipping-taxable","16":"purchasable","17":"product-type-simple"},"_links":{"self":[{"href":"https:\/\/roveyayinevi.com.tr\/index.php\/wp-json\/wp\/v2\/product\/786048","targetHints":{"allow":["GET"]}}],"collection":[{"href":"https:\/\/roveyayinevi.com.tr\/index.php\/wp-json\/wp\/v2\/product"}],"about":[{"href":"https:\/\/roveyayinevi.com.tr\/index.php\/wp-json\/wp\/v2\/types\/product"}],"wp:attachment":[{"href":"https:\/\/roveyayinevi.com.tr\/index.php\/wp-json\/wp\/v2\/media?parent=786048"}],"wp:term":[{"taxonomy":"product_brand","embeddable":true,"href":"https:\/\/roveyayinevi.com.tr\/index.php\/wp-json\/wp\/v2\/product_brand?post=786048"},{"taxonomy":"product_cat","embeddable":true,"href":"https:\/\/roveyayinevi.com.tr\/index.php\/wp-json\/wp\/v2\/product_cat?post=786048"},{"taxonomy":"product_tag","embeddable":true,"href":"https:\/\/roveyayinevi.com.tr\/index.php\/wp-json\/wp\/v2\/product_tag?post=786048"}],"curies":[{"name":"wp","href":"https:\/\/api.w.org\/{rel}","templated":true}]}}