{"id":786045,"date":"2026-04-15T03:50:15","date_gmt":"2026-04-15T00:50:15","guid":{"rendered":"https:\/\/roveyayinevi.com.tr\/index.php\/urun\/akrebin-kiskacinda-suriye\/"},"modified":"2026-04-15T03:50:15","modified_gmt":"2026-04-15T00:50:15","slug":"akrebin-kiskacinda-suriye","status":"publish","type":"product","link":"https:\/\/roveyayinevi.com.tr\/index.php\/urun\/akrebin-kiskacinda-suriye\/","title":{"rendered":"Akrebin K\u0131skac\u0131nda Suriye"},"content":{"rendered":"<p>Yola erken \u00e7\u0131k\u0131laca\u011f\u0131ndan, sabah 05.30\u2019da al\u0131yorum bu notlar\u0131. Bilgisayar\u0131m\u0131 a\u00e7t\u0131\u011f\u0131mda, odan\u0131n yan taraf\u0131ndan gelen b\u00fclb\u00fcl sesleri ile saba esintisi e\u015flik ediyor bu ilk c\u00fcmleme. Sabah\u0131n ilk \u0131\u015f\u0131klar\u0131yla gelen bu ku\u015f c\u0131v\u0131lt\u0131lar\u0131 insana cennet bah\u00e7elerinden bir esinti gibi geliyor. Bu ruhu, daha derince hissedemeden, aniden ve adeta kulaklar\u0131 sa\u011f\u0131r edercesine k\u00f6pek bo\u011fu\u015fmalar\u0131 bast\u0131r\u0131yor ortal\u0131\u011f\u0131. B\u00fclb\u00fcl \u015fak\u0131malar\u0131 birden kesiliyor ya da duyulmaz hale geliyor. \u201cKargalar\u0131n ba\u011f\u0131rd\u0131\u011f\u0131 yerde b\u00fclb\u00fcller susar\u201d s\u00f6z\u00fc bu t\u00fcr durumlar i\u00e7in s\u00f6ylenmi\u015f olmal\u0131. K\u00f6pekler ba\u011flanmazsa, ne g\u00fczelliklerini sunacak bir canl\u0131 t\u00fcr\u00fc, ne de duyulacak bir t\u0131n\u0131s\u0131 kalacak hayat\u0131n. Derken, k\u00f6pekler susunca, b\u00fclb\u00fcllerin ho\u015f sesleri, sessiz ve derinden, hafiften hafiften, yine ve yeniden gelmeye ba\u015fl\u0131yor. Suriye s\u0131n\u0131r\u0131na birka\u00e7 km uzakl\u0131kta konaklad\u0131\u011f\u0131m\u0131z kamptaki bu sesler, bu duyu\u015f ya da hissedi\u015f, acaba Suriye\u2019ye dair bir \u00e7a\u011fr\u0131\u015f\u0131m ya da enstantane mi sunuyor bana?&#8221;Akrebin K\u0131skac\u0131nda Suriye: Ziyaret, Siyaset, Toplum&#8221; ba\u015fl\u0131\u011f\u0131n\u0131 ta\u015f\u0131yan bu \u00e7al\u0131\u015fma k\u00f6pek bo\u011fu\u015fmalar\u0131n\u0131n de\u011fil, b\u00fclb\u00fcl ve ku\u015f seslerinin Ortado\u011fu\u2019yu kapsamas\u0131 i\u00e7in kaleme al\u0131nm\u0131\u015f bir \u00e7a\u011fr\u0131d\u0131r. \u00c7al\u0131\u015fma, 2009&#8217;dan 2025\u2019e uzanan \u00fc\u00e7 farkl\u0131 Suriye seyahatime dair g\u00f6zlemleri, son ziyaretimiz s\u0131ras\u0131nda, \u00fcst d\u00fczey devlet adam\u0131, askeri yetkili, din adam\u0131, gazeteci, d\u00fc\u015f\u00fcnce adam\u0131, akademisyen, diplomat gibi siyasetten b\u00fcrokrasiye, ilmiyeden askeriyeye, diplomasiden d\u00fc\u015f\u00fcnce kurulu\u015flar\u0131na ger\u00e7ekle\u015ftirdi\u011fimiz derinli\u011fine m\u00fclakatlar\u0131 ve 2012-2025 y\u0131llar\u0131 aras\u0131nda yazd\u0131\u011f\u0131m akademik analizleri birle\u015ftirerek hat\u0131rat ve akademik analizleri harmanlayan \u00f6zg\u00fcn bir t\u00fcre d\u00f6n\u00fc\u015fm\u00fc\u015ft\u00fcr. Bu haliyle eser 2009\u2019dan 2025\u2019e farkl\u0131 tarihlerde i\u00e7erdi\u011fi g\u00f6zlem ve analizlerle Suriye tarihinden k\u0131sa bir kesit olarak da g\u00f6r\u00fclebilir.\u00c7al\u0131\u015fma, isimleri farkl\u0131 olsa da ortak bir al\u0131n yaz\u0131s\u0131na sahip b\u00f6lge milletlerinin Suriye \u00f6zelinde, akreplerin k\u0131skac\u0131nda s\u0131k\u0131\u015ft\u0131\u011f\u0131 bir d\u00f6nemde, i\u00e7inde bulundu\u011fu zorluklar\u0131, halk\u0131n\u0131n \u00e7ekti\u011fi \u00e7ileyi ve k\u00fcresel g\u00fc\u00e7 m\u00fccadelelerini g\u00f6zler \u00f6n\u00fcne sererek Ortado\u011fu\u2019da onurlu bir gelece\u011fin nas\u0131l in\u015fa edilece\u011fine dair bir yol haritas\u0131 da sunmaktad\u0131r.<\/p>\n","protected":false},"excerpt":{"rendered":"<p>Yola erken \u00e7\u0131k\u0131laca\u011f\u0131ndan, sabah 05.30\u2019da al\u0131yorum bu notlar\u0131. Bilgisayar\u0131m\u0131 a\u00e7t\u0131\u011f\u0131mda, odan\u0131n yan taraf\u0131ndan gelen b\u00fclb\u00fcl sesleri ile saba esintisi e\u015flik ediyor bu ilk c\u00fcmleme. Sabah\u0131n ilk<span class=\"excerpt-hellip\"> [\u2026]<\/span><\/p>\n","protected":false},"featured_media":0,"template":"","meta":{"_monsterinsights_skip_tracking":false,"_monsterinsights_sitenote_active":false,"_monsterinsights_sitenote_note":"","_monsterinsights_sitenote_category":0},"product_brand":[],"product_cat":[13072,12291],"product_tag":[],"class_list":{"0":"post-786045","1":"product","2":"type-product","3":"status-publish","5":"product_cat-arastirma-inceleme-referans","6":"product_cat-edebiyat","7":"pa_cilt-ciltsiz","8":"pa_tur-kitap","9":"pa_yayinevi-liberte-yayinlari","10":"pa_yazar-kudret-bulbul","12":"first","13":"instock","14":"sale","15":"shipping-taxable","16":"purchasable","17":"product-type-simple"},"_links":{"self":[{"href":"https:\/\/roveyayinevi.com.tr\/index.php\/wp-json\/wp\/v2\/product\/786045","targetHints":{"allow":["GET"]}}],"collection":[{"href":"https:\/\/roveyayinevi.com.tr\/index.php\/wp-json\/wp\/v2\/product"}],"about":[{"href":"https:\/\/roveyayinevi.com.tr\/index.php\/wp-json\/wp\/v2\/types\/product"}],"wp:attachment":[{"href":"https:\/\/roveyayinevi.com.tr\/index.php\/wp-json\/wp\/v2\/media?parent=786045"}],"wp:term":[{"taxonomy":"product_brand","embeddable":true,"href":"https:\/\/roveyayinevi.com.tr\/index.php\/wp-json\/wp\/v2\/product_brand?post=786045"},{"taxonomy":"product_cat","embeddable":true,"href":"https:\/\/roveyayinevi.com.tr\/index.php\/wp-json\/wp\/v2\/product_cat?post=786045"},{"taxonomy":"product_tag","embeddable":true,"href":"https:\/\/roveyayinevi.com.tr\/index.php\/wp-json\/wp\/v2\/product_tag?post=786045"}],"curies":[{"name":"wp","href":"https:\/\/api.w.org\/{rel}","templated":true}]}}