{"id":786043,"date":"2026-04-15T03:50:09","date_gmt":"2026-04-15T00:50:09","guid":{"rendered":"https:\/\/roveyayinevi.com.tr\/index.php\/urun\/aganta-burina-burinata-ciltli\/"},"modified":"2026-04-15T03:50:09","modified_gmt":"2026-04-15T00:50:09","slug":"aganta-burina-burinata-ciltli","status":"publish","type":"product","link":"https:\/\/roveyayinevi.com.tr\/index.php\/urun\/aganta-burina-burinata-ciltli\/","title":{"rendered":"Aganta Burina Burinata (Ciltli)"},"content":{"rendered":"<p>Buket Uzuner\u2019in \u00f6ns\u00f6z\u00fcyleT\u00fcrk edebiyat\u0131n\u0131n kilometre ta\u015flar\u0131ndan say\u0131lan ve ilk kez 1946 y\u0131l\u0131nda bas\u0131lan Aganta Burina Burinata&#8217;y\u0131,80 y\u0131l\u0131nda sert kapak ciltli bask\u0131s\u0131 ve Buket Uzuner&#8217;in \u00f6ns\u00f6z\u00fcyle sunuyoruz.Halikarnas Bal\u0131k\u00e7\u0131s\u0131&#8217;n\u0131n ilk roman\u0131 olan Aganta Burina Burinata, kendine \u00f6zg\u00fc \u00fcslubuyla b\u00fcy\u00fck yank\u0131uyand\u0131rm\u0131\u015f, \u00e7a\u011fda\u015f\u0131 yazarlara ve ard\u0131ndan gelen ku\u015faklara ilham veren bir eser olmu\u015ftur. Do\u011fan\u0131n,denizin t\u00fcm canl\u0131l\u0131\u011f\u0131 ve co\u015fkusuyla edebiyat\u0131m\u0131za girmesinin kap\u0131s\u0131n\u0131 a\u00e7m\u0131\u015ft\u0131r. Bu y\u00fczden Ya\u015far KemalHalikarnas Bal\u0131k\u00e7\u0131s\u0131&#8217;n\u0131 &#8220;Do\u011faya ilk ba\u015flayan b\u00fcy\u00fck ustam\u0131z&#8221; diye anar ve &#8220;Bizim gen\u00e7 roman\u0131m\u0131z bu b\u00fcy\u00fckustadan \u00e7ok \u015fey \u00f6\u011frenmi\u015ftir. (&#8230;)Bizim edebiyat\u0131m\u0131za sa\u011fl\u0131kl\u0131, g\u00f6rd\u00fc\u011f\u00fcm\u00fcz, g\u00fczel olan do\u011fay\u0131 getirdi.&#8221;tespitini yapar ve &#8220;Biz topra\u011f\u0131 denizci Halikarnas Bal\u0131k\u00e7\u0131s\u0131\u2019ndan \u00f6\u011frendik&#8221; der.Halikarnas Bal\u0131k\u00e7\u0131s\u0131 bu roman\u0131nda insan do\u011fas\u0131n\u0131n kadim \u00e7eli\u015fkilerini de g\u00fcnl\u00fck ya\u015fam\u0131n do\u011fal ak\u0131\u015f\u0131 i\u00e7indederinlemesine i\u015fler. \u0130nsanlar\u0131 &#8220;deniz insan\u0131&#8221; ve &#8220;toprak insan\u0131&#8221; diye ikiye ay\u0131r\u0131r. Deniz insan\u0131 olmak iletoprak insan\u0131 olmak aras\u0131nda dalgalanan Mahmut&#8217;un duygular\u0131nda, hayat\u0131n\u0131n bir d\u00f6neminde &#8220;gitmek-kalmak&#8221; \u00e7eli\u015fkisini ya\u015fayan herkes mutlaka kendinden bir \u015feyler bulur.Aganta Burina Burinata ayn\u0131 zamanda \u00f6zg\u00fcrl\u00fck tutkusunun roman\u0131d\u0131r. Romanda deniz, sadece denizide\u011fil \u00f6zg\u00fcrl\u00fc\u011f\u00fc de simgeler.Mahmut&#8217;un deniz ve \u00f6zg\u00fcrl\u00fck tutkusu \u00fczerinden do\u011fay\u0131, insan\u0131, tutkuyu co\u015fkun bir dille anlatan buba\u015fyap\u0131t, yaz\u0131ld\u0131ktan 80 y\u0131l sonra insanlara yine ayn\u0131 co\u015fkuyla seslenmeye devam ediyor.<\/p>\n","protected":false},"excerpt":{"rendered":"<p>Buket Uzuner\u2019in \u00f6ns\u00f6z\u00fcyleT\u00fcrk edebiyat\u0131n\u0131n kilometre ta\u015flar\u0131ndan say\u0131lan ve ilk kez 1946 y\u0131l\u0131nda bas\u0131lan Aganta Burina Burinata&#8217;y\u0131,80 y\u0131l\u0131nda sert kapak ciltli bask\u0131s\u0131 ve Buket Uzuner&#8217;in \u00f6ns\u00f6z\u00fcyle sunuyoruz.Halikarnas<span class=\"excerpt-hellip\"> [\u2026]<\/span><\/p>\n","protected":false},"featured_media":0,"template":"","meta":{"_monsterinsights_skip_tracking":false,"_monsterinsights_sitenote_active":false,"_monsterinsights_sitenote_note":"","_monsterinsights_sitenote_category":0},"product_brand":[],"product_cat":[141304],"product_tag":[],"class_list":{"0":"post-786043","1":"product","2":"type-product","3":"status-publish","5":"product_cat-yeni-cikanlar","6":"pa_cilt-ciltsiz","7":"pa_tur-kitap","8":"pa_yayinevi-bilgi-yayinevi","9":"pa_yazar-halikarnas-balikcisi-cevat-sakir-kabaagacli","11":"first","12":"instock","13":"sale","14":"shipping-taxable","15":"purchasable","16":"product-type-simple"},"_links":{"self":[{"href":"https:\/\/roveyayinevi.com.tr\/index.php\/wp-json\/wp\/v2\/product\/786043","targetHints":{"allow":["GET"]}}],"collection":[{"href":"https:\/\/roveyayinevi.com.tr\/index.php\/wp-json\/wp\/v2\/product"}],"about":[{"href":"https:\/\/roveyayinevi.com.tr\/index.php\/wp-json\/wp\/v2\/types\/product"}],"wp:attachment":[{"href":"https:\/\/roveyayinevi.com.tr\/index.php\/wp-json\/wp\/v2\/media?parent=786043"}],"wp:term":[{"taxonomy":"product_brand","embeddable":true,"href":"https:\/\/roveyayinevi.com.tr\/index.php\/wp-json\/wp\/v2\/product_brand?post=786043"},{"taxonomy":"product_cat","embeddable":true,"href":"https:\/\/roveyayinevi.com.tr\/index.php\/wp-json\/wp\/v2\/product_cat?post=786043"},{"taxonomy":"product_tag","embeddable":true,"href":"https:\/\/roveyayinevi.com.tr\/index.php\/wp-json\/wp\/v2\/product_tag?post=786043"}],"curies":[{"name":"wp","href":"https:\/\/api.w.org\/{rel}","templated":true}]}}