{"id":786037,"date":"2026-04-15T03:49:49","date_gmt":"2026-04-15T00:49:49","guid":{"rendered":"https:\/\/roveyayinevi.com.tr\/index.php\/urun\/artik-sebze-yiyorum\/"},"modified":"2026-04-15T03:49:49","modified_gmt":"2026-04-15T00:49:49","slug":"artik-sebze-yiyorum","status":"publish","type":"product","link":"https:\/\/roveyayinevi.com.tr\/index.php\/urun\/artik-sebze-yiyorum\/","title":{"rendered":"Art\u0131k Sebze Yiyorum"},"content":{"rendered":"<p>Reyyan sebzeleri \u00e7ok seviyor ama arkada\u015flar\u0131 burun k\u0131v\u0131r\u0131yor!Brokoli mi? Olmaz! Karnabahar m\u0131? Asla!Reyyan, ninesinin bah\u00e7esinde arkada\u015flar\u0131yla birlikte topra\u011fa dokunuyor,  tohum ekiyor ve sabretmeyi \u00f6\u011freniyor. K\u00fc\u00e7\u00fck filizler b\u00fcy\u00fcrken \u00e7ocuklar da de\u011fi\u015fiyor.\u201cArt\u0131k Sebze Yiyorum\u201d, sebzeleri tan\u0131man\u0131n, emek vermenin ve do\u011fayla dost olman\u0131n ne kadar g\u00fczel oldu\u011funu anlatan s\u0131cac\u0131k bir hik\u00e2ye.Bazen k\u00fc\u00e7\u00fcc\u00fck bir tohum,  her \u015feyi de\u011fi\u015ftirebilir.<\/p>\n","protected":false},"excerpt":{"rendered":"<p>Reyyan sebzeleri \u00e7ok seviyor ama arkada\u015flar\u0131 burun k\u0131v\u0131r\u0131yor!Brokoli mi? Olmaz! Karnabahar m\u0131? Asla!Reyyan, ninesinin bah\u00e7esinde arkada\u015flar\u0131yla birlikte topra\u011fa dokunuyor, tohum ekiyor ve sabretmeyi \u00f6\u011freniyor. K\u00fc\u00e7\u00fck filizler<span class=\"excerpt-hellip\"> [\u2026]<\/span><\/p>\n","protected":false},"featured_media":0,"template":"","meta":{"_monsterinsights_skip_tracking":false,"_monsterinsights_sitenote_active":false,"_monsterinsights_sitenote_note":"","_monsterinsights_sitenote_category":0},"product_brand":[],"product_cat":[12274,12284],"product_tag":[],"class_list":{"0":"post-786037","1":"product","2":"type-product","3":"status-publish","5":"product_cat-cocuk-ve-genclik-kitaplari","6":"product_cat-hikayeler","7":"pa_cilt-ciltsiz","8":"pa_tur-kitap","9":"pa_yayinevi-yediveren-cocuk","10":"pa_yazar-mustafa-uye","12":"first","13":"instock","14":"sale","15":"shipping-taxable","16":"purchasable","17":"product-type-simple"},"_links":{"self":[{"href":"https:\/\/roveyayinevi.com.tr\/index.php\/wp-json\/wp\/v2\/product\/786037","targetHints":{"allow":["GET"]}}],"collection":[{"href":"https:\/\/roveyayinevi.com.tr\/index.php\/wp-json\/wp\/v2\/product"}],"about":[{"href":"https:\/\/roveyayinevi.com.tr\/index.php\/wp-json\/wp\/v2\/types\/product"}],"wp:attachment":[{"href":"https:\/\/roveyayinevi.com.tr\/index.php\/wp-json\/wp\/v2\/media?parent=786037"}],"wp:term":[{"taxonomy":"product_brand","embeddable":true,"href":"https:\/\/roveyayinevi.com.tr\/index.php\/wp-json\/wp\/v2\/product_brand?post=786037"},{"taxonomy":"product_cat","embeddable":true,"href":"https:\/\/roveyayinevi.com.tr\/index.php\/wp-json\/wp\/v2\/product_cat?post=786037"},{"taxonomy":"product_tag","embeddable":true,"href":"https:\/\/roveyayinevi.com.tr\/index.php\/wp-json\/wp\/v2\/product_tag?post=786037"}],"curies":[{"name":"wp","href":"https:\/\/api.w.org\/{rel}","templated":true}]}}