{"id":786036,"date":"2026-04-15T03:49:45","date_gmt":"2026-04-15T00:49:45","guid":{"rendered":"https:\/\/roveyayinevi.com.tr\/index.php\/urun\/bizim-cocuk-daha-iyi\/"},"modified":"2026-04-15T03:49:45","modified_gmt":"2026-04-15T00:49:45","slug":"bizim-cocuk-daha-iyi","status":"publish","type":"product","link":"https:\/\/roveyayinevi.com.tr\/index.php\/urun\/bizim-cocuk-daha-iyi\/","title":{"rendered":"Bizim \u00c7ocuk Daha \u0130yi"},"content":{"rendered":"<p>Josette ile Th\u00e9odule hokey tutkunudur, belki de fazlas\u0131yla! \u00c7ocuklar\u0131n\u0131n en iyisi oldu\u011funa inan\u0131yorlar. Peki, hakl\u0131 olan kim?  Bu ebeveynler sonunda anla\u015fabilecek mi?<\/p>\n","protected":false},"excerpt":{"rendered":"<p>Josette ile Th\u00e9odule hokey tutkunudur, belki de fazlas\u0131yla! \u00c7ocuklar\u0131n\u0131n en iyisi oldu\u011funa inan\u0131yorlar. Peki, hakl\u0131 olan kim? Bu ebeveynler sonunda anla\u015fabilecek mi?<\/p>\n","protected":false},"featured_media":0,"template":"","meta":{"_monsterinsights_skip_tracking":false,"_monsterinsights_sitenote_active":false,"_monsterinsights_sitenote_note":"","_monsterinsights_sitenote_category":0},"product_brand":[],"product_cat":[12274,12284],"product_tag":[],"class_list":{"0":"post-786036","1":"product","2":"type-product","3":"status-publish","5":"product_cat-cocuk-ve-genclik-kitaplari","6":"product_cat-hikayeler","7":"pa_cilt-ciltsiz","8":"pa_tur-kitap","9":"pa_yayinevi-yediveren-cocuk","10":"pa_yazar-alain-m-bergeron","12":"first","13":"instock","14":"sale","15":"shipping-taxable","16":"purchasable","17":"product-type-simple"},"_links":{"self":[{"href":"https:\/\/roveyayinevi.com.tr\/index.php\/wp-json\/wp\/v2\/product\/786036","targetHints":{"allow":["GET"]}}],"collection":[{"href":"https:\/\/roveyayinevi.com.tr\/index.php\/wp-json\/wp\/v2\/product"}],"about":[{"href":"https:\/\/roveyayinevi.com.tr\/index.php\/wp-json\/wp\/v2\/types\/product"}],"wp:attachment":[{"href":"https:\/\/roveyayinevi.com.tr\/index.php\/wp-json\/wp\/v2\/media?parent=786036"}],"wp:term":[{"taxonomy":"product_brand","embeddable":true,"href":"https:\/\/roveyayinevi.com.tr\/index.php\/wp-json\/wp\/v2\/product_brand?post=786036"},{"taxonomy":"product_cat","embeddable":true,"href":"https:\/\/roveyayinevi.com.tr\/index.php\/wp-json\/wp\/v2\/product_cat?post=786036"},{"taxonomy":"product_tag","embeddable":true,"href":"https:\/\/roveyayinevi.com.tr\/index.php\/wp-json\/wp\/v2\/product_tag?post=786036"}],"curies":[{"name":"wp","href":"https:\/\/api.w.org\/{rel}","templated":true}]}}