{"id":786034,"date":"2026-04-15T03:49:40","date_gmt":"2026-04-15T00:49:40","guid":{"rendered":"https:\/\/roveyayinevi.com.tr\/index.php\/urun\/33-adimda-kaderin-rune-sifresi\/"},"modified":"2026-04-15T03:49:40","modified_gmt":"2026-04-15T00:49:40","slug":"33-adimda-kaderin-rune-sifresi","status":"publish","type":"product","link":"https:\/\/roveyayinevi.com.tr\/index.php\/urun\/33-adimda-kaderin-rune-sifresi\/","title":{"rendered":"33 Ad\u0131mda Kaderin Rune \u015eifresi"},"content":{"rendered":"<p>Y\u0131ld\u0131zlar\u0131n dili, kadim semboller, runelerin f\u0131s\u0131lt\u0131s\u0131 ve evrenin g\u00f6r\u00fcnmeyen ak\u0131\u015f\u0131\u2026Hepsi sana tek bir \u015feyi hat\u0131rlatmak i\u00e7in burada\u2026Hayat\u0131nda hi\u00e7bir \u015fey tesad\u00fcf de\u011fildi\u2026 Neden mi?.. Sana bunu kitab\u0131n ilk b\u00f6l\u00fcm\u00fcnde anlataca\u011f\u0131m\u2026Y\u00fczy\u0131llard\u0131r insanlar kaderlerini de\u011fi\u015ftirmek ve daha konforlu ve iyi bir hayat i\u00e7in y\u0131ld\u0131zlara bakt\u0131, t\u0131ls\u0131mlar \u00e7izdi, dualar f\u0131s\u0131ldad\u0131.Bu sayfalarda;\u2728 hayat\u0131na y\u00f6n verecek semboller\u2728 enerjiyi d\u00f6n\u00fc\u015ft\u00fcren rit\u00fceller\u2728 \u015fans, bereket ve a\u015fk\u0131 \u00e7a\u011f\u0131ran kadim bilgiler mevcut.Hik\u00e2ye hen\u00fcz bitmedi\u2026 Devam\u0131n\u0131 okuman anlaman ve uygulaman gerek.\u015eimdilik benden bu kadar\u2026<\/p>\n","protected":false},"excerpt":{"rendered":"<p>Y\u0131ld\u0131zlar\u0131n dili, kadim semboller, runelerin f\u0131s\u0131lt\u0131s\u0131 ve evrenin g\u00f6r\u00fcnmeyen ak\u0131\u015f\u0131\u2026Hepsi sana tek bir \u015feyi hat\u0131rlatmak i\u00e7in burada\u2026Hayat\u0131nda hi\u00e7bir \u015fey tesad\u00fcf de\u011fildi\u2026 Neden mi?.. Sana bunu kitab\u0131n<span class=\"excerpt-hellip\"> [\u2026]<\/span><\/p>\n","protected":false},"featured_media":0,"template":"","meta":{"_monsterinsights_skip_tracking":false,"_monsterinsights_sitenote_active":false,"_monsterinsights_sitenote_note":"","_monsterinsights_sitenote_category":0},"product_brand":[],"product_cat":[12364,16154],"product_tag":[],"class_list":{"0":"post-786034","1":"product","2":"type-product","3":"status-publish","5":"product_cat-genel-konular","6":"product_cat-parapsikoloji","7":"pa_cilt-ciltsiz","8":"pa_tur-kitap","9":"pa_yayinevi-yediveren-yayinlari","10":"pa_yazar-sezen-tatli","12":"first","13":"instock","14":"sale","15":"shipping-taxable","16":"purchasable","17":"product-type-simple"},"_links":{"self":[{"href":"https:\/\/roveyayinevi.com.tr\/index.php\/wp-json\/wp\/v2\/product\/786034","targetHints":{"allow":["GET"]}}],"collection":[{"href":"https:\/\/roveyayinevi.com.tr\/index.php\/wp-json\/wp\/v2\/product"}],"about":[{"href":"https:\/\/roveyayinevi.com.tr\/index.php\/wp-json\/wp\/v2\/types\/product"}],"wp:attachment":[{"href":"https:\/\/roveyayinevi.com.tr\/index.php\/wp-json\/wp\/v2\/media?parent=786034"}],"wp:term":[{"taxonomy":"product_brand","embeddable":true,"href":"https:\/\/roveyayinevi.com.tr\/index.php\/wp-json\/wp\/v2\/product_brand?post=786034"},{"taxonomy":"product_cat","embeddable":true,"href":"https:\/\/roveyayinevi.com.tr\/index.php\/wp-json\/wp\/v2\/product_cat?post=786034"},{"taxonomy":"product_tag","embeddable":true,"href":"https:\/\/roveyayinevi.com.tr\/index.php\/wp-json\/wp\/v2\/product_tag?post=786034"}],"curies":[{"name":"wp","href":"https:\/\/api.w.org\/{rel}","templated":true}]}}