{"id":786033,"date":"2026-04-15T03:49:35","date_gmt":"2026-04-15T00:49:35","guid":{"rendered":"https:\/\/roveyayinevi.com.tr\/index.php\/urun\/artik-her-seye-sahibiz\/"},"modified":"2026-04-15T03:49:35","modified_gmt":"2026-04-15T00:49:35","slug":"artik-her-seye-sahibiz","status":"publish","type":"product","link":"https:\/\/roveyayinevi.com.tr\/index.php\/urun\/artik-her-seye-sahibiz\/","title":{"rendered":"Art\u0131k Her \u015eeye Sahibiz"},"content":{"rendered":"<p>Art\u0131k Her \u015eeye Sahibiz: Kendimi Haz\u0131r Hissetmeden Anne Olmam\u0131n \u00d6yku\u0308su\u0308, Meaghan O\u2019Connell\u2019\u0131n toy bir gen\u00e7 yeti\u015fkin olarak anneli\u011fe ad\u0131m atarken ya\u015fad\u0131\u011f\u0131 o sanc\u0131l\u0131 d\u00f6nu\u0308\u015fu\u0308mu\u0308 yat\u0131r\u0131yor masaya. O\u2019Connell, plans\u0131z gebeli\u011fin yaratt\u0131\u011f\u0131 o bitmek bilmez \u201cyetersizlik\u201d hissini, do\u011fum sonras\u0131 de\u011fi\u015fen bedenin ya\u015fad\u0131\u011f\u0131 ikinci ergenli\u011fi, bebek sonras\u0131 seks \u00e7\u0131kmaz\u0131n\u0131, o tuhaf \u201canne arkada\u015flar\u201d edinme bask\u0131s\u0131n\u0131 ve u\u0308zerine henu\u0308z tam oturmam\u0131\u015f yeni bir kimli\u011fe bu\u0308ru\u0308nmenin bu\u0308yu\u0308leyici garipli\u011fini du\u0308ru\u0308st\u00e7e ele al\u0131yor.   Bizi do\u011frudan do\u011fumhaneye sokan yazar, do\u011fumu tu\u0308m o hummal\u0131 vah\u015feti ve g\u00f6rkemiyle resmederken; beklentilerimizi \u00e7arp\u0131tan, annelik \u00f6zsayg\u0131s\u0131n\u0131 kemiren o \u201cbu\u0308yu\u0308lu\u0308\u201d veya \u201cdo\u011fal\u201d deneyim masallar\u0131n\u0131 yerle bir ediyor.   Art\u0131k Her \u015eeye Sahibiz, zaman\u0131n ruhuna uygun, hem komik hem de sars\u0131c\u0131 derecede du\u0308ru\u0308st bir annelik hik\u00e2yesi.   **   Annelik beni daha iyi birine mi d\u00f6nu\u0308\u015ftu\u0308recekti, yoksa hayat\u0131mdaki her \u015feyi yerle bir mi edecekti?<\/p>\n","protected":false},"excerpt":{"rendered":"<p>Art\u0131k Her \u015eeye Sahibiz: Kendimi Haz\u0131r Hissetmeden Anne Olmam\u0131n \u00d6yku\u0308su\u0308, Meaghan O\u2019Connell\u2019\u0131n toy bir gen\u00e7 yeti\u015fkin olarak anneli\u011fe ad\u0131m atarken ya\u015fad\u0131\u011f\u0131 o sanc\u0131l\u0131 d\u00f6nu\u0308\u015fu\u0308mu\u0308 yat\u0131r\u0131yor masaya.<span class=\"excerpt-hellip\"> [\u2026]<\/span><\/p>\n","protected":false},"featured_media":0,"template":"","meta":{"_monsterinsights_skip_tracking":false,"_monsterinsights_sitenote_active":false,"_monsterinsights_sitenote_note":"","_monsterinsights_sitenote_category":0},"product_brand":[],"product_cat":[13701,12291],"product_tag":[],"class_list":{"0":"post-786033","1":"product","2":"type-product","3":"status-publish","5":"product_cat-ani-mektup-gunluk","6":"product_cat-edebiyat","7":"pa_cilt-ciltsiz","8":"pa_tur-kitap","9":"pa_yayinevi-nova-kitap","10":"pa_yazar-meaghan-oconnell","12":"first","13":"instock","14":"sale","15":"shipping-taxable","16":"purchasable","17":"product-type-simple"},"_links":{"self":[{"href":"https:\/\/roveyayinevi.com.tr\/index.php\/wp-json\/wp\/v2\/product\/786033","targetHints":{"allow":["GET"]}}],"collection":[{"href":"https:\/\/roveyayinevi.com.tr\/index.php\/wp-json\/wp\/v2\/product"}],"about":[{"href":"https:\/\/roveyayinevi.com.tr\/index.php\/wp-json\/wp\/v2\/types\/product"}],"wp:attachment":[{"href":"https:\/\/roveyayinevi.com.tr\/index.php\/wp-json\/wp\/v2\/media?parent=786033"}],"wp:term":[{"taxonomy":"product_brand","embeddable":true,"href":"https:\/\/roveyayinevi.com.tr\/index.php\/wp-json\/wp\/v2\/product_brand?post=786033"},{"taxonomy":"product_cat","embeddable":true,"href":"https:\/\/roveyayinevi.com.tr\/index.php\/wp-json\/wp\/v2\/product_cat?post=786033"},{"taxonomy":"product_tag","embeddable":true,"href":"https:\/\/roveyayinevi.com.tr\/index.php\/wp-json\/wp\/v2\/product_tag?post=786033"}],"curies":[{"name":"wp","href":"https:\/\/api.w.org\/{rel}","templated":true}]}}