{"id":786032,"date":"2026-04-15T03:49:32","date_gmt":"2026-04-15T00:49:32","guid":{"rendered":"https:\/\/roveyayinevi.com.tr\/index.php\/urun\/helenin-bebekleri\/"},"modified":"2026-04-15T03:49:32","modified_gmt":"2026-04-15T00:49:32","slug":"helenin-bebekleri","status":"publish","type":"product","link":"https:\/\/roveyayinevi.com.tr\/index.php\/urun\/helenin-bebekleri\/","title":{"rendered":"Helen\u2019\u0131n Bebekleri"},"content":{"rendered":"<p>\u201cT\u00fcr\u00fcn\u00fcn en iyi \u00f6rneklerinden&#8230; \u0130\u00e7inde sadece masumiyet de\u011fil, o saf ve i\u00e7ten ne\u015fenin par\u0131lt\u0131s\u0131 var.\u201d \u2014GEORGE ORWELL   On dokuzuncu y\u00fczy\u0131l Amerikan edebiyat\u0131n\u0131n ne\u015feli ve keskin g\u00f6zlemci kalemlerinden John Habberton, insan do\u011fas\u0131n\u0131n en saf, en ele avuca s\u0131\u011fmaz h\u00e2llerini anlatmaktaki ustal\u0131\u011f\u0131yla tan\u0131n\u0131r. Bir gazeteci titizli\u011fiyle yakalad\u0131\u011f\u0131 g\u00fcndelik anlar\u0131, i\u00e7ten bir mizah ve derin bir \u015fefkatle harmanlayan yazar; yeti\u015fkinlerin kurallarla \u00f6r\u00fcl\u00fc d\u00fcnyas\u0131n\u0131, \u00e7ocuklar\u0131n s\u0131n\u0131rs\u0131z hayal g\u00fcc\u00fc ve masumiyeti kar\u015f\u0131s\u0131nda nazik\u00e7e sorgular. Habberton, her sat\u0131r\u0131nda bize b\u00fcy\u00fcmenin asl\u0131nda unutmakla e\u015fde\u011fer oldu\u011funu an\u0131msatan bir edebiyat mimar\u0131d\u0131r.   Helen\u2019\u0131n Bebekleri, bek\u00e2r ve d\u00fczen tutkunu bir day\u0131n\u0131n, k\u0131z karde\u015finin iki k\u00fc\u00e7\u00fck o\u011fluyla ba\u015f ba\u015fa kald\u0131\u011f\u0131 o unutulmaz, kaotik ve bir o kadar da b\u00fcy\u00fcl\u00fc on g\u00fcn\u00fc konu al\u0131r. Budge ve Toddie\u2019nin bitmek bilmeyen enerjileri, haylazl\u0131klar\u0131 ve d\u00fcnyay\u0131 alg\u0131lama bi\u00e7imleri; disiplinli bir hayat\u0131n duvarlar\u0131n\u0131 birer birer y\u0131karak yerini \u00e7ocuksu bir ne\u015feye b\u0131rak\u0131r.<\/p>\n","protected":false},"excerpt":{"rendered":"<p>\u201cT\u00fcr\u00fcn\u00fcn en iyi \u00f6rneklerinden&#8230; \u0130\u00e7inde sadece masumiyet de\u011fil, o saf ve i\u00e7ten ne\u015fenin par\u0131lt\u0131s\u0131 var.\u201d \u2014GEORGE ORWELL On dokuzuncu y\u00fczy\u0131l Amerikan edebiyat\u0131n\u0131n ne\u015feli ve keskin g\u00f6zlemci<span class=\"excerpt-hellip\"> [\u2026]<\/span><\/p>\n","protected":false},"featured_media":0,"template":"","meta":{"_monsterinsights_skip_tracking":false,"_monsterinsights_sitenote_active":false,"_monsterinsights_sitenote_note":"","_monsterinsights_sitenote_category":0},"product_brand":[],"product_cat":[12291,12711],"product_tag":[],"class_list":{"0":"post-786032","1":"product","2":"type-product","3":"status-publish","5":"product_cat-edebiyat","6":"product_cat-roman-oyku","7":"pa_cilt-ciltsiz","8":"pa_tur-kitap","9":"pa_yayinevi-ithaki-yayinlari","10":"pa_yazar-john-habberton","12":"first","13":"instock","14":"sale","15":"shipping-taxable","16":"purchasable","17":"product-type-simple"},"_links":{"self":[{"href":"https:\/\/roveyayinevi.com.tr\/index.php\/wp-json\/wp\/v2\/product\/786032","targetHints":{"allow":["GET"]}}],"collection":[{"href":"https:\/\/roveyayinevi.com.tr\/index.php\/wp-json\/wp\/v2\/product"}],"about":[{"href":"https:\/\/roveyayinevi.com.tr\/index.php\/wp-json\/wp\/v2\/types\/product"}],"wp:attachment":[{"href":"https:\/\/roveyayinevi.com.tr\/index.php\/wp-json\/wp\/v2\/media?parent=786032"}],"wp:term":[{"taxonomy":"product_brand","embeddable":true,"href":"https:\/\/roveyayinevi.com.tr\/index.php\/wp-json\/wp\/v2\/product_brand?post=786032"},{"taxonomy":"product_cat","embeddable":true,"href":"https:\/\/roveyayinevi.com.tr\/index.php\/wp-json\/wp\/v2\/product_cat?post=786032"},{"taxonomy":"product_tag","embeddable":true,"href":"https:\/\/roveyayinevi.com.tr\/index.php\/wp-json\/wp\/v2\/product_tag?post=786032"}],"curies":[{"name":"wp","href":"https:\/\/api.w.org\/{rel}","templated":true}]}}