{"id":786030,"date":"2026-04-15T03:49:25","date_gmt":"2026-04-15T00:49:25","guid":{"rendered":"https:\/\/roveyayinevi.com.tr\/index.php\/urun\/mitik-dunyalar-modern-kelimeler\/"},"modified":"2026-04-15T03:49:25","modified_gmt":"2026-04-15T00:49:25","slug":"mitik-dunyalar-modern-kelimeler","status":"publish","type":"product","link":"https:\/\/roveyayinevi.com.tr\/index.php\/urun\/mitik-dunyalar-modern-kelimeler\/","title":{"rendered":"Mitik D\u00fcnyalar, Modern Kelimeler"},"content":{"rendered":"<p>KAD\u0130M R\u00dcYALARIN YANKISI, MODERN RUHUN KUYUSUNDA.   1927 y\u0131l\u0131nda, Paris\u2019te yirmi \u00fc\u00e7 ya\u015f\u0131nda bir lisans\u00fcst\u00fc bursiyeri olan Joseph Campbell, James Joyce\u2019un Ulysses\u2019i ile ilk kez kar\u015f\u0131la\u015ft\u0131. Hem \u00f6vg\u00fclerle an\u0131lan hem de b\u00fcy\u00fck tart\u0131\u015fmalara yol a\u00e7an (1920\u2019de Amerika Birle\u015fik Devletleri\u2019ndeki m\u00fcstehcenlik davas\u0131 dahil) bu roman, pek \u00e7oklar\u0131 gibi Campbell\u2019\u0131 da b\u00fcy\u00fclemi\u015f ve \u015fa\u015fk\u0131na \u00e7evirmi\u015fti. Paris\u2019te oldu\u011fu i\u00e7in, Ulysses\u2019in as\u0131l yay\u0131nc\u0131s\u0131 Sylvia Beach\u2019in yuvas\u0131 olan Shakespeare &amp; Company kitabevini ziyaret etme \u015fans\u0131n\u0131 buldu. Beach, ona Ulysses\u2019i okumas\u0131 i\u00e7in baz\u0131 \u201cipu\u00e7lar\u0131\u201d verdi ve Campbell\u2019\u0131n ifadesiyle bu, onun kariyerini de\u011fi\u015ftirdi. Sonraki altm\u0131\u015f y\u0131l boyunca Campbell, Joyce\u2019un eserlerinden olu\u015fan labirentlerde yol ald\u0131; derinlik psikolojisi, kar\u015f\u0131la\u015ft\u0131rmal\u0131 dinler, antropoloji ve sanat tarihini birer analiz arac\u0131 olarak kullanarak Joyce \u00fczerine yaz\u0131lar yazd\u0131 ve dersler verdi.   Joyce uzman\u0131 Edmund L. Epstein taraf\u0131ndan d\u00fczenlenen ve Campbell\u2019\u0131n James Joyce romanlar\u0131 \u00fczerine k\u0131rk y\u0131ll\u0131k derslerini, makalelerini ve yay\u0131mlanmam\u0131\u015f yaz\u0131lar\u0131n\u0131 bir araya getiren bu \u00e7al\u0131\u015fma; hem sanatta mitin do\u011fas\u0131n\u0131 hem de pek \u00e7oklar\u0131n\u0131n modern<\/p>\n","protected":false},"excerpt":{"rendered":"<p>KAD\u0130M R\u00dcYALARIN YANKISI, MODERN RUHUN KUYUSUNDA. 1927 y\u0131l\u0131nda, Paris\u2019te yirmi \u00fc\u00e7 ya\u015f\u0131nda bir lisans\u00fcst\u00fc bursiyeri olan Joseph Campbell, James Joyce\u2019un Ulysses\u2019i ile ilk kez kar\u015f\u0131la\u015ft\u0131. Hem<span class=\"excerpt-hellip\"> [\u2026]<\/span><\/p>\n","protected":false},"featured_media":0,"template":"","meta":{"_monsterinsights_skip_tracking":false,"_monsterinsights_sitenote_active":false,"_monsterinsights_sitenote_note":"","_monsterinsights_sitenote_category":0},"product_brand":[],"product_cat":[12291,12711],"product_tag":[],"class_list":{"0":"post-786030","1":"product","2":"type-product","3":"status-publish","5":"product_cat-edebiyat","6":"product_cat-roman-oyku","7":"pa_cilt-ciltsiz","8":"pa_tur-kitap","9":"pa_yayinevi-ithaki-yayinlari","10":"pa_yazar-joseph-campbell","12":"first","13":"instock","14":"sale","15":"shipping-taxable","16":"purchasable","17":"product-type-simple"},"_links":{"self":[{"href":"https:\/\/roveyayinevi.com.tr\/index.php\/wp-json\/wp\/v2\/product\/786030","targetHints":{"allow":["GET"]}}],"collection":[{"href":"https:\/\/roveyayinevi.com.tr\/index.php\/wp-json\/wp\/v2\/product"}],"about":[{"href":"https:\/\/roveyayinevi.com.tr\/index.php\/wp-json\/wp\/v2\/types\/product"}],"wp:attachment":[{"href":"https:\/\/roveyayinevi.com.tr\/index.php\/wp-json\/wp\/v2\/media?parent=786030"}],"wp:term":[{"taxonomy":"product_brand","embeddable":true,"href":"https:\/\/roveyayinevi.com.tr\/index.php\/wp-json\/wp\/v2\/product_brand?post=786030"},{"taxonomy":"product_cat","embeddable":true,"href":"https:\/\/roveyayinevi.com.tr\/index.php\/wp-json\/wp\/v2\/product_cat?post=786030"},{"taxonomy":"product_tag","embeddable":true,"href":"https:\/\/roveyayinevi.com.tr\/index.php\/wp-json\/wp\/v2\/product_tag?post=786030"}],"curies":[{"name":"wp","href":"https:\/\/api.w.org\/{rel}","templated":true}]}}