{"id":786028,"date":"2026-04-15T03:48:51","date_gmt":"2026-04-15T00:48:51","guid":{"rendered":"https:\/\/roveyayinevi.com.tr\/index.php\/urun\/asurlular-kayip-uygarliklar\/"},"modified":"2026-04-15T03:48:51","modified_gmt":"2026-04-15T00:48:51","slug":"asurlular-kayip-uygarliklar","status":"publish","type":"product","link":"https:\/\/roveyayinevi.com.tr\/index.php\/urun\/asurlular-kayip-uygarliklar\/","title":{"rendered":"Asurlular; Kay\u0131p Uygarl\u0131klar"},"content":{"rendered":"<p>Antik Asur\u2019un arkeolojik tarihini, g\u00f6rkemli mimarisini, sanat\u0131n\u0131 ve edebiyat\u0131n\u0131 g\u00f6zler \u00f6n\u00fcne seren \u00e7arp\u0131c\u0131 bir anlat\u0131\u2026M\u00d6 660 dolaylar\u0131nda g\u00fcc\u00fcn\u00fcn zirvesine ula\u015fan ve bug\u00fcnk\u00fc Irak\u2019\u0131n kuzeyinde h\u00fck\u00fcm s\u00fcren Asur \u0130mparatorlu\u011fu, M\u0131s\u0131r\u2019dan \u0130ran\u2019a uzanan geni\u015f bir co\u011frafyada egemenlik kurmu\u015ftu. Bu devasa topraklar, kraliyet rit\u00fcellerini, sava\u015flar\u0131 ve av sahnelerini betimleyen muhte\u015fem kabartmalarla s\u00fcslenmi\u015f g\u00f6rkemli saraylar in\u015fa eden g\u00fc\u00e7l\u00fc krallar taraf\u0131ndan y\u00f6netiliyordu.Asker\u00ee kudretle \u015fekillenen bu imparatorluk, ayn\u0131 zamanda devlet d\u00fczenini ayakta tutmak \u00fczere on binlerce insan\u0131 farkl\u0131 b\u00f6lgelere yerle\u015ftiren idari politikalar ve ilah\u00ee iradeyi yorumlayan bilginlerin rehberli\u011fi sayesinde geli\u015fip b\u00fcy\u00fcd\u00fc.Bu kitap, Asur tarihini; kraliyet ailesinin, an\u0131tsal mimarinin, sanat ve edebiyat hamili\u011finin yan\u0131 s\u0131ra Babil ve Pers imparatorluklar\u0131n\u0131n temellerini atan y\u00f6netici elitin bak\u0131\u015f a\u00e7\u0131s\u0131ndan ele alarak bu b\u00fcy\u00fck uygarl\u0131\u011f\u0131n siyasal, k\u00fclt\u00fcrel ve entelekt\u00fcel d\u00fcnyas\u0131n\u0131 kapsaml\u0131 bi\u00e7imde ortaya koyuyor.<\/p>\n","protected":false},"excerpt":{"rendered":"<p>Antik Asur\u2019un arkeolojik tarihini, g\u00f6rkemli mimarisini, sanat\u0131n\u0131 ve edebiyat\u0131n\u0131 g\u00f6zler \u00f6n\u00fcne seren \u00e7arp\u0131c\u0131 bir anlat\u0131\u2026M\u00d6 660 dolaylar\u0131nda g\u00fcc\u00fcn\u00fcn zirvesine ula\u015fan ve bug\u00fcnk\u00fc Irak\u2019\u0131n kuzeyinde h\u00fck\u00fcm s\u00fcren<span class=\"excerpt-hellip\"> [\u2026]<\/span><\/p>\n","protected":false},"featured_media":0,"template":"","meta":{"_monsterinsights_skip_tracking":false,"_monsterinsights_sitenote_active":false,"_monsterinsights_sitenote_note":"","_monsterinsights_sitenote_category":0},"product_brand":[],"product_cat":[12312,12304],"product_tag":[],"class_list":{"0":"post-786028","1":"product","2":"type-product","3":"status-publish","5":"product_cat-diger","6":"product_cat-tarih","7":"pa_cilt-ciltsiz","8":"pa_tur-kitap","9":"pa_yayinevi-yeditepe-yayinevi","10":"pa_yazar-paul-collins","12":"first","13":"instock","14":"sale","15":"shipping-taxable","16":"purchasable","17":"product-type-simple"},"_links":{"self":[{"href":"https:\/\/roveyayinevi.com.tr\/index.php\/wp-json\/wp\/v2\/product\/786028","targetHints":{"allow":["GET"]}}],"collection":[{"href":"https:\/\/roveyayinevi.com.tr\/index.php\/wp-json\/wp\/v2\/product"}],"about":[{"href":"https:\/\/roveyayinevi.com.tr\/index.php\/wp-json\/wp\/v2\/types\/product"}],"wp:attachment":[{"href":"https:\/\/roveyayinevi.com.tr\/index.php\/wp-json\/wp\/v2\/media?parent=786028"}],"wp:term":[{"taxonomy":"product_brand","embeddable":true,"href":"https:\/\/roveyayinevi.com.tr\/index.php\/wp-json\/wp\/v2\/product_brand?post=786028"},{"taxonomy":"product_cat","embeddable":true,"href":"https:\/\/roveyayinevi.com.tr\/index.php\/wp-json\/wp\/v2\/product_cat?post=786028"},{"taxonomy":"product_tag","embeddable":true,"href":"https:\/\/roveyayinevi.com.tr\/index.php\/wp-json\/wp\/v2\/product_tag?post=786028"}],"curies":[{"name":"wp","href":"https:\/\/api.w.org\/{rel}","templated":true}]}}