{"id":786027,"date":"2026-04-15T03:48:38","date_gmt":"2026-04-15T00:48:38","guid":{"rendered":"https:\/\/roveyayinevi.com.tr\/index.php\/urun\/disney-minnie-dev-cikartmali-boyama-kitabi-dogan-cocuk-ince-kapak\/"},"modified":"2026-04-15T03:48:38","modified_gmt":"2026-04-15T00:48:38","slug":"disney-minnie-dev-cikartmali-boyama-kitabi-dogan-cocuk-ince-kapak","status":"publish","type":"product","link":"https:\/\/roveyayinevi.com.tr\/index.php\/urun\/disney-minnie-dev-cikartmali-boyama-kitabi-dogan-cocuk-ince-kapak\/","title":{"rendered":"Disney Minnie &#8211; Dev \u00c7\u0131kartmal\u0131 Boyama Kitab\u0131 | Do\u011fan \u00c7ocuk (\u0130nce Kapak)"},"content":{"rendered":"<p>Kapaktaki \u00e7\u0131kartmay\u0131 g\u00f6rd\u00fcn m\u00fc? KOCAMAN! Odan\u0131 s\u00fcslemek, defterini tasarlamak ya da istedi\u011fin herhangi bir yere yap\u0131\u015ft\u0131rmak i\u00e7in kullanabilirsin! \u00c7ok haval\u0131 de\u011fil mi? Ayr\u0131ca di\u011fer bir\u00e7ok k\u00fc\u00e7\u00fck \u00e7\u0131kartman\u0131n ve elbette boyama sayfalar\u0131n\u0131n keyfini \u00e7\u0131karmay\u0131 da unutma! Haydi, yarat\u0131c\u0131l\u0131\u011f\u0131n\u0131 konu\u015ftur ve e\u011flenceye ba\u015fla.<\/p>\n","protected":false},"excerpt":{"rendered":"<p>Kapaktaki \u00e7\u0131kartmay\u0131 g\u00f6rd\u00fcn m\u00fc? KOCAMAN! Odan\u0131 s\u00fcslemek, defterini tasarlamak ya da istedi\u011fin herhangi bir yere yap\u0131\u015ft\u0131rmak i\u00e7in kullanabilirsin! \u00c7ok haval\u0131 de\u011fil mi? Ayr\u0131ca di\u011fer bir\u00e7ok k\u00fc\u00e7\u00fck<span class=\"excerpt-hellip\"> [\u2026]<\/span><\/p>\n","protected":false},"featured_media":0,"template":"","meta":{"_monsterinsights_skip_tracking":false,"_monsterinsights_sitenote_active":false,"_monsterinsights_sitenote_note":"","_monsterinsights_sitenote_category":0},"product_brand":[],"product_cat":[12644,12274],"product_tag":[],"class_list":{"0":"post-786027","1":"product","2":"type-product","3":"status-publish","5":"product_cat-boyama-kitaplari","6":"product_cat-cocuk-ve-genclik-kitaplari","7":"pa_cilt-ciltsiz","8":"pa_tur-kitap","9":"pa_yayinevi-dogan-cocuk","10":"pa_yazar-kolektif","12":"first","13":"instock","14":"sale","15":"shipping-taxable","16":"purchasable","17":"product-type-simple"},"_links":{"self":[{"href":"https:\/\/roveyayinevi.com.tr\/index.php\/wp-json\/wp\/v2\/product\/786027","targetHints":{"allow":["GET"]}}],"collection":[{"href":"https:\/\/roveyayinevi.com.tr\/index.php\/wp-json\/wp\/v2\/product"}],"about":[{"href":"https:\/\/roveyayinevi.com.tr\/index.php\/wp-json\/wp\/v2\/types\/product"}],"wp:attachment":[{"href":"https:\/\/roveyayinevi.com.tr\/index.php\/wp-json\/wp\/v2\/media?parent=786027"}],"wp:term":[{"taxonomy":"product_brand","embeddable":true,"href":"https:\/\/roveyayinevi.com.tr\/index.php\/wp-json\/wp\/v2\/product_brand?post=786027"},{"taxonomy":"product_cat","embeddable":true,"href":"https:\/\/roveyayinevi.com.tr\/index.php\/wp-json\/wp\/v2\/product_cat?post=786027"},{"taxonomy":"product_tag","embeddable":true,"href":"https:\/\/roveyayinevi.com.tr\/index.php\/wp-json\/wp\/v2\/product_tag?post=786027"}],"curies":[{"name":"wp","href":"https:\/\/api.w.org\/{rel}","templated":true}]}}