{"id":786025,"date":"2026-04-15T03:47:44","date_gmt":"2026-04-15T00:47:44","guid":{"rendered":"https:\/\/roveyayinevi.com.tr\/index.php\/urun\/egitimde-elestirel-perspektifler\/"},"modified":"2026-04-15T03:47:44","modified_gmt":"2026-04-15T00:47:44","slug":"egitimde-elestirel-perspektifler","status":"publish","type":"product","link":"https:\/\/roveyayinevi.com.tr\/index.php\/urun\/egitimde-elestirel-perspektifler\/","title":{"rendered":"E\u011fitimde Ele\u015ftirel Perspektifler"},"content":{"rendered":"<p>E\u011fitimde Ele\u015ftirel Perspektifler, e\u011fitime ve e\u011fitim bilimine ili\u015fkin teoriler s\u0131ralay\u0131p onlar\u0131 aktarmak yerine, e\u011fitim alan\u0131na mu\u0308dahale edebilecek ara\u00e7lar\u0131, teori ve deneyimden birlikte yararlanarak bulmay\u0131 hedefliyor. Bu y\u00f6nu\u0308yle e\u011fitim-\u00f6\u011fretim alan\u0131nda gerek e\u011fitmen olarak yer alanlar gerekse de e\u011fitimin toplumsal d\u00f6nu\u0308\u015fu\u0308mdeki yeri bak\u0131m\u0131ndan ele\u015ftirel perspektifleri tart\u0131\u015fmay\u0131 arzulayanlar i\u00e7in bir ba\u015fucu kitab\u0131 niteli\u011fi ta\u015f\u0131yor. Feminist pedogojiden postkolonyal ele\u015ftiriye, digital teknolojilerin yaratt\u0131\u011f\u0131 e\u011fitim ortam\u0131ndaki geli\u015fmelerden n\u00f6robilimin katk\u0131lar\u0131na kadar geni\u015f yelpazede konular\u0131n ele al\u0131nd\u0131\u011f\u0131 eser, \u00f6\u011fretmenlik deneyimine ve \u00f6\u011fretmen kimli\u011fine ili\u015fkin yeni formasyonlar\u0131n tart\u0131\u015f\u0131lmas\u0131 i\u00e7in gu\u0308\u00e7lu\u0308 bir zemin sunuyor. Bilginin iktidarla ili\u015fkisini, r\u0131za u\u0308retiminde e\u011fitimin rolu\u0308nu\u0308 de i\u00e7eren metinler, \u00e7al\u0131\u015fma boyunca e\u011fitime ili\u015fkin gu\u0308\u00e7lendirici ve d\u00f6nu\u0308\u015ftu\u0308ru\u0308cu\u0308 olanaklar\u0131n aranmas\u0131na evriliyor. Tu\u0308rkiye tarihinin son \u00e7eyrek yu\u0308zy\u0131l\u0131ndaki e\u011fitim alan\u0131nda ger\u00e7ekle\u015fen neoliberal d\u00f6nu\u0308\u015fu\u0308m ve tahribat\u0131n sonucu olan tart\u0131\u015fmalar bak\u0131m\u0131ndan, E\u011fitimde Ele\u015ftirel Perspektifler derlemesi, e\u011fitime ili\u015fkin du\u0308\u015fu\u0308nme ve eyleme bi\u00e7imlerine yarat\u0131c\u0131 mu\u0308dahale imk\u00e2nlar\u0131 sunuyor.<\/p>\n","protected":false},"excerpt":{"rendered":"<p>E\u011fitimde Ele\u015ftirel Perspektifler, e\u011fitime ve e\u011fitim bilimine ili\u015fkin teoriler s\u0131ralay\u0131p onlar\u0131 aktarmak yerine, e\u011fitim alan\u0131na mu\u0308dahale edebilecek ara\u00e7lar\u0131, teori ve deneyimden birlikte yararlanarak bulmay\u0131 hedefliyor. Bu<span class=\"excerpt-hellip\"> [\u2026]<\/span><\/p>\n","protected":false},"featured_media":0,"template":"","meta":{"_monsterinsights_skip_tracking":false,"_monsterinsights_sitenote_active":false,"_monsterinsights_sitenote_note":"","_monsterinsights_sitenote_category":0},"product_brand":[],"product_cat":[12573,12566],"product_tag":[],"class_list":{"0":"post-786025","1":"product","2":"type-product","3":"status-publish","5":"product_cat-akademik-kitaplar","6":"product_cat-egitim","7":"pa_cilt-ciltsiz","8":"pa_tur-kitap","9":"pa_yayinevi-ayrinti-yayinlari","10":"pa_yazar-duygun-gokturk","11":"pa_yazar-eren-agin","13":"first","14":"instock","15":"sale","16":"shipping-taxable","17":"purchasable","18":"product-type-simple"},"_links":{"self":[{"href":"https:\/\/roveyayinevi.com.tr\/index.php\/wp-json\/wp\/v2\/product\/786025","targetHints":{"allow":["GET"]}}],"collection":[{"href":"https:\/\/roveyayinevi.com.tr\/index.php\/wp-json\/wp\/v2\/product"}],"about":[{"href":"https:\/\/roveyayinevi.com.tr\/index.php\/wp-json\/wp\/v2\/types\/product"}],"wp:attachment":[{"href":"https:\/\/roveyayinevi.com.tr\/index.php\/wp-json\/wp\/v2\/media?parent=786025"}],"wp:term":[{"taxonomy":"product_brand","embeddable":true,"href":"https:\/\/roveyayinevi.com.tr\/index.php\/wp-json\/wp\/v2\/product_brand?post=786025"},{"taxonomy":"product_cat","embeddable":true,"href":"https:\/\/roveyayinevi.com.tr\/index.php\/wp-json\/wp\/v2\/product_cat?post=786025"},{"taxonomy":"product_tag","embeddable":true,"href":"https:\/\/roveyayinevi.com.tr\/index.php\/wp-json\/wp\/v2\/product_tag?post=786025"}],"curies":[{"name":"wp","href":"https:\/\/api.w.org\/{rel}","templated":true}]}}