{"id":786024,"date":"2026-04-15T03:46:45","date_gmt":"2026-04-15T00:46:45","guid":{"rendered":"https:\/\/roveyayinevi.com.tr\/index.php\/urun\/el-munkiz-mined-dalalhidayet-rehberi\/"},"modified":"2026-04-15T03:46:45","modified_gmt":"2026-04-15T00:46:45","slug":"el-munkiz-mined-dalalhidayet-rehberi","status":"publish","type":"product","link":"https:\/\/roveyayinevi.com.tr\/index.php\/urun\/el-munkiz-mined-dalalhidayet-rehberi\/","title":{"rendered":"El M\u00fcnk\u0131z Mine&#8217;d-Dalal;Hidayet Rehberi"},"content":{"rendered":"<p>\u0130mam-\u0131 Gaz\u00e2l\u00ee, sadece \u0130slam d\u00fc\u015f\u00fcnce tarihinde de\u011fil, d\u00fcnya d\u00fc\u015f\u00fcnce tarihinde \u00f6nemli izler b\u0131rakm\u0131\u015f bir \u015fahsiyettir. El-M\u00fcnk\u0131z mine\u2019d-Dal\u00e2l kitab\u0131 da onun fikr\u00ee yolculu\u011funu kaleme ald\u0131\u011f\u0131 k\u0131sa ama etkili bir eseridir. \u0130mam-\u0131 Gaz\u00e2l\u00ee, bu kitapta zihin d\u00fcnyas\u0131na h\u00fccum eden baz\u0131 \u015f\u00fcpheli durumlardan ve onlardan kurtulmak i\u00e7in giri\u015fti\u011fi hakikati arama ser\u00fcveninden bahseder. Ancak onun i\u00e7ine girdi\u011fi bu \u015f\u00fcpheli durum, ileri kademelere y\u00fckselmesi i\u00e7in ona bir basamak vazifesi g\u00f6r\u00fcr. Talebelerinin \u201csorular\u0131ndaki samimiyetine ve gayretine inanmas\u0131\u201d neticesinde de bu ser\u00fcvenini kaleme al\u0131r. B\u00f6ylece benzer \u015f\u00fcphelerden muzdarip pek \u00e7ok ki\u015finin de kurtulmas\u0131na vesile olacak bir eser ortaya \u00e7\u0131kar. Felsefi ve din\u00ee sorgulamalar i\u00e7eren El-M\u00fcnk\u0131z mine\u2019d-Dal\u00e2l, hak-b\u00e2t\u0131l kar\u015f\u0131la\u015ft\u0131rmas\u0131 yapan, hakikati bulmak i\u00e7in aray\u0131\u015f i\u00e7erisinde olan herkesin okumas\u0131 gereken \u00f6nemli bir eserdir.<\/p>\n","protected":false},"excerpt":{"rendered":"<p>\u0130mam-\u0131 Gaz\u00e2l\u00ee, sadece \u0130slam d\u00fc\u015f\u00fcnce tarihinde de\u011fil, d\u00fcnya d\u00fc\u015f\u00fcnce tarihinde \u00f6nemli izler b\u0131rakm\u0131\u015f bir \u015fahsiyettir. El-M\u00fcnk\u0131z mine\u2019d-Dal\u00e2l kitab\u0131 da onun fikr\u00ee yolculu\u011funu kaleme ald\u0131\u011f\u0131 k\u0131sa ama<span class=\"excerpt-hellip\"> [\u2026]<\/span><\/p>\n","protected":false},"featured_media":0,"template":"","meta":{"_monsterinsights_skip_tracking":false,"_monsterinsights_sitenote_active":false,"_monsterinsights_sitenote_note":"","_monsterinsights_sitenote_category":0},"product_brand":[],"product_cat":[16789,12718,12719],"product_tag":[],"class_list":{"0":"post-786024","1":"product","2":"type-product","3":"status-publish","5":"product_cat-diger-islam","6":"product_cat-din","7":"product_cat-islam","8":"pa_cilt-ciltsiz","9":"pa_tur-kitap","10":"pa_yayinevi-celik-yayinevi","11":"pa_yazar-imam-i-gazali","13":"first","14":"instock","15":"sale","16":"shipping-taxable","17":"purchasable","18":"product-type-simple"},"_links":{"self":[{"href":"https:\/\/roveyayinevi.com.tr\/index.php\/wp-json\/wp\/v2\/product\/786024","targetHints":{"allow":["GET"]}}],"collection":[{"href":"https:\/\/roveyayinevi.com.tr\/index.php\/wp-json\/wp\/v2\/product"}],"about":[{"href":"https:\/\/roveyayinevi.com.tr\/index.php\/wp-json\/wp\/v2\/types\/product"}],"wp:attachment":[{"href":"https:\/\/roveyayinevi.com.tr\/index.php\/wp-json\/wp\/v2\/media?parent=786024"}],"wp:term":[{"taxonomy":"product_brand","embeddable":true,"href":"https:\/\/roveyayinevi.com.tr\/index.php\/wp-json\/wp\/v2\/product_brand?post=786024"},{"taxonomy":"product_cat","embeddable":true,"href":"https:\/\/roveyayinevi.com.tr\/index.php\/wp-json\/wp\/v2\/product_cat?post=786024"},{"taxonomy":"product_tag","embeddable":true,"href":"https:\/\/roveyayinevi.com.tr\/index.php\/wp-json\/wp\/v2\/product_tag?post=786024"}],"curies":[{"name":"wp","href":"https:\/\/api.w.org\/{rel}","templated":true}]}}