{"id":786018,"date":"2026-04-15T03:14:13","date_gmt":"2026-04-15T00:14:13","guid":{"rendered":"https:\/\/roveyayinevi.com.tr\/index.php\/urun\/kinasiz-gelinler-aci-molehiya\/"},"modified":"2026-04-16T03:04:04","modified_gmt":"2026-04-16T00:04:04","slug":"kinasiz-gelinler-aci-molehiya","status":"publish","type":"product","link":"https:\/\/roveyayinevi.com.tr\/index.php\/urun\/kinasiz-gelinler-aci-molehiya\/","title":{"rendered":"K\u0131nas\u0131z Gelinler \u201cAc\u0131 Molehiya\u201d"},"content":{"rendered":"<p>Araplara sat\u0131lan T\u00fcrk k\u0131zlar\u0131n\u0131n h\u00fcz\u00fcnl\u00fc hik\u00e2yesi!   1900\u2019lerin ortalar\u0131na yakla\u015f\u0131l\u0131rken K\u0131br\u0131sl\u0131 T\u00fcrkler \u0130ngiliz idaresinin alt\u0131nda a\u011f\u0131r yoksulluk ve yoksunluk i\u00e7inde varl\u0131klar\u0131n\u0131 s\u00fcrd\u00fcrmeye \u00e7al\u0131\u015f\u0131yorlard\u0131. Bu d\u00f6nemde hem kendileri i\u00e7in hem de \u00e7ocuklar\u0131 i\u00e7in adada bir gelecek g\u00f6remeyen T\u00fcrkler bir yandan ayakta kalmak bir yandan da \u201c\u00e7ocuklar\u0131n\u0131n bu hayattan kurtulmalar\u0131n\u0131 sa\u011flamak\u201d niyetiyle \u201cba\u015fl\u0131k paras\u0131\u201d ad\u0131 alt\u0131nda paralar kar\u015f\u0131l\u0131\u011f\u0131nda k\u0131z \u00e7ocuklar\u0131n\u0131 M\u00fcsl\u00fcman Araplara gelin olarak vererek Arap co\u011frafyas\u0131na g\u00f6nderdiler. Bu \u00e7\u00f6z\u00fcm\u00fcn ne kadar yanl\u0131\u015f bir karar oldu\u011fu k\u0131sa zamanda ortaya \u00e7\u0131kt\u0131. Ortado\u011fu co\u011frafyas\u0131na giden T\u00fcrk k\u0131zlar\u0131n\u0131n h\u00fcz\u00fcnl\u00fc ve bir o kadar da ac\u0131 hik\u00e2yeleri bug\u00fcn h\u00e2l\u00e2 K\u0131br\u0131s\u2019ta yayg\u0131n olarak anlat\u0131l\u0131r. O y\u0131llar K\u0131br\u0131s kendilerine e\u015f bulmak i\u00e7in adaya gelen Araplarla dolup ta\u015f\u0131yordu. Arac\u0131lar olu\u015fmu\u015ftu. \u0130\u015fte bu roman ya\u015fananlar\u0131 yeniden kurgulayarak unutulan belki de unutulmak istenen o ac\u0131 y\u0131llar\u0131 yeniden g\u00fcndeme ta\u015f\u0131yor! \u00c7ok farkl\u0131 bir co\u011frafyada \u00e7ok farkl\u0131 bir k\u00fclt\u00fcr\u00fcn i\u00e7ine sokulan T\u00fcrk k\u0131zlar\u0131n\u0131n dram\u0131n\u0131 g\u00f6zya\u015flar\u0131 i\u00e7inde okuyacaks\u0131n\u0131z!   \u201c1930\u2019lu y\u0131llarda K\u0131br\u0131s\u2019ta, ilk gen\u00e7lik y\u0131llar\u0131n\u0131n co\u015fkusuyla, sa\u00e7 \u00f6rg\u00fcs\u00fc misali birbirlerine y\u00fcrekten kenetlenen d\u00f6rt k\u0131z; Hatice, Emine, Olivia ve Elena\u2026 Yoksul bir k\u00f6yl\u00fc k\u0131z\u0131 olan besleme Hatice\u2019nin, sayg\u0131n ve ayd\u0131n bir aileden gelen Lefko\u015fal\u0131 Emine\u2019nin, d\u00f6nemin \u0130ngiliz Valisi\u2019nin zeki k\u0131z\u0131 Olivia\u2019n\u0131n ve \u00f6zg\u00fcrl\u00fc\u011f\u00fcn\u00fcn pe\u015finde ko\u015fan, u\u00e7ar\u0131 Elena\u2019n\u0131n, ayr\u0131 yollara sapan fakat ayr\u0131lamayan, \u201ckad\u0131n\u201d olma hik\u00e2yesi\u2026   A\u015fklar\u0131, ac\u0131lar\u0131, isyanlar\u0131, sessiz \u00e7\u0131\u011fl\u0131klar\u0131, dayan\u0131\u015fmalar\u0131, erkek egemen d\u00fcnyadaki varolu\u015flar\u0131\u2026   K\u0131br\u0131sl\u0131 T\u00fcrklerin, o y\u0131llardaki yoksulluktan dolay\u0131 k\u0131zlar\u0131n\u0131 Araplara gelin vermesi ve sat\u0131lan k\u0131zlar\u0131n pek \u00e7o\u011funun \u201ckader\u201d diyerek kederli bir \u00f6m\u00fcr t\u00fcketmesi ger\u00e7e\u011fi \u00fczerine \u015fekillenen bu romanda Fulya Adal\u0131er Canbolat, sadece \u201cHatice\u201dlerin y\u0131llar sonras\u0131na uzanan sesi olmakla kalm\u0131yor, d\u00f6nemin K\u0131br\u0131s\u2019\u0131n\u0131n sosyo-ekonomik ve k\u00fclt\u00fcrel ya\u015fant\u0131s\u0131n\u0131 da sinematografik bir anlat\u0131mla sat\u0131rlara yans\u0131t\u0131yor.\u201d <\/p>\n","protected":false},"excerpt":{"rendered":"<p>Araplara sat\u0131lan T\u00fcrk k\u0131zlar\u0131n\u0131n h\u00fcz\u00fcnl\u00fc hik\u00e2yesi! 1900\u2019lerin ortalar\u0131na yakla\u015f\u0131l\u0131rken K\u0131br\u0131sl\u0131 T\u00fcrkler \u0130ngiliz idaresinin alt\u0131nda a\u011f\u0131r yoksulluk ve yoksunluk i\u00e7inde varl\u0131klar\u0131n\u0131 s\u00fcrd\u00fcrmeye \u00e7al\u0131\u015f\u0131yorlard\u0131. Bu d\u00f6nemde hem kendileri<span class=\"excerpt-hellip\"> [\u2026]<\/span><\/p>\n","protected":false},"featured_media":0,"template":"","meta":{"_monsterinsights_skip_tracking":false,"_monsterinsights_sitenote_active":false,"_monsterinsights_sitenote_note":"","_monsterinsights_sitenote_category":0},"product_brand":[],"product_cat":[12291,12711],"product_tag":[],"class_list":{"0":"post-786018","1":"product","2":"type-product","3":"status-publish","5":"product_cat-edebiyat","6":"product_cat-roman-oyku","7":"pa_cilt-ciltsiz","8":"pa_tur-kitap","9":"pa_yayinevi-kalkedon-yayincilik","10":"pa_yazar-fulya-adalier-canbolat","12":"first","13":"instock","14":"sale","15":"shipping-taxable","16":"purchasable","17":"product-type-simple"},"_links":{"self":[{"href":"https:\/\/roveyayinevi.com.tr\/index.php\/wp-json\/wp\/v2\/product\/786018","targetHints":{"allow":["GET"]}}],"collection":[{"href":"https:\/\/roveyayinevi.com.tr\/index.php\/wp-json\/wp\/v2\/product"}],"about":[{"href":"https:\/\/roveyayinevi.com.tr\/index.php\/wp-json\/wp\/v2\/types\/product"}],"wp:attachment":[{"href":"https:\/\/roveyayinevi.com.tr\/index.php\/wp-json\/wp\/v2\/media?parent=786018"}],"wp:term":[{"taxonomy":"product_brand","embeddable":true,"href":"https:\/\/roveyayinevi.com.tr\/index.php\/wp-json\/wp\/v2\/product_brand?post=786018"},{"taxonomy":"product_cat","embeddable":true,"href":"https:\/\/roveyayinevi.com.tr\/index.php\/wp-json\/wp\/v2\/product_cat?post=786018"},{"taxonomy":"product_tag","embeddable":true,"href":"https:\/\/roveyayinevi.com.tr\/index.php\/wp-json\/wp\/v2\/product_tag?post=786018"}],"curies":[{"name":"wp","href":"https:\/\/api.w.org\/{rel}","templated":true}]}}