{"id":786017,"date":"2026-04-15T03:00:32","date_gmt":"2026-04-15T00:00:32","guid":{"rendered":"https:\/\/roveyayinevi.com.tr\/index.php\/urun\/siyonizmin-teolojik-temelleri\/"},"modified":"2026-04-16T02:48:52","modified_gmt":"2026-04-15T23:48:52","slug":"siyonizmin-teolojik-temelleri","status":"publish","type":"product","link":"https:\/\/roveyayinevi.com.tr\/index.php\/urun\/siyonizmin-teolojik-temelleri\/","title":{"rendered":"Siyonizmin Teolojik Temelleri"},"content":{"rendered":"<p>Siyonizm, 19. y\u00fczy\u0131lda Yahudiler taraf\u0131ndan kurgulanan bir ideoloji olup Yahudilerin kurtulu\u015fu, yeni bir Yahudi kimli\u011fi olu\u015fturma ve Filistin\u2019de bir Yahudi devleti kurma amac\u0131 ile yola \u00e7\u0131km\u0131\u015ft\u0131r. Modern Yahudi ulusal hareketi olarak tan\u0131mlanan Siyonizm, siyasi, sek\u00fcler, milli ve dini motifler \u00fczerine kurgulanm\u0131\u015f bir felsefeye sahiptir. Siyonizm, sek\u00fcler ve dini arg\u00fcmanlar\u0131 biraya getirebilmi\u015f, Yahudi teolojisinin p\u00fcr doktrinleri ile bunlarla tam bir z\u0131tl\u0131k i\u00e7erisinde olan sek\u00fclerizmi harmanlamay\u0131 ba\u015farm\u0131\u015ft\u0131r. Ortaya \u00e7\u0131kt\u0131\u011f\u0131 d\u00f6nemde reva\u00e7ta olan milliyet\u00e7ilik ve sek\u00fclerizm gibi teorik ve antisemitizm gibi pratik olgulardan faydalanm\u0131\u015ft\u0131r. \u00d6te yandan Yahudili\u011fin temel doktrinleri olan \u201cVaat Edilmi\u015f Topraklar, Se\u00e7ilmi\u015flik ve Mesih inanc\u0131n\u0131\u201d kendi felsefesinin zemin ta\u015flar\u0131 yapm\u0131\u015ft\u0131r. Devlet kurmak i\u00e7in toprak aray\u0131\u015f\u0131ndaki Siyonizm vaat edilmi\u015f topraklar inanc\u0131na, milliyet\u00e7i bir Yahudi toplumu olu\u015fturmak i\u00e7in se\u00e7ilmi\u015flik ilkesine, Yahudilere kurtulu\u015fu vaat etmi\u015f oldu\u011fu i\u00e7in de Mesih inanc\u0131na g\u00fc\u00e7l\u00fcce tutunmu\u015f, b\u00f6ylece kendisine dini dayanaklar temin etmeyi ba\u015farm\u0131\u015ft\u0131r.Siyonizmin Yahudilikle ba\u011fda\u015f\u0131p ba\u011fda\u015fmad\u0131\u011f\u0131 hususu tart\u0131\u015fmaya a\u00e7\u0131kt\u0131r. Yahudi ilahiyat\u0131 irdelendi\u011finde bar\u0131nd\u0131rd\u0131\u011f\u0131 dini motiflerle Siyonizmin, Yahudi dini ile sadece dar bir k\u00fcmede kesi\u015fmekte oldu\u011fu birebir \u00f6rt\u00fc\u015fmedi\u011fi g\u00f6r\u00fcnmektedir. Dolay\u0131s\u0131yla Siyonizmin Yahudili\u011fi bir marka y\u00fcz\u00fc olarak kullanm\u0131\u015f oldu\u011fu gibi yarg\u0131lamalar \u00f6n plana \u00e7\u0131kmaktad\u0131r. Siyonistler bu yarg\u0131lamalar\u0131 kabul etmemekle birlikte ideolojinin ba\u015far\u0131ya ula\u015fabilmek i\u00e7in Yahudili\u011fe ihtiya\u00e7 duydu\u011funu saklamamaktad\u0131r. \u00c7\u00fcnk\u00fc Siyonizm dini arg\u00fcmanlar \u00fczerinden dindar Yahudileri kendi yan\u0131na \u00e7ekebilmi\u015ftir. Ayn\u0131 mant\u0131kla bak\u0131ld\u0131\u011f\u0131nda bar\u0131nd\u0131rd\u0131\u011f\u0131 siyasi ve sek\u00fcler arg\u00fcmanlarla da Yahudi toplumunun laik k\u0131sm\u0131ndan taraftar toplad\u0131\u011f\u0131 bir ger\u00e7ektir. Di\u011fer yandan Siyonizm yapt\u0131\u011f\u0131 baz\u0131 mant\u0131k hatalar\u0131 ve Yahudilikle \u00f6rt\u00fc\u015fmedi\u011fi gibi gerek\u00e7elerle Yahudi toplumunun kayda de\u011fer k\u0131sm\u0131n\u0131n takdirini alamam\u0131\u015f hatta g\u00fc\u00e7l\u00fc bir muhalefet kazanm\u0131\u015ft\u0131r.Siyonizm kurgulad\u0131\u011f\u0131 felsefesi ve t\u00fcm siyasi hamleleriyle 1948 y\u0131l\u0131nda en \u00f6nemli hedefine ula\u015farak \u0130srail Devleti\u2019ni kurmu\u015ftur. Siyonizm, Avrupa\u2019da ba\u015flad\u0131\u011f\u0131 yolculu\u011funa \u0130srail\u2019de devam etmektedir ve halen Yahudi toplumunun bir k\u0131sm\u0131ndan takdir bir k\u0131sm\u0131ndan ise muhalefet g\u00f6rmektedir.<\/p>\n","protected":false},"excerpt":{"rendered":"<p>Siyonizm, 19. y\u00fczy\u0131lda Yahudiler taraf\u0131ndan kurgulanan bir ideoloji olup Yahudilerin kurtulu\u015fu, yeni bir Yahudi kimli\u011fi olu\u015fturma ve Filistin\u2019de bir Yahudi devleti kurma amac\u0131 ile yola \u00e7\u0131km\u0131\u015ft\u0131r.<span class=\"excerpt-hellip\"> [\u2026]<\/span><\/p>\n","protected":false},"featured_media":0,"template":"","meta":{"_monsterinsights_skip_tracking":false,"_monsterinsights_sitenote_active":false,"_monsterinsights_sitenote_note":"","_monsterinsights_sitenote_category":0},"product_brand":[],"product_cat":[16382,12718],"product_tag":[],"class_list":{"0":"post-786017","1":"product","2":"type-product","3":"status-publish","5":"product_cat-diger-inanclar","6":"product_cat-din","7":"pa_cilt-ciltsiz","8":"pa_tur-kitap","9":"pa_yayinevi-divan-kitap","10":"pa_yazar-semiha-karahan","12":"first","13":"instock","14":"sale","15":"shipping-taxable","16":"purchasable","17":"product-type-simple"},"_links":{"self":[{"href":"https:\/\/roveyayinevi.com.tr\/index.php\/wp-json\/wp\/v2\/product\/786017","targetHints":{"allow":["GET"]}}],"collection":[{"href":"https:\/\/roveyayinevi.com.tr\/index.php\/wp-json\/wp\/v2\/product"}],"about":[{"href":"https:\/\/roveyayinevi.com.tr\/index.php\/wp-json\/wp\/v2\/types\/product"}],"wp:attachment":[{"href":"https:\/\/roveyayinevi.com.tr\/index.php\/wp-json\/wp\/v2\/media?parent=786017"}],"wp:term":[{"taxonomy":"product_brand","embeddable":true,"href":"https:\/\/roveyayinevi.com.tr\/index.php\/wp-json\/wp\/v2\/product_brand?post=786017"},{"taxonomy":"product_cat","embeddable":true,"href":"https:\/\/roveyayinevi.com.tr\/index.php\/wp-json\/wp\/v2\/product_cat?post=786017"},{"taxonomy":"product_tag","embeddable":true,"href":"https:\/\/roveyayinevi.com.tr\/index.php\/wp-json\/wp\/v2\/product_tag?post=786017"}],"curies":[{"name":"wp","href":"https:\/\/api.w.org\/{rel}","templated":true}]}}