{"id":786013,"date":"2026-04-15T02:48:24","date_gmt":"2026-04-14T23:48:24","guid":{"rendered":"https:\/\/roveyayinevi.com.tr\/index.php\/urun\/beni-bu-guzel-havalar-mahvetti\/"},"modified":"2026-04-15T02:48:24","modified_gmt":"2026-04-14T23:48:24","slug":"beni-bu-guzel-havalar-mahvetti","status":"publish","type":"product","link":"https:\/\/roveyayinevi.com.tr\/index.php\/urun\/beni-bu-guzel-havalar-mahvetti\/","title":{"rendered":"Beni Bu G\u00fczel Havalar Mahvetti"},"content":{"rendered":"<p>Orhan Veli Kan\u0131k, Cemal S\u00fcreya\u2019n\u0131n deyi\u015fiyle \u201cT\u00fcrk \u015fiirine kasket giydiren adam\u201dd\u0131r. Sokaktaki adam, o adam\u0131n alelade s\u0131k\u0131nt\u0131lar\u0131 ve g\u00fcnl\u00fck ya\u015fam\u0131ndan kesitler \u015fiirimize onunla girdi. Eldeki bilgilere g\u00f6re Kan\u0131k, 1929\u2019da Bal\u0131kesir\u2019de \u00e7\u0131kan Gen\u00e7leryolu dergisinde ba\u015flayan \u015fiir yolculu\u011funu 1950\u2019ye kadar s\u00fcrd\u00fcrd\u00fc. Hayattayken ba\u015fta Varl\u0131k, \u0130nsan, \u0130nk\u0131lap\u00e7\u0131 Gen\u00e7lik, \u00dclk\u00fc, Aile, Yaprak olmak \u00fczere \u00e7e\u015fitli dergilerde yay\u0131mlad\u0131\u011f\u0131 \u015fiirleriyle ve Garip, Vazge\u00e7emedi\u011fim, Destan Gibi, Yenisi, Kar\u015f\u0131 adl\u0131 kitaplar\u0131yla T\u00fcrk \u015fiirine yeni bir eda, yeni bir s\u00f6yleyi\u015f ve yeni bir dil getirdi. \u00d6nc\u00fcs\u00fc oldu\u011fu Garip hareketiyle ve poetikas\u0131yla T\u00fcrk edebiyat\u0131nda derin izler b\u0131rakt\u0131. Bu kitapta \u015fairin Garip, Vazge\u00e7emedi\u011fim, Destan Gibi, Yenisi, Kar\u015f\u0131 adl\u0131 eserlerinin yan\u0131nda, kitaplar\u0131nda bulunmay\u0131p \u00e7e\u015fitli s\u00fcreli yay\u0131nlarda bas\u0131lan \u015fiirleri de yer almaktad\u0131r. S\u00f6z konusu \u015fiirler s\u00fcreli yay\u0131nlardaki orijinallerinden al\u0131nm\u0131\u015f, gerekmedik\u00e7e imlaya m\u00fcdahale edilmemi\u015ftir. Bunun yan\u0131nda dizgi veya kelime yanl\u0131\u015flar\u0131 Sevdaya m\u0131 Tutuldum?\u2019daki metinlerle kar\u015f\u0131la\u015ft\u0131r\u0131larak d\u00fczeltilmi\u015f, bug\u00fcne kadar eserlere girmeyen \u015fiirler de kitaba ilave edilmi\u015ftir. <\/p>\n","protected":false},"excerpt":{"rendered":"<p>Orhan Veli Kan\u0131k, Cemal S\u00fcreya\u2019n\u0131n deyi\u015fiyle \u201cT\u00fcrk \u015fiirine kasket giydiren adam\u201dd\u0131r. Sokaktaki adam, o adam\u0131n alelade s\u0131k\u0131nt\u0131lar\u0131 ve g\u00fcnl\u00fck ya\u015fam\u0131ndan kesitler \u015fiirimize onunla girdi. Eldeki bilgilere<span class=\"excerpt-hellip\"> [\u2026]<\/span><\/p>\n","protected":false},"featured_media":0,"template":"","meta":{"_monsterinsights_skip_tracking":false,"_monsterinsights_sitenote_active":false,"_monsterinsights_sitenote_note":"","_monsterinsights_sitenote_category":0},"product_brand":[],"product_cat":[12291,12509],"product_tag":[],"class_list":{"0":"post-786013","1":"product","2":"type-product","3":"status-publish","5":"product_cat-edebiyat","6":"product_cat-siir","7":"pa_cilt-ciltsiz","8":"pa_tur-kitap","9":"pa_yayinevi-kopernik-kitap","10":"pa_yazar-orhan-veli-kanik","12":"first","13":"instock","14":"sale","15":"shipping-taxable","16":"purchasable","17":"product-type-simple"},"_links":{"self":[{"href":"https:\/\/roveyayinevi.com.tr\/index.php\/wp-json\/wp\/v2\/product\/786013","targetHints":{"allow":["GET"]}}],"collection":[{"href":"https:\/\/roveyayinevi.com.tr\/index.php\/wp-json\/wp\/v2\/product"}],"about":[{"href":"https:\/\/roveyayinevi.com.tr\/index.php\/wp-json\/wp\/v2\/types\/product"}],"wp:attachment":[{"href":"https:\/\/roveyayinevi.com.tr\/index.php\/wp-json\/wp\/v2\/media?parent=786013"}],"wp:term":[{"taxonomy":"product_brand","embeddable":true,"href":"https:\/\/roveyayinevi.com.tr\/index.php\/wp-json\/wp\/v2\/product_brand?post=786013"},{"taxonomy":"product_cat","embeddable":true,"href":"https:\/\/roveyayinevi.com.tr\/index.php\/wp-json\/wp\/v2\/product_cat?post=786013"},{"taxonomy":"product_tag","embeddable":true,"href":"https:\/\/roveyayinevi.com.tr\/index.php\/wp-json\/wp\/v2\/product_tag?post=786013"}],"curies":[{"name":"wp","href":"https:\/\/api.w.org\/{rel}","templated":true}]}}