{"id":786012,"date":"2026-04-15T02:47:52","date_gmt":"2026-04-14T23:47:52","guid":{"rendered":"https:\/\/roveyayinevi.com.tr\/index.php\/urun\/kafdaginin-ardi\/"},"modified":"2026-04-15T02:47:52","modified_gmt":"2026-04-14T23:47:52","slug":"kafdaginin-ardi","status":"publish","type":"product","link":"https:\/\/roveyayinevi.com.tr\/index.php\/urun\/kafdaginin-ardi\/","title":{"rendered":"Kafda\u011f\u0131\u2019n\u0131n Ard\u0131"},"content":{"rendered":"<p>Kafda\u011f\u0131\u2019n\u0131n Ard\u0131 Dursun Ak\u00e7am\u2019\u0131n \u00f6zya\u015fam\u00f6yk\u00fcsel roman\u0131. Yal\u0131n ve diri bir dille kaleme ald\u0131\u011f\u0131 bu yap\u0131t\u0131nda yazar, bellek kap\u0131s\u0131n\u0131 a\u00e7arak ge\u00e7mi\u015fe, \u00e7ocuklu\u011funa ve o g\u00fcnk\u00fc ya\u015fambi\u00e7imine d\u00f6n\u00fcyor.\u0130nsanl\u0131k d\u0131\u015f\u0131 ko\u015fullarda, k\u00fc\u00e7\u00fck bir \u00e7ocu\u011fun okumak, a\u00e7l\u0131ktan kurtulmak, so\u011fuktan korunmak, ailesine yard\u0131m etmek i\u00e7in at\u0131ld\u0131\u011f\u0131 \u00e7etrefil ser\u00fcven, ayn\u0131 zamanda T\u00fcrkiye\u2019nin ay\u0131b\u0131. Kafda\u011f\u0131\u2019n\u0131 a\u015fmak kadar mucizev\u00ee olan bu ser\u00fcven, k\u00fc\u00e7\u00fck \u00e7ocu\u011fun iradesi, kararl\u0131l\u0131\u011f\u0131 ve direnciyle d\u00fc\u015flerini s\u00fcsleyen \u201cC\u0131lavuz K\u00f6y Enstit\u00fcs\u00fc\u201d ile sonlan\u0131yor&#8230;<\/p>\n","protected":false},"excerpt":{"rendered":"<p>Kafda\u011f\u0131\u2019n\u0131n Ard\u0131 Dursun Ak\u00e7am\u2019\u0131n \u00f6zya\u015fam\u00f6yk\u00fcsel roman\u0131. Yal\u0131n ve diri bir dille kaleme ald\u0131\u011f\u0131 bu yap\u0131t\u0131nda yazar, bellek kap\u0131s\u0131n\u0131 a\u00e7arak ge\u00e7mi\u015fe, \u00e7ocuklu\u011funa ve o g\u00fcnk\u00fc ya\u015fambi\u00e7imine d\u00f6n\u00fcyor.\u0130nsanl\u0131k<span class=\"excerpt-hellip\"> [\u2026]<\/span><\/p>\n","protected":false},"featured_media":0,"template":"","meta":{"_monsterinsights_skip_tracking":false,"_monsterinsights_sitenote_active":false,"_monsterinsights_sitenote_note":"","_monsterinsights_sitenote_category":0},"product_brand":[],"product_cat":[12291,12711],"product_tag":[],"class_list":{"0":"post-786012","1":"product","2":"type-product","3":"status-publish","5":"product_cat-edebiyat","6":"product_cat-roman-oyku","7":"pa_cilt-ciltsiz","8":"pa_tur-kitap","9":"pa_yayinevi-literatur-yayinevi","10":"pa_yazar-dursun-akcam","12":"first","13":"instock","14":"sale","15":"shipping-taxable","16":"purchasable","17":"product-type-simple"},"_links":{"self":[{"href":"https:\/\/roveyayinevi.com.tr\/index.php\/wp-json\/wp\/v2\/product\/786012","targetHints":{"allow":["GET"]}}],"collection":[{"href":"https:\/\/roveyayinevi.com.tr\/index.php\/wp-json\/wp\/v2\/product"}],"about":[{"href":"https:\/\/roveyayinevi.com.tr\/index.php\/wp-json\/wp\/v2\/types\/product"}],"wp:attachment":[{"href":"https:\/\/roveyayinevi.com.tr\/index.php\/wp-json\/wp\/v2\/media?parent=786012"}],"wp:term":[{"taxonomy":"product_brand","embeddable":true,"href":"https:\/\/roveyayinevi.com.tr\/index.php\/wp-json\/wp\/v2\/product_brand?post=786012"},{"taxonomy":"product_cat","embeddable":true,"href":"https:\/\/roveyayinevi.com.tr\/index.php\/wp-json\/wp\/v2\/product_cat?post=786012"},{"taxonomy":"product_tag","embeddable":true,"href":"https:\/\/roveyayinevi.com.tr\/index.php\/wp-json\/wp\/v2\/product_tag?post=786012"}],"curies":[{"name":"wp","href":"https:\/\/api.w.org\/{rel}","templated":true}]}}