{"id":786008,"date":"2026-04-15T02:31:48","date_gmt":"2026-04-14T23:31:48","guid":{"rendered":"https:\/\/roveyayinevi.com.tr\/index.php\/urun\/siladan-uzakta-ozyasam-oykusu-07\/"},"modified":"2026-04-15T02:31:48","modified_gmt":"2026-04-14T23:31:48","slug":"siladan-uzakta-ozyasam-oykusu-07","status":"publish","type":"product","link":"https:\/\/roveyayinevi.com.tr\/index.php\/urun\/siladan-uzakta-ozyasam-oykusu-07\/","title":{"rendered":"S\u0131ladan Uzakta \u00d6zya\u015fam \u00d6yk\u00fcs\u00fc- 07"},"content":{"rendered":"<p>Bir ya\u015fam bu, \u00f6zya\u015fam&#8230; Benim gibisine \u201cleyle\u011fin yuvadan att\u0131\u011f\u0131\u201d denir. Yurtta ter\u00f6r alabildi\u011fine azd\u0131; bir yandan da mesle\u011fe d\u00f6nd\u00fcr\u00fclm\u00fcyorum. \u00d6ld\u00fcr\u00fclmem de s\u00f6z konusu. \u00c7ember i\u00e7indeyim. 1979\u2019da, daha \u00f6nceden karar verdi\u011fim ve arzu etti\u011fim, g\u00f6\u00e7men i\u015f\u00e7i ya\u015fam\u0131n\u0131 izleyip yazmay\u0131 bahane ederek yurt d\u0131\u015f\u0131na \u00e7\u0131kt\u0131m. On be\u015f y\u0131ldan fazla s\u00fcrd\u00fc g\u00f6\u00e7menli\u011fim. Bu kadar uzayaca\u011f\u0131n\u0131 bilmiyordum. \u0130stemiyordum da&#8230; Bir yandan yurtta generaller y\u00f6netimi, bir yandan daha b\u00fcy\u00fck general olan ya\u015fam\u0131n buyru\u011fu y\u00fcz\u00fcnden uzad\u0131. S\u0131ladan uzakta ge\u00e7en y\u0131llar\u0131m\u0131 ordaki i\u015f\u00e7i \u00e7ocuklar\u0131na \u00f6\u011fretmenlik yaparak, onlar\u0131n sorunlar\u0131n\u0131 \u00e7\u00f6zmek i\u00e7in d\u00fczenlenen \u00e7al\u0131\u015fmalara kat\u0131larak, bir yandan da yazarak de\u011ferlendirdim. <\/p>\n","protected":false},"excerpt":{"rendered":"<p>Bir ya\u015fam bu, \u00f6zya\u015fam&#8230; Benim gibisine \u201cleyle\u011fin yuvadan att\u0131\u011f\u0131\u201d denir. Yurtta ter\u00f6r alabildi\u011fine azd\u0131; bir yandan da mesle\u011fe d\u00f6nd\u00fcr\u00fclm\u00fcyorum. \u00d6ld\u00fcr\u00fclmem de s\u00f6z konusu. \u00c7ember i\u00e7indeyim. 1979\u2019da,<span class=\"excerpt-hellip\"> [\u2026]<\/span><\/p>\n","protected":false},"featured_media":0,"template":"","meta":{"_monsterinsights_skip_tracking":false,"_monsterinsights_sitenote_active":false,"_monsterinsights_sitenote_note":"","_monsterinsights_sitenote_category":0},"product_brand":[],"product_cat":[14009,12291],"product_tag":[],"class_list":{"0":"post-786008","1":"product","2":"type-product","3":"status-publish","5":"product_cat-biyografi-otobiyografi-edebiyat","6":"product_cat-edebiyat","7":"pa_cilt-ciltsiz","8":"pa_tur-kitap","9":"pa_yayinevi-literatur-yayinevi","10":"pa_yazar-fakir-baykurt","12":"first","13":"instock","14":"sale","15":"shipping-taxable","16":"purchasable","17":"product-type-simple"},"_links":{"self":[{"href":"https:\/\/roveyayinevi.com.tr\/index.php\/wp-json\/wp\/v2\/product\/786008","targetHints":{"allow":["GET"]}}],"collection":[{"href":"https:\/\/roveyayinevi.com.tr\/index.php\/wp-json\/wp\/v2\/product"}],"about":[{"href":"https:\/\/roveyayinevi.com.tr\/index.php\/wp-json\/wp\/v2\/types\/product"}],"wp:attachment":[{"href":"https:\/\/roveyayinevi.com.tr\/index.php\/wp-json\/wp\/v2\/media?parent=786008"}],"wp:term":[{"taxonomy":"product_brand","embeddable":true,"href":"https:\/\/roveyayinevi.com.tr\/index.php\/wp-json\/wp\/v2\/product_brand?post=786008"},{"taxonomy":"product_cat","embeddable":true,"href":"https:\/\/roveyayinevi.com.tr\/index.php\/wp-json\/wp\/v2\/product_cat?post=786008"},{"taxonomy":"product_tag","embeddable":true,"href":"https:\/\/roveyayinevi.com.tr\/index.php\/wp-json\/wp\/v2\/product_tag?post=786008"}],"curies":[{"name":"wp","href":"https:\/\/api.w.org\/{rel}","templated":true}]}}