{"id":786006,"date":"2026-04-15T02:28:43","date_gmt":"2026-04-14T23:28:43","guid":{"rendered":"https:\/\/roveyayinevi.com.tr\/index.php\/urun\/cevat-sakirin-bodrumu-2\/"},"modified":"2026-04-16T02:21:49","modified_gmt":"2026-04-15T23:21:49","slug":"cevat-sakirin-bodrumu-2","status":"publish","type":"product","link":"https:\/\/roveyayinevi.com.tr\/index.php\/urun\/cevat-sakirin-bodrumu-2\/","title":{"rendered":"Cevat \u015eakir&#8217;in Bodrum&#8217;u"},"content":{"rendered":"<p>Buras\u0131 engin g\u00f6klerin memleketidir. \u0130\u00e7ten gelen bir t\u00fcrk\u00fcy\u00fc kap\u0131p koyuverin, uzakla\u015ft\u0131k\u00e7a t\u00fcrk\u00fc g\u00f6kte masmavi olur. I\u015f\u0131k burada yaln\u0131z karanl\u0131\u011f\u0131 ayd\u0131nlatmakla kalmaz, ayd\u0131nlatt\u0131\u011f\u0131 maddeyi de\u011fi\u015ftirir ve g\u00f6r\u00fclen bir \u015fair r\u00fcyas\u0131na \u00e7evirir. Ba\u015fka yerde nur i\u00e7inde yat\u0131laca\u011f\u0131na, burada nur i\u00e7inde ya\u015fan\u0131r. Yoku\u015fba\u015f\u0131na geldi\u011finde Bodrum\u2019u g\u00f6receksin, sanma ki sen geldi\u011fin gibi gideceksin. Senden \u00f6ncekiler de b\u00f6yleydiler, ak\u0131llar\u0131n\u0131 hep Bodrum\u2019da b\u0131rak\u0131p gittiler\u2026        CEVAT \u015eAK\u0130R KABAA\u011eA\u00c7LI <\/p>\n","protected":false},"excerpt":{"rendered":"<p>Buras\u0131 engin g\u00f6klerin memleketidir. \u0130\u00e7ten gelen bir t\u00fcrk\u00fcy\u00fc kap\u0131p koyuverin, uzakla\u015ft\u0131k\u00e7a t\u00fcrk\u00fc g\u00f6kte masmavi olur. I\u015f\u0131k burada yaln\u0131z karanl\u0131\u011f\u0131 ayd\u0131nlatmakla kalmaz, ayd\u0131nlatt\u0131\u011f\u0131 maddeyi de\u011fi\u015ftirir ve g\u00f6r\u00fclen<span class=\"excerpt-hellip\"> [\u2026]<\/span><\/p>\n","protected":false},"featured_media":0,"template":"","meta":{"_monsterinsights_skip_tracking":false,"_monsterinsights_sitenote_active":false,"_monsterinsights_sitenote_note":"","_monsterinsights_sitenote_category":0},"product_brand":[],"product_cat":[14009,12291],"product_tag":[],"class_list":{"0":"post-786006","1":"product","2":"type-product","3":"status-publish","5":"product_cat-biyografi-otobiyografi-edebiyat","6":"product_cat-edebiyat","7":"pa_cilt-ciltsiz","8":"pa_tur-kitap","9":"pa_yayinevi-bilgi-yayinevi","10":"pa_yazar-i-hatice-orman","12":"first","13":"instock","14":"sale","15":"shipping-taxable","16":"purchasable","17":"product-type-simple"},"_links":{"self":[{"href":"https:\/\/roveyayinevi.com.tr\/index.php\/wp-json\/wp\/v2\/product\/786006","targetHints":{"allow":["GET"]}}],"collection":[{"href":"https:\/\/roveyayinevi.com.tr\/index.php\/wp-json\/wp\/v2\/product"}],"about":[{"href":"https:\/\/roveyayinevi.com.tr\/index.php\/wp-json\/wp\/v2\/types\/product"}],"wp:attachment":[{"href":"https:\/\/roveyayinevi.com.tr\/index.php\/wp-json\/wp\/v2\/media?parent=786006"}],"wp:term":[{"taxonomy":"product_brand","embeddable":true,"href":"https:\/\/roveyayinevi.com.tr\/index.php\/wp-json\/wp\/v2\/product_brand?post=786006"},{"taxonomy":"product_cat","embeddable":true,"href":"https:\/\/roveyayinevi.com.tr\/index.php\/wp-json\/wp\/v2\/product_cat?post=786006"},{"taxonomy":"product_tag","embeddable":true,"href":"https:\/\/roveyayinevi.com.tr\/index.php\/wp-json\/wp\/v2\/product_tag?post=786006"}],"curies":[{"name":"wp","href":"https:\/\/api.w.org\/{rel}","templated":true}]}}