{"id":786003,"date":"2026-04-15T02:27:39","date_gmt":"2026-04-14T23:27:39","guid":{"rendered":"https:\/\/roveyayinevi.com.tr\/index.php\/urun\/kavacik-koyunun-ogretmeni-ozyasam-oykusu-03\/"},"modified":"2026-04-15T02:27:39","modified_gmt":"2026-04-14T23:27:39","slug":"kavacik-koyunun-ogretmeni-ozyasam-oykusu-03","status":"publish","type":"product","link":"https:\/\/roveyayinevi.com.tr\/index.php\/urun\/kavacik-koyunun-ogretmeni-ozyasam-oykusu-03\/","title":{"rendered":"Kavac\u0131k K\u00f6y\u00fcn\u00fcn \u00d6\u011fretmeni &#8211; \u00d6zya\u015fam \u00d6yk\u00fcs\u00fc: 03"},"content":{"rendered":"<p>Bir ya\u015fam bu, \u00f6zya\u015fam&#8230;Kavac\u0131k, 1948\u2019de ba\u015flayan \u00f6\u011fretmenli\u011fimin ilk basama\u011f\u0131d\u0131r. Delikanl\u0131 g\u00fcc\u00fcm\u00fc bir yandan k\u00f6y\u00fcme, bir yandan yaz\u0131n \u00e7al\u0131\u015fmalar\u0131na veriyorum; \u015fiirler, \u00f6yk\u00fcler yaz\u0131yorum. Tatilde Ankara, \u0130stanbul, \u0130zmir dola\u015f\u0131p yazarlarla tan\u0131\u015f\u0131yorum. \u00c7i\u00e7e\u011fi burnunda derler; \u00f6yleyim, ba\u015f\u0131m da g\u00f6klerde.\u00d6te yandan ba\u015ftaki y\u00f6netim k\u00f6y enstit\u00fcl\u00fc \u00f6\u011fretmenlere cephe alm\u0131\u015f. Karakol pe\u015fimizde. Iss\u0131zl\u0131klar i\u00e7inde yapayaln\u0131z \u00e7al\u0131\u015f\u0131yoruz. Halk bizi tutsa da karak\u0131\u015f sert, karanl\u0131\u011f\u0131n g\u00fcc\u00fc bast\u0131r\u0131yor.Derek\u00f6y\u2019de s\u00fcren \u00f6\u011fretmenli\u011fim \u201cYoksullar \u00dcniversitesi\u201d dedi\u011fimiz Gazi E\u011fitim Enstit\u00fcs\u00fcnde y\u00fcksek \u00f6\u011frenime kayd\u0131. Bir yan\u0131yla ac\u0131, bir yan\u0131yla tatl\u0131 y\u0131llar\u0131m benim! \u00c7abalar\u0131m\u0131 ikiye, d\u00f6rde katlay\u0131p bir yerlere ula\u015fmaya \u00e7al\u0131\u015f\u0131yorum.Fakir BaykurtDuisburg2.2.1995Okurlar\u0131n bekledi\u011fi \u00d6zya\u015fam sekiz kitaptan olu\u015fuyor:1. \u00d6z\u00fcm \u00c7ocuktur2. K\u00f6y Enstit\u00fcl\u00fc Delikanl\u01313. Kavac\u0131k K\u00f6y\u00fcn\u00fcn \u00d6\u011fretmeni4. K\u00f6\u015fe Bucak Anadolu5. Bir T\u00d6S Vard\u01316. Gen\u00e7 Emekli7. S\u0131ladan Uzakta8. Dost Y\u00fczleri (Portreler)\u0130\u00e7indekiler;Sunu\u015f, Birka\u00e7 S\u00f6z, Kavac\u0131k, Meslek Toplant\u0131s\u0131, \u00c7ocuk Say\u0131m\u0131, Kavac\u0131k\u2019ta \u0130lk G\u00fcnler, Yaz\u0131lmam\u0131\u015f K\u0131z, Akba\u015f\u2019\u0131n Okulu, Kurban, Kol Duvar\u0131, Ahlatlara A\u015f\u0131, Topal Ard\u0131\u00e7, Ba\u015fkent Yolu, Ankara Ankara, Antalya Gezisi, Harman Zaman\u0131, Kopuk Ya\u011fap, Di\u015f A\u011fr\u0131s\u0131, Tedirgin, \u0130l M\u00fcd\u00fcr\u00fc, Bizim K\u00f6yde Se\u00e7im, \u0130stanbul Gezisi, Anam\u0131n Sarho\u015flu\u011fu, \u00c7illi\u2019nin Yaz\u0131lmas\u0131, \u0130zmir Gezisi, \u0130dilgil, N\u00e2z\u0131m\u2019\u0131n Sesi, Evleniyoruz, \u00c7ocuklar, Yol Ba\u011flar\u0131, \u0130lk Yolcumuz, Peritonit, Burdur Hastanesi, Yitik Pens, Anam A\u011fl\u0131yor, Derek\u00f6y, JKK, Se\u00e7ime Gitti\u011fim K\u00f6y, Demet, Bizim K\u00f6y\u2019\u00fcn Yazar\u0131, \u0130yi \u0130kili, Tahsildar, Gene Sorgular, B\u00fcy\u00fc Gibi, Demirci Gezisi, Bilirki\u015finin \u0130zi, Giri\u015f S\u0131nav\u0131, Yoksullar \u00dcniversitesi, \u0130ngiliz Poplini, Unat Hoca, Pipolu, \u00d6rg\u00fct\u00fcm\u00fcz\u00fc G\u00f6relim, K\u00f6yc\u00fcl\u00fck Semineri, Yazma \u00d6devi, Y\u00fccel\u2019in Evi, Ba\u015fkentin \u00dcnl\u00fcleri, Celp Geldi, Pastoral, Konuklar, Forumcular, Badem \u015eekeri, Veysel Ad\u0131, Kirizma Davas\u0131, \u00d6\u011fretmen \u00d6ztelli, Pancar M\u00fcd\u00fcr\u00fc, Gazi\u2019de \u0130kinci Y\u0131l, B\u00fcy\u00fck \u015eiir Gecesi , Baltac\u0131o\u011flu, Tongu\u00e7\u2019un Ba\u011f\u0131, Opera\u2019n\u0131n \u00d6n\u00fc S\u00f6\u011f\u00fct, Bir Zamanlar \u0130stanbul, Taranc\u0131\u2019n\u0131n Hastal\u0131\u011f\u0131, Yerlerin Sahibi, Anam\u0131n Hastal\u0131\u011f\u0131, \u00d6z\u00f6n Hoca, Gazi\u2019de Amerikal\u0131lar, Bitirme S\u0131navlar\u0131, Depolanma , Romanda Ge\u00e7en Kimi S\u00f6zc\u00fckler <\/p>\n","protected":false},"excerpt":{"rendered":"<p>Bir ya\u015fam bu, \u00f6zya\u015fam&#8230;Kavac\u0131k, 1948\u2019de ba\u015flayan \u00f6\u011fretmenli\u011fimin ilk basama\u011f\u0131d\u0131r. Delikanl\u0131 g\u00fcc\u00fcm\u00fc bir yandan k\u00f6y\u00fcme, bir yandan yaz\u0131n \u00e7al\u0131\u015fmalar\u0131na veriyorum; \u015fiirler, \u00f6yk\u00fcler yaz\u0131yorum. Tatilde Ankara, \u0130stanbul, \u0130zmir<span class=\"excerpt-hellip\"> [\u2026]<\/span><\/p>\n","protected":false},"featured_media":0,"template":"","meta":{"_monsterinsights_skip_tracking":false,"_monsterinsights_sitenote_active":false,"_monsterinsights_sitenote_note":"","_monsterinsights_sitenote_category":0},"product_brand":[],"product_cat":[12291,12711],"product_tag":[],"class_list":{"0":"post-786003","1":"product","2":"type-product","3":"status-publish","5":"product_cat-edebiyat","6":"product_cat-roman-oyku","7":"pa_cilt-ciltsiz","8":"pa_tur-kitap","9":"pa_yayinevi-literatur-yayinevi","10":"pa_yazar-fakir-baykurt","12":"first","13":"instock","14":"sale","15":"shipping-taxable","16":"purchasable","17":"product-type-simple"},"_links":{"self":[{"href":"https:\/\/roveyayinevi.com.tr\/index.php\/wp-json\/wp\/v2\/product\/786003","targetHints":{"allow":["GET"]}}],"collection":[{"href":"https:\/\/roveyayinevi.com.tr\/index.php\/wp-json\/wp\/v2\/product"}],"about":[{"href":"https:\/\/roveyayinevi.com.tr\/index.php\/wp-json\/wp\/v2\/types\/product"}],"wp:attachment":[{"href":"https:\/\/roveyayinevi.com.tr\/index.php\/wp-json\/wp\/v2\/media?parent=786003"}],"wp:term":[{"taxonomy":"product_brand","embeddable":true,"href":"https:\/\/roveyayinevi.com.tr\/index.php\/wp-json\/wp\/v2\/product_brand?post=786003"},{"taxonomy":"product_cat","embeddable":true,"href":"https:\/\/roveyayinevi.com.tr\/index.php\/wp-json\/wp\/v2\/product_cat?post=786003"},{"taxonomy":"product_tag","embeddable":true,"href":"https:\/\/roveyayinevi.com.tr\/index.php\/wp-json\/wp\/v2\/product_tag?post=786003"}],"curies":[{"name":"wp","href":"https:\/\/api.w.org\/{rel}","templated":true}]}}