{"id":786001,"date":"2026-04-15T02:24:34","date_gmt":"2026-04-14T23:24:34","guid":{"rendered":"https:\/\/roveyayinevi.com.tr\/index.php\/urun\/daglarin-sultani\/"},"modified":"2026-04-16T02:18:48","modified_gmt":"2026-04-15T23:18:48","slug":"daglarin-sultani","status":"publish","type":"product","link":"https:\/\/roveyayinevi.com.tr\/index.php\/urun\/daglarin-sultani\/","title":{"rendered":"Da\u011flar\u0131n Sultan\u0131"},"content":{"rendered":"<p>Da\u011flar\u0131n Sultan\u0131 \u015eito Bir yan\u0131n Avrupa. T\u00f6re\u2019nin m\u00f6renin ka\u00e7 y\u00fczy\u0131l gerilerde kald\u0131\u011f\u0131 bir makine adamlar \u00fclkesi. Bir yan\u0131n A\u011fr\u0131 da\u011flar\u0131, Heroda\u011f\u0131, S\u00fcphanlar, Cilolar, uzay\u0131p giden bozk\u0131r Anadolusu\u2026 Dursun Ak\u00e7am\u2019\u0131n o ironi y\u00fckl\u00fc diliyle anlatt\u0131\u011f\u0131 \u015eito\u2019nun dram\u0131 burada ba\u015fl\u0131yor i\u015fte, da\u011flar\u0131n sultan\u0131 olup t\u00fcrk\u00fcs\u00fcn\u00fc \u00fcnledi\u011finde, Alaman topra\u011f\u0131n\u0131n duygu k\u0131r\u0131nda\u2026 \u201c\u015eito\u201d, Dede Korkutlardan \u00fcreyen anlat\u0131 gelene\u011fimizin, bu \u00e7a\u011flara Avrupalar\u2019\u0131n t\u00f6re tan\u0131maz pisli\u011fi i\u00e7ine d\u00fc\u015fm\u00fc\u015f insanl\u0131\u011f\u0131d\u0131r. T\u00fcrk\u2019\u00fcyle K\u00fcrt\u2019\u00fcyle, \u015eito, Do\u011fu Anadolu\u2019nun yol vermez da\u011flar\u0131n\u0131n uzun havas\u0131d\u0131r. Onun bu a\u015f\u0131lmaz da\u011flarda kanatlanan t\u00fcrk\u00fcs\u00fcn\u00fc okudu\u011fumuzda; her dorukta, her ocak ba\u015f\u0131nda, yana\u011f\u0131 elma k\u0131rm\u0131z\u0131s\u0131 her g\u00fczelin sevgisinde kendi i\u00e7 aynam\u0131z\u0131n yans\u0131s\u0131n\u0131 buluruz. T\u00f6relerin, yi\u011fitli\u011fin ger\u00e7e\u011fiyle, Ak\u00e7am, bu aynay\u0131 y\u00fcz\u00fcm\u00fcze tutuyor. Adnan Binyazar <\/p>\n","protected":false},"excerpt":{"rendered":"<p>Da\u011flar\u0131n Sultan\u0131 \u015eito Bir yan\u0131n Avrupa. T\u00f6re\u2019nin m\u00f6renin ka\u00e7 y\u00fczy\u0131l gerilerde kald\u0131\u011f\u0131 bir makine adamlar \u00fclkesi. Bir yan\u0131n A\u011fr\u0131 da\u011flar\u0131, Heroda\u011f\u0131, S\u00fcphanlar, Cilolar, uzay\u0131p giden bozk\u0131r<span class=\"excerpt-hellip\"> [\u2026]<\/span><\/p>\n","protected":false},"featured_media":0,"template":"","meta":{"_monsterinsights_skip_tracking":false,"_monsterinsights_sitenote_active":false,"_monsterinsights_sitenote_note":"","_monsterinsights_sitenote_category":0},"product_brand":[],"product_cat":[12291,12711],"product_tag":[],"class_list":{"0":"post-786001","1":"product","2":"type-product","3":"status-publish","5":"product_cat-edebiyat","6":"product_cat-roman-oyku","7":"pa_cilt-ciltsiz","8":"pa_tur-kitap","9":"pa_yayinevi-arkadas-yayinlari","10":"pa_yazar-dursun-akcam","12":"first","13":"instock","14":"sale","15":"shipping-taxable","16":"purchasable","17":"product-type-simple"},"_links":{"self":[{"href":"https:\/\/roveyayinevi.com.tr\/index.php\/wp-json\/wp\/v2\/product\/786001","targetHints":{"allow":["GET"]}}],"collection":[{"href":"https:\/\/roveyayinevi.com.tr\/index.php\/wp-json\/wp\/v2\/product"}],"about":[{"href":"https:\/\/roveyayinevi.com.tr\/index.php\/wp-json\/wp\/v2\/types\/product"}],"wp:attachment":[{"href":"https:\/\/roveyayinevi.com.tr\/index.php\/wp-json\/wp\/v2\/media?parent=786001"}],"wp:term":[{"taxonomy":"product_brand","embeddable":true,"href":"https:\/\/roveyayinevi.com.tr\/index.php\/wp-json\/wp\/v2\/product_brand?post=786001"},{"taxonomy":"product_cat","embeddable":true,"href":"https:\/\/roveyayinevi.com.tr\/index.php\/wp-json\/wp\/v2\/product_cat?post=786001"},{"taxonomy":"product_tag","embeddable":true,"href":"https:\/\/roveyayinevi.com.tr\/index.php\/wp-json\/wp\/v2\/product_tag?post=786001"}],"curies":[{"name":"wp","href":"https:\/\/api.w.org\/{rel}","templated":true}]}}