{"id":786000,"date":"2026-04-15T02:20:07","date_gmt":"2026-04-14T23:20:07","guid":{"rendered":"https:\/\/roveyayinevi.com.tr\/index.php\/urun\/dunya-guzeli\/"},"modified":"2026-04-15T02:20:07","modified_gmt":"2026-04-14T23:20:07","slug":"dunya-guzeli","status":"publish","type":"product","link":"https:\/\/roveyayinevi.com.tr\/index.php\/urun\/dunya-guzeli\/","title":{"rendered":"D\u00fcnya G\u00fczeli"},"content":{"rendered":"<p>Roman ve hik\u00e2yenin yan\u0131 s\u0131ra masal da yazan Fakir Baykurt, \u00f6zellikle anadilin geli\u015fiminde, masallar\u0131n \u00e7ok \u00f6nemli oldu\u011funu s\u00f6yler. Yazd\u0131\u011f\u0131 yirmi alt\u0131 masal\u0131, D\u00fcnya G\u00fczeli ve Saka Ku\u015flar\u0131 adl\u0131 kitaplarda toplam\u0131\u015f. Yay\u0131nevimiz Fakir Baykurt\u2019un kaleminden \u00e7\u0131kan D\u00fcnya G\u00fczeli\u2019nin yeni bas\u0131m\u0131n\u0131 \u00e7ocuklara arma\u011fan ediyor.  Delikanl\u0131 gitti, yedi tane g\u00fcl filizi kopard\u0131. Bunlar\u0131 birbirine ba\u011flay\u0131p topuz yapt\u0131. D\u00fcnya G\u00fczeli\u2019nin oturdu\u011fu g\u00f6lgeye yakla\u015ft\u0131. G\u00fczel, gergefine e\u011filmi\u015f oya \u00f6r\u00fcyor. G\u00fczel perilerden daha g\u00fczeldi. Do\u011fan aylar \u015furda dursun. G\u00fcr \u0131\u015f\u0131kl\u0131 y\u0131ld\u0131zlar \u015furda dursun. Ger\u00e7ekten D\u00fcnya G\u00fczeli\u2019ydi. G\u00f6zleri \u015eirin\u2019in g\u00f6zlerine benziyor. Dudaklar\u0131 Asl\u0131\u2019n\u0131n dudaklar\u0131na&#8230; Boyu bosu Arzu\u2019nun boyu bosuna&#8230; Sa\u00e7lar\u0131 Elif\u2019in sa\u00e7lar\u0131na&#8230; B\u00fct\u00fcn g\u00fczellerden birer g\u00fczellik alm\u0131\u015f, D\u00fcnya G\u00fczeli olarak oturmu\u015f gergef i\u015fliyordu. Dengi kim, g\u00f6nl\u00fc kimi sevecek? Bilmeden, b\u00fct\u00fcn g\u00fcn, b\u00fct\u00fcn zaman \u00e7al\u0131\u015farak \u00e7eyiz haz\u0131rl\u0131yordu&#8230; Delikanl\u0131 d\u00f6nd\u00fc dola\u015ft\u0131. G\u00fcl topuzuyla k\u0131z\u0131n omzuna usulca vurdu. K\u0131z d\u00fc\u015ft\u00fc bay\u0131ld\u0131. \u00d6nce gergefinin alt\u0131ndan \u00fc\u00e7 avu\u00e7 toprak ald\u0131, torbas\u0131na katt\u0131. Sonra G\u00fczel\u2019i kucaklad\u0131. At\u0131n yan\u0131na geldi. Binip s\u00fcrd\u00fc \u00e7abucak. Hi\u00e7 ard\u0131na bakmadan, gemini gev\u015fetmeden s\u00fcrd\u00fc&#8230; \u0130\u00e7indekiler;   D\u00fcnya G\u00fczeli, G\u00f6z Masal\u0131, Tuz Masal\u0131, Mercan K\u0131z, Bay\u0131lan Baba, Aky\u0131ld\u0131z\u2019\u0131n Anas\u0131, Katmerin Ortas\u0131, Yeralt\u0131 Padi\u015fah\u0131, Bin Bir Becerikli \u00c7\u0131kr\u0131k, Ard\u0131\u00e7 Dal\u0131 K\u0131z, Avc\u0131 K\u00f6se, Kom\u015fu Nineler, Sihirli Tencere <\/p>\n","protected":false},"excerpt":{"rendered":"<p>Roman ve hik\u00e2yenin yan\u0131 s\u0131ra masal da yazan Fakir Baykurt, \u00f6zellikle anadilin geli\u015fiminde, masallar\u0131n \u00e7ok \u00f6nemli oldu\u011funu s\u00f6yler. Yazd\u0131\u011f\u0131 yirmi alt\u0131 masal\u0131, D\u00fcnya G\u00fczeli ve Saka<span class=\"excerpt-hellip\"> [\u2026]<\/span><\/p>\n","protected":false},"featured_media":0,"template":"","meta":{"_monsterinsights_skip_tracking":false,"_monsterinsights_sitenote_active":false,"_monsterinsights_sitenote_note":"","_monsterinsights_sitenote_category":0},"product_brand":[],"product_cat":[12274,12284],"product_tag":[],"class_list":{"0":"post-786000","1":"product","2":"type-product","3":"status-publish","5":"product_cat-cocuk-ve-genclik-kitaplari","6":"product_cat-hikayeler","7":"pa_cilt-ciltsiz","8":"pa_tur-kitap","9":"pa_yayinevi-literatur-yayinevi","10":"pa_yazar-fakir-baykurt","12":"first","13":"instock","14":"sale","15":"shipping-taxable","16":"purchasable","17":"product-type-simple"},"_links":{"self":[{"href":"https:\/\/roveyayinevi.com.tr\/index.php\/wp-json\/wp\/v2\/product\/786000","targetHints":{"allow":["GET"]}}],"collection":[{"href":"https:\/\/roveyayinevi.com.tr\/index.php\/wp-json\/wp\/v2\/product"}],"about":[{"href":"https:\/\/roveyayinevi.com.tr\/index.php\/wp-json\/wp\/v2\/types\/product"}],"wp:attachment":[{"href":"https:\/\/roveyayinevi.com.tr\/index.php\/wp-json\/wp\/v2\/media?parent=786000"}],"wp:term":[{"taxonomy":"product_brand","embeddable":true,"href":"https:\/\/roveyayinevi.com.tr\/index.php\/wp-json\/wp\/v2\/product_brand?post=786000"},{"taxonomy":"product_cat","embeddable":true,"href":"https:\/\/roveyayinevi.com.tr\/index.php\/wp-json\/wp\/v2\/product_cat?post=786000"},{"taxonomy":"product_tag","embeddable":true,"href":"https:\/\/roveyayinevi.com.tr\/index.php\/wp-json\/wp\/v2\/product_tag?post=786000"}],"curies":[{"name":"wp","href":"https:\/\/api.w.org\/{rel}","templated":true}]}}