{"id":785997,"date":"2026-04-15T02:17:06","date_gmt":"2026-04-14T23:17:06","guid":{"rendered":"https:\/\/roveyayinevi.com.tr\/index.php\/urun\/doner-ayna\/"},"modified":"2026-04-16T02:12:58","modified_gmt":"2026-04-15T23:12:58","slug":"doner-ayna","status":"publish","type":"product","link":"https:\/\/roveyayinevi.com.tr\/index.php\/urun\/doner-ayna\/","title":{"rendered":"D\u00f6ner Ayna"},"content":{"rendered":"<p>\u201cKader insan\u0131n kafas\u0131na hep vura vura m\u0131 iniyor? \u0130ndi\u011fi zaman bazen \u00f6yle bir eziyor ki, insan zavall\u0131 bir solucana d\u00f6n\u00fcyor; fakat bazen de galiba ayaklar\u0131n\u0131 yerden kald\u0131r\u0131yor, meleklerin eri\u015femeyece\u011fi bir saadete y\u00fckseltiyor. Acaba bundan sonra, Hanife\u2019nin d\u00f6ner aynas\u0131na aksedecek hayat sahnesi, mavi g\u00f6klerde mi yoksa kara k\u0131z\u0131l cemiyetin g\u00f6be\u011finde mi ge\u00e7ecek?\u201d \ufffcTan\u0131t\u0131m Metni<\/p>\n","protected":false},"excerpt":{"rendered":"<p>\u201cKader insan\u0131n kafas\u0131na hep vura vura m\u0131 iniyor? \u0130ndi\u011fi zaman bazen \u00f6yle bir eziyor ki, insan zavall\u0131 bir solucana d\u00f6n\u00fcyor; fakat bazen de galiba ayaklar\u0131n\u0131 yerden<span class=\"excerpt-hellip\"> [\u2026]<\/span><\/p>\n","protected":false},"featured_media":0,"template":"","meta":{"_monsterinsights_skip_tracking":false,"_monsterinsights_sitenote_active":false,"_monsterinsights_sitenote_note":"","_monsterinsights_sitenote_category":0},"product_brand":[],"product_cat":[12291,12292],"product_tag":[],"class_list":{"0":"post-785997","1":"product","2":"type-product","3":"status-publish","5":"product_cat-edebiyat","6":"product_cat-turk-edebiyati","7":"pa_cilt-ciltsiz","8":"pa_tur-kitap","9":"pa_yayinevi-can-yayinlari","10":"pa_yazar-halide-edib-adivar","12":"first","13":"instock","14":"sale","15":"shipping-taxable","16":"purchasable","17":"product-type-simple"},"_links":{"self":[{"href":"https:\/\/roveyayinevi.com.tr\/index.php\/wp-json\/wp\/v2\/product\/785997","targetHints":{"allow":["GET"]}}],"collection":[{"href":"https:\/\/roveyayinevi.com.tr\/index.php\/wp-json\/wp\/v2\/product"}],"about":[{"href":"https:\/\/roveyayinevi.com.tr\/index.php\/wp-json\/wp\/v2\/types\/product"}],"wp:attachment":[{"href":"https:\/\/roveyayinevi.com.tr\/index.php\/wp-json\/wp\/v2\/media?parent=785997"}],"wp:term":[{"taxonomy":"product_brand","embeddable":true,"href":"https:\/\/roveyayinevi.com.tr\/index.php\/wp-json\/wp\/v2\/product_brand?post=785997"},{"taxonomy":"product_cat","embeddable":true,"href":"https:\/\/roveyayinevi.com.tr\/index.php\/wp-json\/wp\/v2\/product_cat?post=785997"},{"taxonomy":"product_tag","embeddable":true,"href":"https:\/\/roveyayinevi.com.tr\/index.php\/wp-json\/wp\/v2\/product_tag?post=785997"}],"curies":[{"name":"wp","href":"https:\/\/api.w.org\/{rel}","templated":true}]}}