{"id":785995,"date":"2026-04-15T02:15:35","date_gmt":"2026-04-14T23:15:35","guid":{"rendered":"https:\/\/roveyayinevi.com.tr\/index.php\/urun\/animsi-acimsi\/"},"modified":"2026-04-15T02:15:35","modified_gmt":"2026-04-14T23:15:35","slug":"animsi-acimsi","status":"publish","type":"product","link":"https:\/\/roveyayinevi.com.tr\/index.php\/urun\/animsi-acimsi\/","title":{"rendered":"An\u0131ms\u0131 Ac\u0131ms\u0131"},"content":{"rendered":"<p>Makal, yurdumuzun \u00e7ileli yazarlar\u0131ndan biridir. \u00c7ilesi, halk\u00e7\u0131, toplumcu yazar olmas\u0131ndan ileri geliyor. Yoksa, bug\u00fcn O da sonsuz bir rahatl\u0131k i\u00e7inde olurdu. Eline, \u00e7ok para kazanma f\u0131rsatlar\u0131 ge\u00e7mi\u015fti. Amac\u0131 para kazanmak olmad\u0131\u011f\u0131ndan, b\u00f6ylesi ucuz rahatl\u0131klara kendini kapt\u0131rmad\u0131. \u00d6n\u00fcnde, bug\u00fcn pek \u00e7oklar\u0131n\u0131n d\u00fc\u015f\u00fcnde ya\u015fatt\u0131\u011f\u0131 koltuklar duruyordu. O, iskemlede oturmay\u0131 koltu\u011fa ye\u011f tuttu. \u00c7\u00fcnk\u00fc Makal, bir halk yazar\u0131 olarak ortaya \u00e7\u0131km\u0131\u015ft\u0131, halk yazar\u0131 olarak ya\u015fayacakt\u0131. Yerli halkl\u0131, o y\u00fckseldi\u011fi oranda O da y\u00fckselecekti. B\u00f6yle olmak, halk yazar\u0131 olman\u0131n gereklerindendir. <\/p>\n","protected":false},"excerpt":{"rendered":"<p>Makal, yurdumuzun \u00e7ileli yazarlar\u0131ndan biridir. \u00c7ilesi, halk\u00e7\u0131, toplumcu yazar olmas\u0131ndan ileri geliyor. Yoksa, bug\u00fcn O da sonsuz bir rahatl\u0131k i\u00e7inde olurdu. Eline, \u00e7ok para kazanma f\u0131rsatlar\u0131<span class=\"excerpt-hellip\"> [\u2026]<\/span><\/p>\n","protected":false},"featured_media":0,"template":"","meta":{"_monsterinsights_skip_tracking":false,"_monsterinsights_sitenote_active":false,"_monsterinsights_sitenote_note":"","_monsterinsights_sitenote_category":0},"product_brand":[],"product_cat":[12291,12292],"product_tag":[],"class_list":{"0":"post-785995","1":"product","2":"type-product","3":"status-publish","5":"product_cat-edebiyat","6":"product_cat-turk-edebiyati","7":"pa_cilt-ciltsiz","8":"pa_tur-kitap","9":"pa_yayinevi-literatur-yayinevi","10":"pa_yazar-mahmut-makal","12":"first","13":"instock","14":"sale","15":"shipping-taxable","16":"purchasable","17":"product-type-simple"},"_links":{"self":[{"href":"https:\/\/roveyayinevi.com.tr\/index.php\/wp-json\/wp\/v2\/product\/785995","targetHints":{"allow":["GET"]}}],"collection":[{"href":"https:\/\/roveyayinevi.com.tr\/index.php\/wp-json\/wp\/v2\/product"}],"about":[{"href":"https:\/\/roveyayinevi.com.tr\/index.php\/wp-json\/wp\/v2\/types\/product"}],"wp:attachment":[{"href":"https:\/\/roveyayinevi.com.tr\/index.php\/wp-json\/wp\/v2\/media?parent=785995"}],"wp:term":[{"taxonomy":"product_brand","embeddable":true,"href":"https:\/\/roveyayinevi.com.tr\/index.php\/wp-json\/wp\/v2\/product_brand?post=785995"},{"taxonomy":"product_cat","embeddable":true,"href":"https:\/\/roveyayinevi.com.tr\/index.php\/wp-json\/wp\/v2\/product_cat?post=785995"},{"taxonomy":"product_tag","embeddable":true,"href":"https:\/\/roveyayinevi.com.tr\/index.php\/wp-json\/wp\/v2\/product_tag?post=785995"}],"curies":[{"name":"wp","href":"https:\/\/api.w.org\/{rel}","templated":true}]}}