{"id":785992,"date":"2026-04-15T02:12:07","date_gmt":"2026-04-14T23:12:07","guid":{"rendered":"https:\/\/roveyayinevi.com.tr\/index.php\/urun\/bozkirdaki-kivilcim-enstituler\/"},"modified":"2026-04-15T02:12:07","modified_gmt":"2026-04-14T23:12:07","slug":"bozkirdaki-kivilcim-enstituler","status":"publish","type":"product","link":"https:\/\/roveyayinevi.com.tr\/index.php\/urun\/bozkirdaki-kivilcim-enstituler\/","title":{"rendered":"Bozk\u0131rdaki K\u0131v\u0131lc\u0131m Enstit\u00fcler"},"content":{"rendered":"<p>K\u00f6y okullar\u0131nda \u00e7a\u011fda\u015f e\u011fitimin uygulanmas\u0131ndan tutun da, ar\u0131c\u0131l\u0131\u011f\u0131n, hayvanc\u0131l\u0131\u011f\u0131n, tar\u0131m\u0131n geli\u015ftirilmesine, sebzecili\u011fin, meyvecili\u011fin yayg\u0131nla\u015fmas\u0131na, k\u00f6ylerin yola, suya, ba\u011fa-bah\u00e7eye kavu\u015fmas\u0131na, halk t\u00fcrk\u00fclerinin ve halk oyunlar\u0131n\u0131n ortaya \u00e7\u0131kar\u0131lmas\u0131na, yazg\u0131c\u0131l\u0131k, bilisizlik, b\u00fcrokrasi ile sava\u015farak yeni tutum ve d\u00fc\u015f\u00fcncelerin halka ula\u015fmas\u0131na kadar her alanda k\u00f6y toplumunu nas\u0131l etkileyip k\u0131p\u0131rdatt\u0131 Enstit\u00fcl\u00fcler?\ufffcTan\u0131t\u0131m Metni<\/p>\n","protected":false},"excerpt":{"rendered":"<p>K\u00f6y okullar\u0131nda \u00e7a\u011fda\u015f e\u011fitimin uygulanmas\u0131ndan tutun da, ar\u0131c\u0131l\u0131\u011f\u0131n, hayvanc\u0131l\u0131\u011f\u0131n, tar\u0131m\u0131n geli\u015ftirilmesine, sebzecili\u011fin, meyvecili\u011fin yayg\u0131nla\u015fmas\u0131na, k\u00f6ylerin yola, suya, ba\u011fa-bah\u00e7eye kavu\u015fmas\u0131na, halk t\u00fcrk\u00fclerinin ve halk oyunlar\u0131n\u0131n ortaya \u00e7\u0131kar\u0131lmas\u0131na,<span class=\"excerpt-hellip\"> [\u2026]<\/span><\/p>\n","protected":false},"featured_media":0,"template":"","meta":{"_monsterinsights_skip_tracking":false,"_monsterinsights_sitenote_active":false,"_monsterinsights_sitenote_note":"","_monsterinsights_sitenote_category":0},"product_brand":[],"product_cat":[12312,12304],"product_tag":[],"class_list":{"0":"post-785992","1":"product","2":"type-product","3":"status-publish","5":"product_cat-diger","6":"product_cat-tarih","7":"pa_cilt-ciltsiz","8":"pa_tur-kitap","9":"pa_yayinevi-literatur-yayinevi","10":"pa_yazar-mahmut-makal","12":"first","13":"instock","14":"sale","15":"shipping-taxable","16":"purchasable","17":"product-type-simple"},"_links":{"self":[{"href":"https:\/\/roveyayinevi.com.tr\/index.php\/wp-json\/wp\/v2\/product\/785992","targetHints":{"allow":["GET"]}}],"collection":[{"href":"https:\/\/roveyayinevi.com.tr\/index.php\/wp-json\/wp\/v2\/product"}],"about":[{"href":"https:\/\/roveyayinevi.com.tr\/index.php\/wp-json\/wp\/v2\/types\/product"}],"wp:attachment":[{"href":"https:\/\/roveyayinevi.com.tr\/index.php\/wp-json\/wp\/v2\/media?parent=785992"}],"wp:term":[{"taxonomy":"product_brand","embeddable":true,"href":"https:\/\/roveyayinevi.com.tr\/index.php\/wp-json\/wp\/v2\/product_brand?post=785992"},{"taxonomy":"product_cat","embeddable":true,"href":"https:\/\/roveyayinevi.com.tr\/index.php\/wp-json\/wp\/v2\/product_cat?post=785992"},{"taxonomy":"product_tag","embeddable":true,"href":"https:\/\/roveyayinevi.com.tr\/index.php\/wp-json\/wp\/v2\/product_tag?post=785992"}],"curies":[{"name":"wp","href":"https:\/\/api.w.org\/{rel}","templated":true}]}}