{"id":785991,"date":"2026-04-15T02:11:58","date_gmt":"2026-04-14T23:11:58","guid":{"rendered":"https:\/\/roveyayinevi.com.tr\/index.php\/urun\/hayal-ve-gercek-yirmi-bes-yil-sonra-bizim-koy\/"},"modified":"2026-04-15T02:11:58","modified_gmt":"2026-04-14T23:11:58","slug":"hayal-ve-gercek-yirmi-bes-yil-sonra-bizim-koy","status":"publish","type":"product","link":"https:\/\/roveyayinevi.com.tr\/index.php\/urun\/hayal-ve-gercek-yirmi-bes-yil-sonra-bizim-koy\/","title":{"rendered":"Hayal ve Ger\u00e7ek: Yirmi Be\u015f Y\u0131l Sonra Bizim K\u00f6y"},"content":{"rendered":"<p>Zaman\u0131m\u0131zda edebiyat\u0131n b\u00f6ylesine ancak ekmek gibi al\u0131nteriyle kazan\u0131lm\u0131\u015f ve tad\u0131na var\u0131lm\u0131\u015f bir k\u00fclt\u00fcrle varabiliyor. Mahmut Makal\u2019\u0131n d\u00fc\u015f\u00fcncesi i\u015f ve ger\u00e7ek kadar kitaplarla da yo\u011frulmu\u015f. Ama kitaplar, bir\u00e7ok yazar\u0131m\u0131zda oldu\u011fu gibi, ger\u00e7e\u011fin \u00f6n\u00fcne perde \u00e7ekecek yerde, mevcut perdeleri kald\u0131rmaya yaram\u0131\u015flar. \u0130\u015fte ak\u0131yla karas\u0131yla, zehiri bal\u0131yla, bizim k\u00f6y: Okuyun bakal\u0131m, bizim demeye diliniz varacak m\u0131?   Sabahattin Eyubo\u011flu (Kitaplar dergisi) \u0130nsan Hayal ve Ger\u00e7ek\u2019i okurken, bu notlar\u0131n bir bozk\u0131r k\u00f6y\u00fcnden al\u0131nm\u0131\u015f intibalarla yaz\u0131lm\u0131\u015f oldu\u011funu unutuyor da, hat\u0131rada manzara manzara, olay olay, hik\u00e2ye hik\u00e2ye kalm\u0131\u015f bir\u00e7ok k\u00f6y\u00fcn canland\u0131\u011f\u0131n\u0131 hissediyor. \u201cAl\u0131\u015fveri\u015f\u201di okurken, bir g\u00fcney k\u00f6y\u00fcnde, bir nahiye m\u00fcd\u00fcr\u00fcn\u00fcn h\u00fcz\u00fcnl\u00fc bir dille k\u00f6yde k\u0131zlar\u0131n babalar\u0131 taraf\u0131ndan nas\u0131l sat\u0131ld\u0131\u011f\u0131n\u0131 anlatt\u0131\u011f\u0131 bir k\u0131\u015f gecesini hat\u0131rl\u0131yor; se\u00e7ime ait b\u00f6l\u00fcmlerde de muhtelif k\u00f6yleri, muhtelif g\u00fcnleri ile yeniden ya\u015far gibi oluyorum. Her gelen hatibi s\u00fck\u00fbnetle dinleyen, alk\u0131\u015flayan, u\u011furlayan, fakat karar\u0131n\u0131 hi\u00e7 belli etmeden, g\u00f6\u011fs\u00fcndeki k\u00fc\u00e7\u00fck pusulan\u0131n oy sand\u0131\u011f\u0131na girece\u011fi g\u00fcn\u00fc bekleyen kad\u0131nlardan, erkeklerden m\u00fcte\u015fekkil halkalar, k\u00fcmeler&#8230; Dr A. Ferhan O\u011fuzkan (Varl\u0131k) <\/p>\n","protected":false},"excerpt":{"rendered":"<p>Zaman\u0131m\u0131zda edebiyat\u0131n b\u00f6ylesine ancak ekmek gibi al\u0131nteriyle kazan\u0131lm\u0131\u015f ve tad\u0131na var\u0131lm\u0131\u015f bir k\u00fclt\u00fcrle varabiliyor. Mahmut Makal\u2019\u0131n d\u00fc\u015f\u00fcncesi i\u015f ve ger\u00e7ek kadar kitaplarla da yo\u011frulmu\u015f. Ama kitaplar,<span class=\"excerpt-hellip\"> [\u2026]<\/span><\/p>\n","protected":false},"featured_media":0,"template":"","meta":{"_monsterinsights_skip_tracking":false,"_monsterinsights_sitenote_active":false,"_monsterinsights_sitenote_note":"","_monsterinsights_sitenote_category":0},"product_brand":[],"product_cat":[27157,12291],"product_tag":[],"class_list":{"0":"post-785991","1":"product","2":"type-product","3":"status-publish","5":"product_cat-derleme","6":"product_cat-edebiyat","7":"pa_cilt-ciltsiz","8":"pa_tur-kitap","9":"pa_yayinevi-literatur-yayinevi","10":"pa_yazar-mahmut-makal","12":"first","13":"instock","14":"sale","15":"shipping-taxable","16":"purchasable","17":"product-type-simple"},"_links":{"self":[{"href":"https:\/\/roveyayinevi.com.tr\/index.php\/wp-json\/wp\/v2\/product\/785991","targetHints":{"allow":["GET"]}}],"collection":[{"href":"https:\/\/roveyayinevi.com.tr\/index.php\/wp-json\/wp\/v2\/product"}],"about":[{"href":"https:\/\/roveyayinevi.com.tr\/index.php\/wp-json\/wp\/v2\/types\/product"}],"wp:attachment":[{"href":"https:\/\/roveyayinevi.com.tr\/index.php\/wp-json\/wp\/v2\/media?parent=785991"}],"wp:term":[{"taxonomy":"product_brand","embeddable":true,"href":"https:\/\/roveyayinevi.com.tr\/index.php\/wp-json\/wp\/v2\/product_brand?post=785991"},{"taxonomy":"product_cat","embeddable":true,"href":"https:\/\/roveyayinevi.com.tr\/index.php\/wp-json\/wp\/v2\/product_cat?post=785991"},{"taxonomy":"product_tag","embeddable":true,"href":"https:\/\/roveyayinevi.com.tr\/index.php\/wp-json\/wp\/v2\/product_tag?post=785991"}],"curies":[{"name":"wp","href":"https:\/\/api.w.org\/{rel}","templated":true}]}}