{"id":785985,"date":"2026-04-15T02:01:54","date_gmt":"2026-04-14T23:01:54","guid":{"rendered":"https:\/\/roveyayinevi.com.tr\/index.php\/urun\/yeraltinda-bir-anadolu\/"},"modified":"2026-04-15T02:01:54","modified_gmt":"2026-04-14T23:01:54","slug":"yeraltinda-bir-anadolu","status":"publish","type":"product","link":"https:\/\/roveyayinevi.com.tr\/index.php\/urun\/yeraltinda-bir-anadolu\/","title":{"rendered":"Yeralt\u0131nda Bir Anadolu"},"content":{"rendered":"<p>Bizim K\u00f6y\u2019\u00fcn \u00fcnl\u00fc yazar\u0131 Mahmut Makal, Orta Anadolu\u2019yu anlat\u0131p bitirdikten sonra bu kez de Do\u011fu\u2019ya y\u00f6neliyor. Bizim K\u00f6y\u2019\u00fcn yaln\u0131zca dikine fakat y\u00f6ntemsiz Makal\u2019\u0131, yeni kitab\u0131 Yeralt\u0131nda Bir Anadolu\u2019da yaln\u0131z g\u00f6ren g\u00f6z, duyan kulak, yazan kalem de\u011fildir. Makal, olaylara ya da olu\u015flara do\u011frudan do\u011fruya yal\u0131n bir bilin\u00e7le bak\u0131yor art\u0131k. Sert, keskin, h\u0131r\u00e7\u0131n, diren\u00e7li bir kalemle anlat\u0131yor Do\u011fu\u2019yu. Do\u011fu Anadolumuz daha \u00f6nce anlat\u0131lmad\u0131 m\u0131 bize? Az bu\u00e7uk r\u00f6portaj yapmas\u0131n\u0131 bilen herkes, hemen hemen her gazeteci Do\u011fu\u2019ya bir kere uzand\u0131. Gidip geldi ve yazd\u0131 g\u00f6rd\u00fcklerini. Ama hi\u00e7biri Makal de\u011fildi onlar\u0131n. Makal da onlar gibi de\u011fil. O y\u00fczden, Makal\u2019\u0131nkiler daha ac\u0131l\u0131, daha batan, daha ne\u015fterleyici soyundan. Yeralt\u0131nda Bir Anadolu bug\u00fcn Sa\u011f\u0131rlar ve Dilsizler Okulu \u00d6\u011fretmeni Makal\u2019\u0131n ba\u011f\u0131ra ba\u011f\u0131ra konu\u015ftu\u011fu bir kitapt\u0131r. Tar\u0131k Dursun K. (Milliyet) Yeralt\u0131nda Bir Anadolu, yazar\u0131n Bakanl\u0131k emrine al\u0131nd\u0131ktan sonra gezdi\u011fi Do\u011fu Anadolu\u2019daki g\u00f6zlemlerini yans\u0131tmaktad\u0131r. Yeralt\u0131nda ya\u015fayan Do\u011fu\u2019nun k\u00f6y\u00fcn\u00fc ve k\u00f6yl\u00fcs\u00fcn\u00fc dile getirmektedir. Ger\u00e7ek\u00e7i yazar\u0131n bu incelemesi, k\u00f6y sorunlar\u0131m\u0131z\u0131n anla\u015f\u0131lmas\u0131nda yararl\u0131 olacakt\u0131r&#8230;       T\u00fcrker Acaro\u011flu (Cumhuriyet)K\u00f6y sorunlar\u0131n\u0131 \u00e7ok iyi bilen ve ba\u015far\u0131l\u0131 eserleri yaln\u0131z T\u00fcrkiyemizde de\u011fil, pek \u00e7ok yabanc\u0131 \u00fclkede bas\u0131lan de\u011ferli yazar Mahmut Makal\u2019\u0131n Yeralt\u0131nda Bir Anadolu adl\u0131 eseri ger\u00e7ekten b\u00fcy\u00fck yank\u0131lar yapacak niteliktedir. G\u00fcn\u00fcm\u00fczde Do\u011fu sorunlar\u0131 g\u00fcnl\u00fck konu haline gelmi\u015ftir. Makal, \u00e7ok iyi bildi\u011fi Anadolu\u2019nun bu b\u00f6lgesini dola\u015fm\u0131\u015f, yeralt\u0131nda ya\u015fayan Anadolumuzu dile getirebilmek i\u00e7in de\u011ferli kalemini kullanm\u0131\u015ft\u0131r. Yirminci y\u00fczy\u0131ldaki Anadolu\u2019yu ayd\u0131nlar\u0131m\u0131z\u0131n bilmesinde, \u00f6\u011frenmesinde anlat\u0131lamayacak kadar isabet vard\u0131r. Ger\u00e7ek\u00e7i yazar Makal, bu incelemesiyle okura ve yar\u0131nki ku\u015faklara bir belge sunmaktad\u0131r. Mehmet Ali Yal\u00e7\u0131n (MAY)<\/p>\n","protected":false},"excerpt":{"rendered":"<p>Bizim K\u00f6y\u2019\u00fcn \u00fcnl\u00fc yazar\u0131 Mahmut Makal, Orta Anadolu\u2019yu anlat\u0131p bitirdikten sonra bu kez de Do\u011fu\u2019ya y\u00f6neliyor. Bizim K\u00f6y\u2019\u00fcn yaln\u0131zca dikine fakat y\u00f6ntemsiz Makal\u2019\u0131, yeni kitab\u0131 Yeralt\u0131nda<span class=\"excerpt-hellip\"> [\u2026]<\/span><\/p>\n","protected":false},"featured_media":0,"template":"","meta":{"_monsterinsights_skip_tracking":false,"_monsterinsights_sitenote_active":false,"_monsterinsights_sitenote_note":"","_monsterinsights_sitenote_category":0},"product_brand":[],"product_cat":[12777,12291],"product_tag":[],"class_list":{"0":"post-785985","1":"product","2":"type-product","3":"status-publish","5":"product_cat-deneme","6":"product_cat-edebiyat","7":"pa_cilt-ciltsiz","8":"pa_tur-kitap","9":"pa_yayinevi-literatur-yayinevi","10":"pa_yazar-mahmut-makal","12":"first","13":"instock","14":"sale","15":"shipping-taxable","16":"purchasable","17":"product-type-simple"},"_links":{"self":[{"href":"https:\/\/roveyayinevi.com.tr\/index.php\/wp-json\/wp\/v2\/product\/785985","targetHints":{"allow":["GET"]}}],"collection":[{"href":"https:\/\/roveyayinevi.com.tr\/index.php\/wp-json\/wp\/v2\/product"}],"about":[{"href":"https:\/\/roveyayinevi.com.tr\/index.php\/wp-json\/wp\/v2\/types\/product"}],"wp:attachment":[{"href":"https:\/\/roveyayinevi.com.tr\/index.php\/wp-json\/wp\/v2\/media?parent=785985"}],"wp:term":[{"taxonomy":"product_brand","embeddable":true,"href":"https:\/\/roveyayinevi.com.tr\/index.php\/wp-json\/wp\/v2\/product_brand?post=785985"},{"taxonomy":"product_cat","embeddable":true,"href":"https:\/\/roveyayinevi.com.tr\/index.php\/wp-json\/wp\/v2\/product_cat?post=785985"},{"taxonomy":"product_tag","embeddable":true,"href":"https:\/\/roveyayinevi.com.tr\/index.php\/wp-json\/wp\/v2\/product_tag?post=785985"}],"curies":[{"name":"wp","href":"https:\/\/api.w.org\/{rel}","templated":true}]}}