{"id":785983,"date":"2026-04-15T02:01:47","date_gmt":"2026-04-14T23:01:47","guid":{"rendered":"https:\/\/roveyayinevi.com.tr\/index.php\/urun\/memleketin-sahipleri\/"},"modified":"2026-04-15T02:01:47","modified_gmt":"2026-04-14T23:01:47","slug":"memleketin-sahipleri","status":"publish","type":"product","link":"https:\/\/roveyayinevi.com.tr\/index.php\/urun\/memleketin-sahipleri\/","title":{"rendered":"Memleketin Sahipleri"},"content":{"rendered":"<p>Memleketin Sahipleri\u2019ni iki gece arka arkaya ve bir solukta okudum. Kitab\u0131n ad\u0131, bana \u00f6nce Atat\u00fcrk\u2019\u00fcn k\u00f6yl\u00fc i\u00e7in s\u00f6yledi\u011fi b\u00fcy\u00fck s\u00f6z\u00fc an\u0131msatt\u0131. Fakat okuyunca, \u201cMemleketin Sahipleri\u201dnin de \u201csahipleri\u201d bulundu\u011funu, Makal\u2019\u0131n bunlardan s\u00f6z a\u00e7t\u0131\u011f\u0131n\u0131 g\u00f6rd\u00fcm. Sonra sayfalar boyunca, T\u00fcrk k\u00f6yl\u00fcs\u00fcn\u00fc saran bu karabasan\u0131 izledim. Duvarda Atat\u00fcrk tren penceresinden ufuklara bak\u0131yor. Belli ki o da Mahmut Makallar\u2019\u0131yla \u00f6v\u00fcn\u00fcyor; i\u00e7i rahatt\u0131r. \u2018B\u00fcy\u00fc\u201d b\u00f6l\u00fcm\u00fcn\u00fc okurken radyodan \u00c7aykovski\u2019nin h\u00fcz\u00fcnl\u00fc m\u00fczi\u011fi yank\u0131land\u0131. Bu par\u00e7ada yazar sanki \u015fair olmak istemi\u015f. Bana \u00e7ok dokundu. M\u00fczik sanki bu par\u00e7an\u0131n bestesiydi&#8230;                                                                                                                      _Sami N. \u00d6zerdim (Varl\u0131k dergisi) Yap\u0131t, k\u00f6y halk\u0131n\u0131n ya\u015fay\u0131\u015f\u0131na y\u00f6n veren bo\u015f inan\u0131\u015flar\u0131, dinsel duygular\u0131 ve cin-peri \u00f6yk\u00fclerini de i\u00e7ermektedir. \u0130slamiyet\u2019in korkun\u00e7 bask\u0131s\u0131n\u0131, bu konuda k\u00f6yl\u00fcler aras\u0131nda bilinen s\u00f6ylenceleri ve ya\u015fanan ger\u00e7ekleri belgelemesi bak\u0131m\u0131ndan, benim bildi\u011fim ba\u015fka herhangi bir yap\u0131ttan \u00e7ok g\u00fc\u00e7l\u00fcd\u00fcr. Keskin ve de\u011fi\u015fik bir anlat\u0131m\u0131 vard\u0131r. Bu canl\u0131 betimlemeler, k\u00f6y ya\u015fam\u0131 ve k\u00f6yl\u00fcn\u00fcn inan\u00e7lar\u0131 \u00fcst\u00fcne g\u00f6zlemleri i\u00e7erdi\u011fi gibi, halk\u0131n geleneklerinde ve anlay\u0131\u015f\u0131ndaki de\u011fi\u015fiklikleri yans\u0131tan bilgilerle de doludur. B\u00fct\u00fcn b\u00f6l\u00fcmler devrim ve \u00fcmit \u00f6\u011feleriyle i\u00e7 i\u00e7edir.T\u00fcrkiye\u2019nin kent ve k\u00f6ylerindeki yenile\u015fmeye ili\u015fkin konular Makal\u2019\u0131n g\u00f6zlemlerinden izlenmeli. Onun yap\u0131tlar\u0131n\u0131n de\u011feri, Anadolu\u2019daki ya\u015fam\u0131n, halk\u0131n duygu ve d\u00fc\u015f\u00fcncesinin bilinmeyen y\u00f6nlerini yetkiyle ve hayret edilecek do\u011frulukla yans\u0131tmas\u0131ndad\u0131r.                                                                               _Prof. Howard A. Reed (The Middle East Journal) <\/p>\n","protected":false},"excerpt":{"rendered":"<p>Memleketin Sahipleri\u2019ni iki gece arka arkaya ve bir solukta okudum. Kitab\u0131n ad\u0131, bana \u00f6nce Atat\u00fcrk\u2019\u00fcn k\u00f6yl\u00fc i\u00e7in s\u00f6yledi\u011fi b\u00fcy\u00fck s\u00f6z\u00fc an\u0131msatt\u0131. Fakat okuyunca, \u201cMemleketin Sahipleri\u201dnin de<span class=\"excerpt-hellip\"> [\u2026]<\/span><\/p>\n","protected":false},"featured_media":0,"template":"","meta":{"_monsterinsights_skip_tracking":false,"_monsterinsights_sitenote_active":false,"_monsterinsights_sitenote_note":"","_monsterinsights_sitenote_category":0},"product_brand":[],"product_cat":[12312,12304],"product_tag":[],"class_list":{"0":"post-785983","1":"product","2":"type-product","3":"status-publish","5":"product_cat-diger","6":"product_cat-tarih","7":"pa_cilt-ciltsiz","8":"pa_tur-kitap","9":"pa_yayinevi-literatur-yayinevi","10":"pa_yazar-mahmut-makal","12":"first","13":"instock","14":"sale","15":"shipping-taxable","16":"purchasable","17":"product-type-simple"},"_links":{"self":[{"href":"https:\/\/roveyayinevi.com.tr\/index.php\/wp-json\/wp\/v2\/product\/785983","targetHints":{"allow":["GET"]}}],"collection":[{"href":"https:\/\/roveyayinevi.com.tr\/index.php\/wp-json\/wp\/v2\/product"}],"about":[{"href":"https:\/\/roveyayinevi.com.tr\/index.php\/wp-json\/wp\/v2\/types\/product"}],"wp:attachment":[{"href":"https:\/\/roveyayinevi.com.tr\/index.php\/wp-json\/wp\/v2\/media?parent=785983"}],"wp:term":[{"taxonomy":"product_brand","embeddable":true,"href":"https:\/\/roveyayinevi.com.tr\/index.php\/wp-json\/wp\/v2\/product_brand?post=785983"},{"taxonomy":"product_cat","embeddable":true,"href":"https:\/\/roveyayinevi.com.tr\/index.php\/wp-json\/wp\/v2\/product_cat?post=785983"},{"taxonomy":"product_tag","embeddable":true,"href":"https:\/\/roveyayinevi.com.tr\/index.php\/wp-json\/wp\/v2\/product_tag?post=785983"}],"curies":[{"name":"wp","href":"https:\/\/api.w.org\/{rel}","templated":true}]}}