{"id":785982,"date":"2026-04-15T01:59:46","date_gmt":"2026-04-14T22:59:46","guid":{"rendered":"https:\/\/roveyayinevi.com.tr\/index.php\/urun\/allahin-sunguleri-reis-pasa\/"},"modified":"2026-04-16T01:59:16","modified_gmt":"2026-04-15T22:59:16","slug":"allahin-sunguleri-reis-pasa","status":"publish","type":"product","link":"https:\/\/roveyayinevi.com.tr\/index.php\/urun\/allahin-sunguleri-reis-pasa\/","title":{"rendered":"Allah\u0131n S\u00fcng\u00fcleri Reis Pa\u015fa"},"content":{"rendered":"<p>Y\u0131l 1920. Reis Pa\u015fa art\u0131k Anadolu\u2019ya ge\u00e7mi\u015f, milletvekilleri Ankara\u2019ya toplanmakta&#8230; Yurdun d\u00f6rt bir yan\u0131nda direni\u015fin ate\u015fi harlanm\u0131\u015f. Ama k\u0131\u015fk\u0131rtmalar\u0131n, ayaklanmalar\u0131n da ard\u0131 arkas\u0131 kesilmiyor. Ortal\u0131k toz duman. Reis Pa\u015fa , bir yandan sava\u015f\u0131 y\u00f6netirken, bir yandan da tasarlad\u0131\u011f\u0131 gelece\u011fin tohumlar\u0131n\u0131 at\u0131yor&#8230; Allah\u0131n S\u00fcng\u00fcleri bu b\u00fcy\u00fck direni\u015fin \u00f6yk\u00fcs\u00fcn\u00fc anlat\u0131yor ve onun kahramanlar\u0131n\u0131n etten kemikten, insan resimlerini \u00e7iziyor. Mustafa Kemal, \u0130smet \u0130n\u00f6n\u00fc, Halide Edip, Yunus Nadi&#8230; Makbule Han\u0131m, Z\u00fcbeyde Han\u0131m, b\u00fcy\u00fck a\u015fk Fikriye&#8230; Tarih kitaplar\u0131nda birer isim olan bu \u015fahsiyetler romanda adeta canlan\u0131yor, hayat buluyor. Hepsi, bazen so\u011fuk Ankara tepelerinde, bazen \u0130stanbul\u2019un bir zengin kona\u011f\u0131nda, bazen t\u0131kl\u0131m t\u0131kl\u0131m direni\u015f\u00e7i dolu trenlerde, bazen meclise giden tozlu yollarda nefes al\u0131yorlar&#8230; Roman\u0131n g\u00f6rsel dili sizi Kurtulu\u015f Sava\u015f\u0131\u2019n\u0131n en hummal\u0131 g\u00fcnlerinin \u00fcrpertici atmosferine katacak; kah demirk\u0131r\u0131 bir k\u0131sra\u011f\u0131n so\u011fukta dumanla\u015fan nefesini y\u00fcz\u00fcn\u00fczde hissedecek, kah Reis Pa\u015fa yla birlikte Ankara\u2019n\u0131n damar damar, \u00e7ilek pembesi, so\u011fuk ve dumanl\u0131 bir lacivert gecesine bakacaks\u0131n\u0131z. Attil\u00e2 \u0130lhan 15 Haziran 1925&#8217;te Menemen&#8217;de do\u011fdu. T\u00fcrkiye&#8217;nin en \u00fcretken yazarlar\u0131ndan olan \u0130lhan&#8217;\u0131n gen\u00e7 ya\u015flar\u0131nda ba\u015flad\u0131\u011f\u0131 d\u00fc\u015f\u00fcnme ve yazma ser\u00fcveni 10 Ekim 2005&#8217;te \u00f6l\u00fcms\u00fczl\u00fc\u011fe g\u00f6\u00e7ene kadar s\u00fcrd\u00fc. \ufffc<\/p>\n","protected":false},"excerpt":{"rendered":"<p>Y\u0131l 1920. Reis Pa\u015fa art\u0131k Anadolu\u2019ya ge\u00e7mi\u015f, milletvekilleri Ankara\u2019ya toplanmakta&#8230; Yurdun d\u00f6rt bir yan\u0131nda direni\u015fin ate\u015fi harlanm\u0131\u015f. Ama k\u0131\u015fk\u0131rtmalar\u0131n, ayaklanmalar\u0131n da ard\u0131 arkas\u0131 kesilmiyor. Ortal\u0131k toz<span class=\"excerpt-hellip\"> [\u2026]<\/span><\/p>\n","protected":false},"featured_media":0,"template":"","meta":{"_monsterinsights_skip_tracking":false,"_monsterinsights_sitenote_active":false,"_monsterinsights_sitenote_note":"","_monsterinsights_sitenote_category":0},"product_brand":[],"product_cat":[12291,12292],"product_tag":[],"class_list":{"0":"post-785982","1":"product","2":"type-product","3":"status-publish","5":"product_cat-edebiyat","6":"product_cat-turk-edebiyati","7":"pa_cilt-ciltsiz","8":"pa_tur-kitap","9":"pa_yayinevi-is-bankasi-kultur-yayinlari","10":"pa_yazar-attila-ilhan","12":"first","13":"instock","14":"sale","15":"shipping-taxable","16":"purchasable","17":"product-type-simple"},"_links":{"self":[{"href":"https:\/\/roveyayinevi.com.tr\/index.php\/wp-json\/wp\/v2\/product\/785982","targetHints":{"allow":["GET"]}}],"collection":[{"href":"https:\/\/roveyayinevi.com.tr\/index.php\/wp-json\/wp\/v2\/product"}],"about":[{"href":"https:\/\/roveyayinevi.com.tr\/index.php\/wp-json\/wp\/v2\/types\/product"}],"wp:attachment":[{"href":"https:\/\/roveyayinevi.com.tr\/index.php\/wp-json\/wp\/v2\/media?parent=785982"}],"wp:term":[{"taxonomy":"product_brand","embeddable":true,"href":"https:\/\/roveyayinevi.com.tr\/index.php\/wp-json\/wp\/v2\/product_brand?post=785982"},{"taxonomy":"product_cat","embeddable":true,"href":"https:\/\/roveyayinevi.com.tr\/index.php\/wp-json\/wp\/v2\/product_cat?post=785982"},{"taxonomy":"product_tag","embeddable":true,"href":"https:\/\/roveyayinevi.com.tr\/index.php\/wp-json\/wp\/v2\/product_tag?post=785982"}],"curies":[{"name":"wp","href":"https:\/\/api.w.org\/{rel}","templated":true}]}}