{"id":785980,"date":"2026-04-14T03:45:48","date_gmt":"2026-04-14T00:45:48","guid":{"rendered":"https:\/\/roveyayinevi.com.tr\/index.php\/urun\/kirilma-noktasi-3\/"},"modified":"2026-04-15T03:49:39","modified_gmt":"2026-04-15T00:49:39","slug":"kirilma-noktasi-3","status":"publish","type":"product","link":"https:\/\/roveyayinevi.com.tr\/index.php\/urun\/kirilma-noktasi-3\/","title":{"rendered":"K\u0131r\u0131lma Noktas\u0131"},"content":{"rendered":"<p>BU YARI\u015eTA \u0130K\u0130NC\u0130 \u015eANSIN ADI A\u015eKTIKnox Holland\u2019\u0131n ba\u015f\u0131 beladayd\u0131. Profesyonel motokros d\u00fcnyas\u0131ndaki ilk y\u0131l\u0131 f\u0131rt\u0131na gibi ge\u00e7se de dizginleyemedi\u011fi \u00f6fkesi tak\u0131mdan kovulmas\u0131na neden olmu\u015ftu. Art\u0131k herkes ondan umudu kesmi\u015fti fakat Knox kariyerini tekrar parlatmaya kararl\u0131yd\u0131.Olimpiyatlarda iki madalya kazanm\u0131\u015f Avery Oliver\u2019sa ge\u00e7irdi\u011fi kritik sakatl\u0131\u011f\u0131 atlatmaya \u00e7al\u0131\u015f\u0131yordu. \u00dczerinde \u00e7ok b\u00fcy\u00fck bir bask\u0131 vard\u0131 ve b\u00fct\u00fcn d\u00fcnyaya tekrar cimnasti\u011fe d\u00f6nebilece\u011fini kan\u0131tlamak zorundayd\u0131. Ondan yard\u0131m isteyen d\u00f6vmeli bir serseriye ay\u0131racak zaman\u0131 kesinlikle yoktu.Oysa ikisinin de tek ihtiyac\u0131 hayata ba\u015fka bir g\u00f6zle bakmalar\u0131n\u0131 ve her \u015feyin \u00fcstesinden gelmelerini sa\u011flayabilecek bir a\u015fkt\u0131.<\/p>\n","protected":false},"excerpt":{"rendered":"<p>BU YARI\u015eTA \u0130K\u0130NC\u0130 \u015eANSIN ADI A\u015eKTIKnox Holland\u2019\u0131n ba\u015f\u0131 beladayd\u0131. Profesyonel motokros d\u00fcnyas\u0131ndaki ilk y\u0131l\u0131 f\u0131rt\u0131na gibi ge\u00e7se de dizginleyemedi\u011fi \u00f6fkesi tak\u0131mdan kovulmas\u0131na neden olmu\u015ftu. Art\u0131k herkes<span class=\"excerpt-hellip\"> [\u2026]<\/span><\/p>\n","protected":false},"featured_media":0,"template":"","meta":{"_monsterinsights_skip_tracking":false,"_monsterinsights_sitenote_active":false,"_monsterinsights_sitenote_note":"","_monsterinsights_sitenote_category":0},"product_brand":[],"product_cat":[12291,12711],"product_tag":[],"class_list":{"0":"post-785980","1":"product","2":"type-product","3":"status-publish","5":"product_cat-edebiyat","6":"product_cat-roman-oyku","7":"pa_cilt-ciltsiz","8":"pa_tur-kitap","9":"pa_yayinevi-nox-yayinlari","10":"pa_yazar-rebecca-jenshak","12":"first","13":"instock","14":"sale","15":"shipping-taxable","16":"purchasable","17":"product-type-simple"},"_links":{"self":[{"href":"https:\/\/roveyayinevi.com.tr\/index.php\/wp-json\/wp\/v2\/product\/785980","targetHints":{"allow":["GET"]}}],"collection":[{"href":"https:\/\/roveyayinevi.com.tr\/index.php\/wp-json\/wp\/v2\/product"}],"about":[{"href":"https:\/\/roveyayinevi.com.tr\/index.php\/wp-json\/wp\/v2\/types\/product"}],"wp:attachment":[{"href":"https:\/\/roveyayinevi.com.tr\/index.php\/wp-json\/wp\/v2\/media?parent=785980"}],"wp:term":[{"taxonomy":"product_brand","embeddable":true,"href":"https:\/\/roveyayinevi.com.tr\/index.php\/wp-json\/wp\/v2\/product_brand?post=785980"},{"taxonomy":"product_cat","embeddable":true,"href":"https:\/\/roveyayinevi.com.tr\/index.php\/wp-json\/wp\/v2\/product_cat?post=785980"},{"taxonomy":"product_tag","embeddable":true,"href":"https:\/\/roveyayinevi.com.tr\/index.php\/wp-json\/wp\/v2\/product_tag?post=785980"}],"curies":[{"name":"wp","href":"https:\/\/api.w.org\/{rel}","templated":true}]}}