{"id":785979,"date":"2026-04-14T03:45:46","date_gmt":"2026-04-14T00:45:46","guid":{"rendered":"https:\/\/roveyayinevi.com.tr\/index.php\/urun\/simdi-degilse-ne-zaman-4\/"},"modified":"2026-04-15T03:49:39","modified_gmt":"2026-04-15T00:49:39","slug":"simdi-degilse-ne-zaman-4","status":"publish","type":"product","link":"https:\/\/roveyayinevi.com.tr\/index.php\/urun\/simdi-degilse-ne-zaman-4\/","title":{"rendered":"\u015eimdi De\u011filse Ne Zaman?"},"content":{"rendered":"<p>BAHANELER B\u0130TER, SEN BA\u015eLARSIN!Hayat\u0131n h\u0131zla akarken, i\u00e7inde bir yerde hep ayn\u0131 c\u00fcmle d\u00f6n\u00fcp duruyor olabilir: \u201cHerkes sanki yerini buldu, bir tek ben arada kald\u0131m.\u201d Kendini bazen da\u011f\u0131n\u0131k, bazen yetersiz, bazen \u201cfazla\u201d ya da \u201ceksik\u201d hissediyor; sonra sosyal medyada, videolarda, yaz\u0131larda kar\u015f\u0131na \u00e7\u0131kan kelimelerle kendini etiketliyorsun: sendrom, kriz, ba\u011f\u0131ml\u0131l\u0131k, korku&#8230;Bu kitap, o etiketleri b\u00fcy\u00fctmek i\u00e7in de\u011fil, arkas\u0131ndaki insan\u0131 g\u00f6rmek i\u00e7in yaz\u0131ld\u0131. Yarg\u0131lamadan, k\u00fc\u00e7\u00fcmsemeden,\u201cKendini d\u00fczelt!\u201d bask\u0131s\u0131 kurmadan; \u00f6nce anlamaya, sonra da i\u00e7ten i\u00e7e elinden tutmaya niyetli bir yolculuk bu.E\u011fer i\u00e7inden \u201cBenimle b\u00f6yle sakin, insanca konu\u015fan birine ihtiyac\u0131m var&#8230;\u201d diyorsan, bu kitap bir rehberden \u00e7ok, yan\u0131nda oturup \u201cHakl\u0131s\u0131n, zor&#8230;\u201d diyebilen bir arkada\u015f gibi.\u00c7\u00fcnk\u00fc mesele sendromlar\u0131 silmek de\u011fil; onlar\u0131n aras\u0131ndan kendini bulmak.<\/p>\n","protected":false},"excerpt":{"rendered":"<p>BAHANELER B\u0130TER, SEN BA\u015eLARSIN!Hayat\u0131n h\u0131zla akarken, i\u00e7inde bir yerde hep ayn\u0131 c\u00fcmle d\u00f6n\u00fcp duruyor olabilir: \u201cHerkes sanki yerini buldu, bir tek ben arada kald\u0131m.\u201d Kendini bazen<span class=\"excerpt-hellip\"> [\u2026]<\/span><\/p>\n","protected":false},"featured_media":0,"template":"","meta":{"_monsterinsights_skip_tracking":false,"_monsterinsights_sitenote_active":false,"_monsterinsights_sitenote_note":"","_monsterinsights_sitenote_category":0},"product_brand":[],"product_cat":[13835],"product_tag":[],"class_list":{"0":"post-785979","1":"product","2":"type-product","3":"status-publish","5":"product_cat-cok-satanlar","6":"pa_cilt-ciltsiz","7":"pa_tur-kitap","8":"pa_yayinevi-destek-yayinlari","9":"pa_yazar-kolektif","11":"first","12":"instock","13":"sale","14":"shipping-taxable","15":"purchasable","16":"product-type-simple"},"_links":{"self":[{"href":"https:\/\/roveyayinevi.com.tr\/index.php\/wp-json\/wp\/v2\/product\/785979","targetHints":{"allow":["GET"]}}],"collection":[{"href":"https:\/\/roveyayinevi.com.tr\/index.php\/wp-json\/wp\/v2\/product"}],"about":[{"href":"https:\/\/roveyayinevi.com.tr\/index.php\/wp-json\/wp\/v2\/types\/product"}],"wp:attachment":[{"href":"https:\/\/roveyayinevi.com.tr\/index.php\/wp-json\/wp\/v2\/media?parent=785979"}],"wp:term":[{"taxonomy":"product_brand","embeddable":true,"href":"https:\/\/roveyayinevi.com.tr\/index.php\/wp-json\/wp\/v2\/product_brand?post=785979"},{"taxonomy":"product_cat","embeddable":true,"href":"https:\/\/roveyayinevi.com.tr\/index.php\/wp-json\/wp\/v2\/product_cat?post=785979"},{"taxonomy":"product_tag","embeddable":true,"href":"https:\/\/roveyayinevi.com.tr\/index.php\/wp-json\/wp\/v2\/product_tag?post=785979"}],"curies":[{"name":"wp","href":"https:\/\/api.w.org\/{rel}","templated":true}]}}