{"id":785978,"date":"2026-04-14T03:45:43","date_gmt":"2026-04-14T00:45:43","guid":{"rendered":"https:\/\/roveyayinevi.com.tr\/index.php\/urun\/tavuklar-papyon-takmaz\/"},"modified":"2026-04-15T03:49:24","modified_gmt":"2026-04-15T00:49:24","slug":"tavuklar-papyon-takmaz","status":"publish","type":"product","link":"https:\/\/roveyayinevi.com.tr\/index.php\/urun\/tavuklar-papyon-takmaz\/","title":{"rendered":"Tavuklar Papyon Takmaz"},"content":{"rendered":"<p>B\u00dcY\u00dcK KIRMIZI B\u0130R PAPYON ARKASINDA KOCAMAN B\u0130R CESARET\u0130 SAKLIYOR OLAB\u0130L\u0130R M\u0130?   K\u00fc\u00e7\u00fck tavu\u011fun k\u0131rm\u0131z\u0131 bir papyonu var\u2026 Bir de di\u011fer tavuklardan biraz farkl\u0131 \u00e7\u0131kan komik bir sesi. Bu y\u00fczden di\u011fer tavuklar ona tuhaf tuhaf bakt\u0131 ve onu kendilerinden biri gibi g\u00f6rmediler. Ama bir g\u00fcn beklenmedik bir \u015fey oldu. K\u00fc\u00e7\u00fck tavuk, cesaretini toplad\u0131. Ve herkesin \u2018farkl\u0131\u2019 dedi\u011fi \u015feyin asl\u0131nda en b\u00fcy\u00fck g\u00fcc\u00fc oldu\u011funu g\u00f6sterdi.<\/p>\n","protected":false},"excerpt":{"rendered":"<p>B\u00dcY\u00dcK KIRMIZI B\u0130R PAPYON ARKASINDA KOCAMAN B\u0130R CESARET\u0130 SAKLIYOR OLAB\u0130L\u0130R M\u0130? K\u00fc\u00e7\u00fck tavu\u011fun k\u0131rm\u0131z\u0131 bir papyonu var\u2026 Bir de di\u011fer tavuklardan biraz farkl\u0131 \u00e7\u0131kan komik bir<span class=\"excerpt-hellip\"> [\u2026]<\/span><\/p>\n","protected":false},"featured_media":0,"template":"","meta":{"_monsterinsights_skip_tracking":false,"_monsterinsights_sitenote_active":false,"_monsterinsights_sitenote_note":"","_monsterinsights_sitenote_category":0},"product_brand":[],"product_cat":[12274,15842],"product_tag":[],"class_list":{"0":"post-785978","1":"product","2":"type-product","3":"status-publish","5":"product_cat-cocuk-ve-genclik-kitaplari","6":"product_cat-egitici-kitaplar","7":"pa_cilt-ciltsiz","8":"pa_tur-kitap","9":"pa_yayinevi-dikkat-atolyesi-yayinlari","10":"pa_yazar-canan-demir","12":"first","13":"instock","14":"sale","15":"shipping-taxable","16":"purchasable","17":"product-type-simple"},"_links":{"self":[{"href":"https:\/\/roveyayinevi.com.tr\/index.php\/wp-json\/wp\/v2\/product\/785978","targetHints":{"allow":["GET"]}}],"collection":[{"href":"https:\/\/roveyayinevi.com.tr\/index.php\/wp-json\/wp\/v2\/product"}],"about":[{"href":"https:\/\/roveyayinevi.com.tr\/index.php\/wp-json\/wp\/v2\/types\/product"}],"wp:attachment":[{"href":"https:\/\/roveyayinevi.com.tr\/index.php\/wp-json\/wp\/v2\/media?parent=785978"}],"wp:term":[{"taxonomy":"product_brand","embeddable":true,"href":"https:\/\/roveyayinevi.com.tr\/index.php\/wp-json\/wp\/v2\/product_brand?post=785978"},{"taxonomy":"product_cat","embeddable":true,"href":"https:\/\/roveyayinevi.com.tr\/index.php\/wp-json\/wp\/v2\/product_cat?post=785978"},{"taxonomy":"product_tag","embeddable":true,"href":"https:\/\/roveyayinevi.com.tr\/index.php\/wp-json\/wp\/v2\/product_tag?post=785978"}],"curies":[{"name":"wp","href":"https:\/\/api.w.org\/{rel}","templated":true}]}}