{"id":785977,"date":"2026-04-14T03:45:35","date_gmt":"2026-04-14T00:45:35","guid":{"rendered":"https:\/\/roveyayinevi.com.tr\/index.php\/urun\/spor-bilimlerinde-psikososyal-arastirmalar-3\/"},"modified":"2026-04-15T03:48:48","modified_gmt":"2026-04-15T00:48:48","slug":"spor-bilimlerinde-psikososyal-arastirmalar-3","status":"publish","type":"product","link":"https:\/\/roveyayinevi.com.tr\/index.php\/urun\/spor-bilimlerinde-psikososyal-arastirmalar-3\/","title":{"rendered":"Spor Bilimlerinde Psikososyal Ara\u015ft\u0131rmalar- 3"},"content":{"rendered":"<p>\u0130\u00e7indekiler :   \u00b7         D\u0130J\u0130TALLE\u015eEN SPOR D\u00dcNYASININ PS\u0130KOSOSYAL D\u00d6N\u00dc\u015e\u00dcM\u00dc   \u00b7         TEKNOLOJ\u0130N\u0130N SPOR VE PS\u0130KOSOSYAL KES\u0130\u015e\u0130M\u0130NE \u0130L\u0130\u015eK\u0130N B\u0130R SWOT ANAL\u0130Z\u0130   \u00b7         PS\u0130KOSOYAL GEL\u0130\u015e\u0130M\u0130N DESTEKLENMES\u0130NDE C\u0130MNAST\u0130\u011e\u0130N \u00d6NEM\u0130   \u00b7         PS\u0130KOLOJ\u0130K \u0130Y\u0130 OLU\u015e VE SPOR \u0130L\u0130\u015eK\u0130S\u0130: B\u0130BL\u0130YOMETR\u0130K ANAL\u0130Z   \u00b7         HEDON\u0130ZM VE SPOR \u00c7ALI\u015eMALARINDA K\u00dcRESEL YAYIN TRENDLER\u0130: 1970\u20132025   \u00b7         SPOR VE MINDFULNESS L\u0130TERAT\u00dcR\u00dcN\u00dcN EVR\u0130M\u0130   \u00b7         SPOR, PS\u0130KOLOJ\u0130 VE K\u00dcLT\u00dcR \u0130L\u0130\u015eK\u0130S\u0130   \u00b7         SPOR PS\u0130KOLOJ\u0130S\u0130NDE ARA\u015eTIRMA ALANLARI       \u00b7         SPORDA PS\u0130KOD\u0130YET\u0130N ROL\u00dc: YEME DAVRANI\u015eININ PERFORMANSA ETK\u0130S\u0130<\/p>\n","protected":false},"excerpt":{"rendered":"<p>\u0130\u00e7indekiler : \u00b7 D\u0130J\u0130TALLE\u015eEN SPOR D\u00dcNYASININ PS\u0130KOSOSYAL D\u00d6N\u00dc\u015e\u00dcM\u00dc \u00b7 TEKNOLOJ\u0130N\u0130N SPOR VE PS\u0130KOSOSYAL KES\u0130\u015e\u0130M\u0130NE \u0130L\u0130\u015eK\u0130N B\u0130R SWOT ANAL\u0130Z\u0130 \u00b7 PS\u0130KOSOYAL GEL\u0130\u015e\u0130M\u0130N DESTEKLENMES\u0130NDE C\u0130MNAST\u0130\u011e\u0130N \u00d6NEM\u0130 \u00b7 PS\u0130KOLOJ\u0130K<span class=\"excerpt-hellip\"> [\u2026]<\/span><\/p>\n","protected":false},"featured_media":0,"template":"","meta":{"_monsterinsights_skip_tracking":false,"_monsterinsights_sitenote_active":false,"_monsterinsights_sitenote_note":"","_monsterinsights_sitenote_category":0},"product_brand":[],"product_cat":[15563,15564],"product_tag":[],"class_list":{"0":"post-785977","1":"product","2":"type-product","3":"status-publish","5":"product_cat-hobi","6":"product_cat-spor","7":"pa_cilt-ciltsiz","8":"pa_tur-kitap","9":"pa_yayinevi-gazi-kitabevi","10":"pa_yazar-kolektif","12":"first","13":"instock","14":"sale","15":"shipping-taxable","16":"purchasable","17":"product-type-simple"},"_links":{"self":[{"href":"https:\/\/roveyayinevi.com.tr\/index.php\/wp-json\/wp\/v2\/product\/785977","targetHints":{"allow":["GET"]}}],"collection":[{"href":"https:\/\/roveyayinevi.com.tr\/index.php\/wp-json\/wp\/v2\/product"}],"about":[{"href":"https:\/\/roveyayinevi.com.tr\/index.php\/wp-json\/wp\/v2\/types\/product"}],"wp:attachment":[{"href":"https:\/\/roveyayinevi.com.tr\/index.php\/wp-json\/wp\/v2\/media?parent=785977"}],"wp:term":[{"taxonomy":"product_brand","embeddable":true,"href":"https:\/\/roveyayinevi.com.tr\/index.php\/wp-json\/wp\/v2\/product_brand?post=785977"},{"taxonomy":"product_cat","embeddable":true,"href":"https:\/\/roveyayinevi.com.tr\/index.php\/wp-json\/wp\/v2\/product_cat?post=785977"},{"taxonomy":"product_tag","embeddable":true,"href":"https:\/\/roveyayinevi.com.tr\/index.php\/wp-json\/wp\/v2\/product_tag?post=785977"}],"curies":[{"name":"wp","href":"https:\/\/api.w.org\/{rel}","templated":true}]}}