{"id":785976,"date":"2026-04-14T03:45:34","date_gmt":"2026-04-14T00:45:34","guid":{"rendered":"https:\/\/roveyayinevi.com.tr\/index.php\/urun\/antrenman-biliminde-kuramsal-ve-uygulamali-yaklasimlar\/"},"modified":"2026-04-15T03:48:48","modified_gmt":"2026-04-15T00:48:48","slug":"antrenman-biliminde-kuramsal-ve-uygulamali-yaklasimlar","status":"publish","type":"product","link":"https:\/\/roveyayinevi.com.tr\/index.php\/urun\/antrenman-biliminde-kuramsal-ve-uygulamali-yaklasimlar\/","title":{"rendered":"Antrenman Biliminde Kuramsal Ve Uygulamal\u0131 Yakla\u015f\u0131mlar"},"content":{"rendered":"<p>\u0130\u00e7indekiler :   ZAMANA BA\u011eLI Y\u00dcK DE\u011eERLEND\u0130RMES\u0130NDE K\u00dcRESEL KONUMLANDIRMA VE OPT\u0130K TABANLI HAREKET YAKALAMA S\u0130STEMLER\u0130N\u0130N KAR\u015eILA\u015eTIRILMASI   FUTBOLDA PERFORMANS TAK\u0130B\u0130: GPS VER\u0130LER\u0130 \u00dcZER\u0130NE B\u0130R \u00c7ALI\u015eMA   SPORDA OLGUNLUK YA\u015eI   TEN\u0130STE TAKT\u0130K: Modern Taktiksel Yakla\u015f\u0131mlar   EGZERS\u0130Z ve UYKU \u0130L\u0130\u015eK\u0130S\u0130   SPORT\u0130F PERFORMANS VE REHAB\u0130L\u0130TASYONDA \u0130ZOK\u0130NET\u0130K KUVVET   Y\u00dcKSEK YO\u011eUNLUKLU \u0130NTERVAL ANTRENMAN (HITT) VE KARD\u0130YO ANTRENMANLARININ YA\u011e YAKIMI A\u00c7ISINDAN \u0130NCELENMES\u0130   D\u0130REN\u00c7 ANTRENMANLARINDA KULLANILAN FARKLI SETLEME Y\u00d6NTEMLER\u0130N\u0130N H\u0130PERTROF\u0130 VE MAKS\u0130MAL KUVVET DE\u011e\u0130\u015e\u0130MLER\u0130 \u00dcZER\u0130NE ETK\u0130S\u0130N\u0130N \u0130NCELENMES\u0130     BREAKDANS PAR\u0130S OL\u0130MP\u0130YATLARINDA   PICKLEBALL SPORU: TEMEL B\u0130LG\u0130LER VE YARALANMA PROF\u0130L\u0130   \u00c7OCUKLUK D\u00d6NEM\u0130NDE MOTOR\u0130K \u00d6ZELL\u0130KLER\u0130N GEL\u0130\u015e\u0130M\u0130: S\u00dcRAT, KUVVET, KOORD\u0130NASYON, ESNEKL\u0130K VE DAYANIKLILI\u011eIN \u0130NCELENMES\u0130   F\u0130TNESS SPORUNDA TEMEL ANTRENMAN METOTLARI   ARALIKLI ORU\u00c7 T\u00dcRLER\u0130 ve SPORCULARDA UYGULANI\u015eI   HAREKET E\u011e\u0130T\u0130M\u0130N\u0130N ANTROPOMETR\u0130K \u00d6ZELL\u0130KLER VE MOTOR BECER\u0130 GEL\u0130\u015e\u0130M\u0130NE ETK\u0130LER\u0130   EGZERS\u0130Z SONRASI KAS GL\u0130KOJEN SENTEZ\u0130NDE EGZERS\u0130Z T\u0130P\u0130 VE \u015e\u0130DDET\u0130N\u0130N ETK\u0130S\u0130<\/p>\n","protected":false},"excerpt":{"rendered":"<p>\u0130\u00e7indekiler : ZAMANA BA\u011eLI Y\u00dcK DE\u011eERLEND\u0130RMES\u0130NDE K\u00dcRESEL KONUMLANDIRMA VE OPT\u0130K TABANLI HAREKET YAKALAMA S\u0130STEMLER\u0130N\u0130N KAR\u015eILA\u015eTIRILMASI FUTBOLDA PERFORMANS TAK\u0130B\u0130: GPS VER\u0130LER\u0130 \u00dcZER\u0130NE B\u0130R \u00c7ALI\u015eMA SPORDA OLGUNLUK YA\u015eI<span class=\"excerpt-hellip\"> [\u2026]<\/span><\/p>\n","protected":false},"featured_media":0,"template":"","meta":{"_monsterinsights_skip_tracking":false,"_monsterinsights_sitenote_active":false,"_monsterinsights_sitenote_note":"","_monsterinsights_sitenote_category":0},"product_brand":[],"product_cat":[15563,15564],"product_tag":[],"class_list":{"0":"post-785976","1":"product","2":"type-product","3":"status-publish","5":"product_cat-hobi","6":"product_cat-spor","7":"pa_cilt-ciltsiz","8":"pa_tur-kitap","9":"pa_yayinevi-gazi-kitabevi","10":"pa_yazar-kolektif","12":"first","13":"instock","14":"sale","15":"shipping-taxable","16":"purchasable","17":"product-type-simple"},"_links":{"self":[{"href":"https:\/\/roveyayinevi.com.tr\/index.php\/wp-json\/wp\/v2\/product\/785976","targetHints":{"allow":["GET"]}}],"collection":[{"href":"https:\/\/roveyayinevi.com.tr\/index.php\/wp-json\/wp\/v2\/product"}],"about":[{"href":"https:\/\/roveyayinevi.com.tr\/index.php\/wp-json\/wp\/v2\/types\/product"}],"wp:attachment":[{"href":"https:\/\/roveyayinevi.com.tr\/index.php\/wp-json\/wp\/v2\/media?parent=785976"}],"wp:term":[{"taxonomy":"product_brand","embeddable":true,"href":"https:\/\/roveyayinevi.com.tr\/index.php\/wp-json\/wp\/v2\/product_brand?post=785976"},{"taxonomy":"product_cat","embeddable":true,"href":"https:\/\/roveyayinevi.com.tr\/index.php\/wp-json\/wp\/v2\/product_cat?post=785976"},{"taxonomy":"product_tag","embeddable":true,"href":"https:\/\/roveyayinevi.com.tr\/index.php\/wp-json\/wp\/v2\/product_tag?post=785976"}],"curies":[{"name":"wp","href":"https:\/\/api.w.org\/{rel}","templated":true}]}}