{"id":785975,"date":"2026-04-14T03:45:27","date_gmt":"2026-04-14T00:45:27","guid":{"rendered":"https:\/\/roveyayinevi.com.tr\/index.php\/urun\/orgutsel-adalet-algisinin-is-tatminine-etkisinde-orgutsel-vatandasligin-aracilik-rolu-yardimci-yargi-personeli-ornegi\/"},"modified":"2026-04-15T03:48:42","modified_gmt":"2026-04-15T00:48:42","slug":"orgutsel-adalet-algisinin-is-tatminine-etkisinde-orgutsel-vatandasligin-aracilik-rolu-yardimci-yargi-personeli-ornegi","status":"publish","type":"product","link":"https:\/\/roveyayinevi.com.tr\/index.php\/urun\/orgutsel-adalet-algisinin-is-tatminine-etkisinde-orgutsel-vatandasligin-aracilik-rolu-yardimci-yargi-personeli-ornegi\/","title":{"rendered":"\u00d6rg\u00fctsel Adalet Alg\u0131s\u0131n\u0131n \u0130\u015f Tatminine Etkisinde \u00d6rg\u00fctsel Vatanda\u015fl\u0131\u011f\u0131n Arac\u0131l\u0131k Rol\u00fc: Yard\u0131mc\u0131 Yarg\u0131 Personeli \u00d6rne\u011fi"},"content":{"rendered":"<p>B\u0130R\u0130NC\u0130 B\u00d6L\u00dcM \u00d6RG\u00dcTSEL ADALET   \u0130K\u0130NC\u0130 B\u00d6L\u00dcM \u00d6RG\u00dcTSEL VATANDA\u015eLIK DAVRANI\u015eI   \u00dc\u00c7\u00dcNC\u00dc B\u00d6L\u00dcM \u0130\u015e TATM\u0130N\u0130   D\u00d6RD\u00dcNC\u00dc B\u00d6L\u00dcM ALAN ARA\u015eTIRMASI<\/p>\n","protected":false},"excerpt":{"rendered":"<p>B\u0130R\u0130NC\u0130 B\u00d6L\u00dcM \u00d6RG\u00dcTSEL ADALET \u0130K\u0130NC\u0130 B\u00d6L\u00dcM \u00d6RG\u00dcTSEL VATANDA\u015eLIK DAVRANI\u015eI \u00dc\u00c7\u00dcNC\u00dc B\u00d6L\u00dcM \u0130\u015e TATM\u0130N\u0130 D\u00d6RD\u00dcNC\u00dc B\u00d6L\u00dcM ALAN ARA\u015eTIRMASI<\/p>\n","protected":false},"featured_media":0,"template":"","meta":{"_monsterinsights_skip_tracking":false,"_monsterinsights_sitenote_active":false,"_monsterinsights_sitenote_note":"","_monsterinsights_sitenote_category":0},"product_brand":[],"product_cat":[13043,14381],"product_tag":[],"class_list":{"0":"post-785975","1":"product","2":"type-product","3":"status-publish","5":"product_cat-ekonomi","6":"product_cat-isletme-muhasebe-maliye","7":"pa_cilt-ciltsiz","8":"pa_tur-kitap","9":"pa_yayinevi-gazi-kitabevi","10":"pa_yazar-fatih-yildirim","11":"pa_yazar-rahmi-aslan","13":"first","14":"instock","15":"sale","16":"shipping-taxable","17":"purchasable","18":"product-type-simple"},"_links":{"self":[{"href":"https:\/\/roveyayinevi.com.tr\/index.php\/wp-json\/wp\/v2\/product\/785975","targetHints":{"allow":["GET"]}}],"collection":[{"href":"https:\/\/roveyayinevi.com.tr\/index.php\/wp-json\/wp\/v2\/product"}],"about":[{"href":"https:\/\/roveyayinevi.com.tr\/index.php\/wp-json\/wp\/v2\/types\/product"}],"wp:attachment":[{"href":"https:\/\/roveyayinevi.com.tr\/index.php\/wp-json\/wp\/v2\/media?parent=785975"}],"wp:term":[{"taxonomy":"product_brand","embeddable":true,"href":"https:\/\/roveyayinevi.com.tr\/index.php\/wp-json\/wp\/v2\/product_brand?post=785975"},{"taxonomy":"product_cat","embeddable":true,"href":"https:\/\/roveyayinevi.com.tr\/index.php\/wp-json\/wp\/v2\/product_cat?post=785975"},{"taxonomy":"product_tag","embeddable":true,"href":"https:\/\/roveyayinevi.com.tr\/index.php\/wp-json\/wp\/v2\/product_tag?post=785975"}],"curies":[{"name":"wp","href":"https:\/\/api.w.org\/{rel}","templated":true}]}}