{"id":785974,"date":"2026-04-14T03:39:54","date_gmt":"2026-04-14T00:39:54","guid":{"rendered":"https:\/\/roveyayinevi.com.tr\/index.php\/urun\/guncel-ekonometrik-yaklasimlar-zaman-serisi-analizleri-cercevesinde-teori-ve-uygulamalar\/"},"modified":"2026-04-15T03:42:39","modified_gmt":"2026-04-15T00:42:39","slug":"guncel-ekonometrik-yaklasimlar-zaman-serisi-analizleri-cercevesinde-teori-ve-uygulamalar","status":"publish","type":"product","link":"https:\/\/roveyayinevi.com.tr\/index.php\/urun\/guncel-ekonometrik-yaklasimlar-zaman-serisi-analizleri-cercevesinde-teori-ve-uygulamalar\/","title":{"rendered":"G\u00fcncel Ekonometrik Yakla\u015f\u0131mlar: Zaman Serisi Analizleri \u00c7er\u00e7evesinde Teori Ve Uygulamalar"},"content":{"rendered":"<p>\u0130\u00e7indekiler :     \u00b7         Ekolojik Ayak \u0130zi ve Alt Bile\u015fenlerine Ait \u015eoklar\u0131n Kal\u0131c\u0131l\u0131\u011f\u0131n\u0131n Farkl\u0131 Yap\u0131sal S\u00fcre\u00e7ler Alt\u0131nda \u0130ncelenmesi: MINT \u00dclkeleri \u00d6rne\u011fi   \u00b7         Kal\u0131nt\u0131larla Art\u0131r\u0131lm\u0131\u015f Birim K\u00f6k Testleri ve Bir Uygulama   \u00b7         \u0130klim De\u011fi\u015fikli\u011fiyle M\u00fccadelede T\u00fcrkiye\u2019nin Konumu: Kirlilik S\u0131\u011f\u0131na\u011f\u0131 Hipotezinin Fourier Yakla\u015f\u0131m\u0131yla Ampirik Analizi   \u00b7         Reel Kesim Sabit Sermaye Yat\u0131r\u0131m Harcamalar\u0131n\u0131n Yumu\u015fak Ge\u00e7i\u015fli Otoregresif Modeller ile Tahmini   \u00b7         T\u00fcrkiye\u2019de Kat\u0131l\u0131m Endeksi ve Volatilite: Finansal Risklerin Modellenmesi \u00dczerine Bir \u00c7al\u0131\u015fma   \u00b7         Zaman Serilerinde Anl\u0131k Tahmin (Nowcasting): Klasik Ekonometrik Y\u00f6ntemler ile LSTM Modelinin Kar\u015f\u0131la\u015ft\u0131rmal\u0131 Analizi       \u00b7         T\u00fcrkiye \u00c7evresel Kirlilik \u0130\u00e7in Bir Cennet Mi? Kantil ARDL Yakla\u015f\u0131m\u0131ndan Kan\u0131tlar   \u00b7         Borsa \u0130stanbul 100 Endeksi ile S&amp;P 500 Endeksi Aras\u0131ndaki Dinamik \u0130li\u015fkinin \u0130ncelenmesi   \u00b7         Thirlwall Yasas\u0131 \u00c7er\u00e7evesinde T\u00fcrkiye Ekonomisinin B\u00fcy\u00fcme Dinamikleri   \u00b7         Reel \u00dccretlerin Toplam \u0130stihdam \u00dczerindeki Zamanla De\u011fi\u015fen Etkileri: Balt\u0131k \u00dclkeleri \u0130\u00e7in Kayan Pencere Regresyonu Bulgular\u0131 <\/p>\n","protected":false},"excerpt":{"rendered":"<p>\u0130\u00e7indekiler : \u00b7 Ekolojik Ayak \u0130zi ve Alt Bile\u015fenlerine Ait \u015eoklar\u0131n Kal\u0131c\u0131l\u0131\u011f\u0131n\u0131n Farkl\u0131 Yap\u0131sal S\u00fcre\u00e7ler Alt\u0131nda \u0130ncelenmesi: MINT \u00dclkeleri \u00d6rne\u011fi \u00b7 Kal\u0131nt\u0131larla Art\u0131r\u0131lm\u0131\u015f Birim K\u00f6k Testleri<span class=\"excerpt-hellip\"> [\u2026]<\/span><\/p>\n","protected":false},"featured_media":0,"template":"","meta":{"_monsterinsights_skip_tracking":false,"_monsterinsights_sitenote_active":false,"_monsterinsights_sitenote_note":"","_monsterinsights_sitenote_category":0},"product_brand":[],"product_cat":[13043],"product_tag":[],"class_list":{"0":"post-785974","1":"product","2":"type-product","3":"status-publish","5":"product_cat-ekonomi","6":"pa_cilt-ciltsiz","7":"pa_tur-kitap","8":"pa_yayinevi-gazi-kitabevi","9":"pa_yazar-kolektif","11":"first","12":"instock","13":"sale","14":"shipping-taxable","15":"purchasable","16":"product-type-simple"},"_links":{"self":[{"href":"https:\/\/roveyayinevi.com.tr\/index.php\/wp-json\/wp\/v2\/product\/785974","targetHints":{"allow":["GET"]}}],"collection":[{"href":"https:\/\/roveyayinevi.com.tr\/index.php\/wp-json\/wp\/v2\/product"}],"about":[{"href":"https:\/\/roveyayinevi.com.tr\/index.php\/wp-json\/wp\/v2\/types\/product"}],"wp:attachment":[{"href":"https:\/\/roveyayinevi.com.tr\/index.php\/wp-json\/wp\/v2\/media?parent=785974"}],"wp:term":[{"taxonomy":"product_brand","embeddable":true,"href":"https:\/\/roveyayinevi.com.tr\/index.php\/wp-json\/wp\/v2\/product_brand?post=785974"},{"taxonomy":"product_cat","embeddable":true,"href":"https:\/\/roveyayinevi.com.tr\/index.php\/wp-json\/wp\/v2\/product_cat?post=785974"},{"taxonomy":"product_tag","embeddable":true,"href":"https:\/\/roveyayinevi.com.tr\/index.php\/wp-json\/wp\/v2\/product_tag?post=785974"}],"curies":[{"name":"wp","href":"https:\/\/api.w.org\/{rel}","templated":true}]}}