{"id":785969,"date":"2026-04-12T03:39:09","date_gmt":"2026-04-12T00:39:09","guid":{"rendered":"https:\/\/roveyayinevi.com.tr\/index.php\/urun\/buyuk-firar\/"},"modified":"2026-04-15T03:50:11","modified_gmt":"2026-04-15T00:50:11","slug":"buyuk-firar","status":"publish","type":"product","link":"https:\/\/roveyayinevi.com.tr\/index.php\/urun\/buyuk-firar\/","title":{"rendered":"B\u00fcy\u00fck Firar"},"content":{"rendered":"<p>\u201c\u00d6zg\u00fcrl\u00fc\u011f\u00fcn k\u0131y\u0131s\u0131nday\u0131z,\u201d dedi Lekstrong. \u201cBavullar\u0131 haz\u0131rlama vakti geldi!\u201d   \u00c7ocukluk arkada\u015flar\u0131 Lekstrong ve H\u00fcmpes, hayatlar\u0131n\u0131n geri kalan k\u0131sm\u0131n\u0131 b\u00fcy\u00fcd\u00fckleri Parlak Ejder Sirki\u2019nde s\u00fcrd\u00fcrmek istemiyor! Sahne \u0131\u015f\u0131klar\u0131 alt\u0131nda yapt\u0131klar\u0131 g\u00f6sterilerle seyircileri g\u00fcld\u00fcrmek ve alk\u0131\u015flanmak onlar\u0131 art\u0131k eskisi gibi mutlu etmiyor. \u0130kili, \u00e7ocukluk hayallerini ger\u00e7ekle\u015ftirmek i\u00e7in sirkten ayr\u0131lmaya karar verir. Oysa Bay Patron sirkin en iyi akrobat ve palya\u00e7osunu b\u0131rakmaya hi\u00e7 de niyetli de\u011fildir. Planlar kurulur, gizliden gizliye haz\u0131rl\u0131klar ba\u015flar. B\u00fcy\u00fck firar g\u00fcn\u00fc gelip \u00e7att\u0131\u011f\u0131nda H\u00fcmpes ve Lekstrong, Bay Patron ve adamlar\u0131n\u0131 atlat\u0131p \u00f6zg\u00fcrl\u00fcklerine kavu\u015fabilecek midir?   Yaratt\u0131\u011f\u0131 s\u0131rad\u0131\u015f\u0131 kahramanlarla sevilen yazar M. Banu Aksoy bu kitab\u0131nda zamanla erteledi\u011fimiz hayallerin pe\u015finden gidebilme cesaretini hat\u0131rlat\u0131rken, Ezgi Kele\u015f\u2019in resimleriyle renklenen \u00f6yk\u00fcde, macera bir an olsun h\u0131z kesmiyor.<\/p>\n","protected":false},"excerpt":{"rendered":"<p>\u201c\u00d6zg\u00fcrl\u00fc\u011f\u00fcn k\u0131y\u0131s\u0131nday\u0131z,\u201d dedi Lekstrong. \u201cBavullar\u0131 haz\u0131rlama vakti geldi!\u201d \u00c7ocukluk arkada\u015flar\u0131 Lekstrong ve H\u00fcmpes, hayatlar\u0131n\u0131n geri kalan k\u0131sm\u0131n\u0131 b\u00fcy\u00fcd\u00fckleri Parlak Ejder Sirki\u2019nde s\u00fcrd\u00fcrmek istemiyor! Sahne \u0131\u015f\u0131klar\u0131 alt\u0131nda<span class=\"excerpt-hellip\"> [\u2026]<\/span><\/p>\n","protected":false},"featured_media":0,"template":"","meta":{"_monsterinsights_skip_tracking":false,"_monsterinsights_sitenote_active":false,"_monsterinsights_sitenote_note":"","_monsterinsights_sitenote_category":0},"product_brand":[],"product_cat":[12274,12284],"product_tag":[],"class_list":{"0":"post-785969","1":"product","2":"type-product","3":"status-publish","5":"product_cat-cocuk-ve-genclik-kitaplari","6":"product_cat-hikayeler","7":"pa_cilt-ciltsiz","8":"pa_tur-kitap","9":"pa_yayinevi-can-cocuk-yayinlari","10":"pa_yazar-m-banu-aksoy","12":"first","13":"instock","14":"sale","15":"shipping-taxable","16":"purchasable","17":"product-type-simple"},"_links":{"self":[{"href":"https:\/\/roveyayinevi.com.tr\/index.php\/wp-json\/wp\/v2\/product\/785969","targetHints":{"allow":["GET"]}}],"collection":[{"href":"https:\/\/roveyayinevi.com.tr\/index.php\/wp-json\/wp\/v2\/product"}],"about":[{"href":"https:\/\/roveyayinevi.com.tr\/index.php\/wp-json\/wp\/v2\/types\/product"}],"wp:attachment":[{"href":"https:\/\/roveyayinevi.com.tr\/index.php\/wp-json\/wp\/v2\/media?parent=785969"}],"wp:term":[{"taxonomy":"product_brand","embeddable":true,"href":"https:\/\/roveyayinevi.com.tr\/index.php\/wp-json\/wp\/v2\/product_brand?post=785969"},{"taxonomy":"product_cat","embeddable":true,"href":"https:\/\/roveyayinevi.com.tr\/index.php\/wp-json\/wp\/v2\/product_cat?post=785969"},{"taxonomy":"product_tag","embeddable":true,"href":"https:\/\/roveyayinevi.com.tr\/index.php\/wp-json\/wp\/v2\/product_tag?post=785969"}],"curies":[{"name":"wp","href":"https:\/\/api.w.org\/{rel}","templated":true}]}}