{"id":785968,"date":"2026-04-12T03:39:06","date_gmt":"2026-04-12T00:39:06","guid":{"rendered":"https:\/\/roveyayinevi.com.tr\/index.php\/urun\/kirmizi-baslikli-kiz-neyi-goremedi\/"},"modified":"2026-04-15T03:49:52","modified_gmt":"2026-04-15T00:49:52","slug":"kirmizi-baslikli-kiz-neyi-goremedi","status":"publish","type":"product","link":"https:\/\/roveyayinevi.com.tr\/index.php\/urun\/kirmizi-baslikli-kiz-neyi-goremedi\/","title":{"rendered":"K\u0131rm\u0131z\u0131 Ba\u015fl\u0131kl\u0131 K\u0131z Neyi G\u00f6remedi?"},"content":{"rendered":"<p>&#8220;B\u00fcy\u00fckanne, bu ne kadar da tuhaf bir kitap!&#8221;   Kurt, ormandaki hayvanlar\u0131n ve b\u00fcy\u00fckannenin o g\u00fcn ormanda olanlarla ilgili sa\u00e7ma hik\u00e2yelerini i\u015fittikten sonra b\u00f6yle hisseder i\u015fte&#8230;   Peki ama kurt ger\u00e7ekten de hilek\u00e2r ve ac\u0131mas\u0131z bir hayvan m\u0131d\u0131r?   Mar Ferrero, &#8220;K\u0131rm\u0131z\u0131 Ba\u015fl\u0131kl\u0131 K\u0131z Neyi G\u00f6remedi?&#8221;de gelmi\u015f ge\u00e7mi\u015f en sevilen masallar\u0131ndan birine yepyeni ve e\u011flenceli bir yorum getiriyor.<\/p>\n","protected":false},"excerpt":{"rendered":"<p>&#8220;B\u00fcy\u00fckanne, bu ne kadar da tuhaf bir kitap!&#8221; Kurt, ormandaki hayvanlar\u0131n ve b\u00fcy\u00fckannenin o g\u00fcn ormanda olanlarla ilgili sa\u00e7ma hik\u00e2yelerini i\u015fittikten sonra b\u00f6yle hisseder i\u015fte&#8230; Peki<span class=\"excerpt-hellip\"> [\u2026]<\/span><\/p>\n","protected":false},"featured_media":0,"template":"","meta":{"_monsterinsights_skip_tracking":false,"_monsterinsights_sitenote_active":false,"_monsterinsights_sitenote_note":"","_monsterinsights_sitenote_category":0},"product_brand":[],"product_cat":[141304],"product_tag":[],"class_list":{"0":"post-785968","1":"product","2":"type-product","3":"status-publish","5":"product_cat-yeni-cikanlar","6":"pa_cilt-ciltsiz","7":"pa_tur-kitap","8":"pa_yayinevi-can-cocuk-yayinlari","9":"pa_yazar-mar-ferrero","11":"first","12":"instock","13":"sale","14":"shipping-taxable","15":"purchasable","16":"product-type-simple"},"_links":{"self":[{"href":"https:\/\/roveyayinevi.com.tr\/index.php\/wp-json\/wp\/v2\/product\/785968","targetHints":{"allow":["GET"]}}],"collection":[{"href":"https:\/\/roveyayinevi.com.tr\/index.php\/wp-json\/wp\/v2\/product"}],"about":[{"href":"https:\/\/roveyayinevi.com.tr\/index.php\/wp-json\/wp\/v2\/types\/product"}],"wp:attachment":[{"href":"https:\/\/roveyayinevi.com.tr\/index.php\/wp-json\/wp\/v2\/media?parent=785968"}],"wp:term":[{"taxonomy":"product_brand","embeddable":true,"href":"https:\/\/roveyayinevi.com.tr\/index.php\/wp-json\/wp\/v2\/product_brand?post=785968"},{"taxonomy":"product_cat","embeddable":true,"href":"https:\/\/roveyayinevi.com.tr\/index.php\/wp-json\/wp\/v2\/product_cat?post=785968"},{"taxonomy":"product_tag","embeddable":true,"href":"https:\/\/roveyayinevi.com.tr\/index.php\/wp-json\/wp\/v2\/product_tag?post=785968"}],"curies":[{"name":"wp","href":"https:\/\/api.w.org\/{rel}","templated":true}]}}