{"id":785967,"date":"2026-04-12T03:39:04","date_gmt":"2026-04-12T00:39:04","guid":{"rendered":"https:\/\/roveyayinevi.com.tr\/index.php\/urun\/iyilestiren-kitap\/"},"modified":"2026-04-15T03:49:52","modified_gmt":"2026-04-15T00:49:52","slug":"iyilestiren-kitap","status":"publish","type":"product","link":"https:\/\/roveyayinevi.com.tr\/index.php\/urun\/iyilestiren-kitap\/","title":{"rendered":"\u0130yile\u015ftiren Kitap"},"content":{"rendered":"<p>Baz\u0131 g\u00fcnler her \u015fey yolunda gider, ama bazen pe\u015f pe\u015fe k\u00fc\u00e7\u00fck aksilikler ya\u015fan\u0131r. \u0130\u015fte o zaman, k\u00f6t\u00fcmser bir ruh hali i\u00e7imize yerle\u015fir ve hayattaki g\u00fczel anlar\u0131n tad\u0131n\u0131 \u00e7\u0131karmam\u0131za engel olur. Neyse ki annenin bir s\u0131rr\u0131 var: Kitaplar s\u00fcper g\u00fc\u00e7lere sahiptir\u2026   Peki ama iyile\u015ftiren bir kitap her \u015feyi de\u011fi\u015ftirebilir mi?<\/p>\n","protected":false},"excerpt":{"rendered":"<p>Baz\u0131 g\u00fcnler her \u015fey yolunda gider, ama bazen pe\u015f pe\u015fe k\u00fc\u00e7\u00fck aksilikler ya\u015fan\u0131r. \u0130\u015fte o zaman, k\u00f6t\u00fcmser bir ruh hali i\u00e7imize yerle\u015fir ve hayattaki g\u00fczel anlar\u0131n<span class=\"excerpt-hellip\"> [\u2026]<\/span><\/p>\n","protected":false},"featured_media":0,"template":"","meta":{"_monsterinsights_skip_tracking":false,"_monsterinsights_sitenote_active":false,"_monsterinsights_sitenote_note":"","_monsterinsights_sitenote_category":0},"product_brand":[],"product_cat":[141304],"product_tag":[],"class_list":{"0":"post-785967","1":"product","2":"type-product","3":"status-publish","5":"product_cat-yeni-cikanlar","6":"pa_cilt-ciltsiz","7":"pa_tur-kitap","8":"pa_yayinevi-can-cocuk-yayinlari","9":"pa_yazar-amelie-javaux","11":"first","12":"instock","13":"sale","14":"shipping-taxable","15":"purchasable","16":"product-type-simple"},"_links":{"self":[{"href":"https:\/\/roveyayinevi.com.tr\/index.php\/wp-json\/wp\/v2\/product\/785967","targetHints":{"allow":["GET"]}}],"collection":[{"href":"https:\/\/roveyayinevi.com.tr\/index.php\/wp-json\/wp\/v2\/product"}],"about":[{"href":"https:\/\/roveyayinevi.com.tr\/index.php\/wp-json\/wp\/v2\/types\/product"}],"wp:attachment":[{"href":"https:\/\/roveyayinevi.com.tr\/index.php\/wp-json\/wp\/v2\/media?parent=785967"}],"wp:term":[{"taxonomy":"product_brand","embeddable":true,"href":"https:\/\/roveyayinevi.com.tr\/index.php\/wp-json\/wp\/v2\/product_brand?post=785967"},{"taxonomy":"product_cat","embeddable":true,"href":"https:\/\/roveyayinevi.com.tr\/index.php\/wp-json\/wp\/v2\/product_cat?post=785967"},{"taxonomy":"product_tag","embeddable":true,"href":"https:\/\/roveyayinevi.com.tr\/index.php\/wp-json\/wp\/v2\/product_tag?post=785967"}],"curies":[{"name":"wp","href":"https:\/\/api.w.org\/{rel}","templated":true}]}}